{"id":8087,"date":"2017-04-11T10:35:56","date_gmt":"2017-04-11T10:35:56","guid":{"rendered":"http:\/\/maison.edge-themes.com\/?page_id=8087"},"modified":"2025-05-27T07:01:28","modified_gmt":"2025-05-27T07:01:28","slug":"otayhteytta","status":"publish","type":"page","link":"https:\/\/uusi.presson.fi\/index.php\/otayhteytta\/","title":{"rendered":"Yhteystiedot"},"content":{"rendered":"<section class=\"wpb-content-wrapper\"><p>[vc_row row_content_width=&#8221;grid&#8221; content_text_aligment=&#8221;center&#8221; css=&#8221;.vc_custom_1706269261343{padding-top: 40px !important;padding-bottom: 40px !important;}&#8221;][vc_column]<div class=\"edgtf-elements-holder edgtf-one-column edgtf-responsive-mode-768 edgtf-one-column-alignment-center\" ><div class=\"edgtf-eh-item edgtf-horizontal-alignment-center\"  data-item-class=\"edgtf-eh-custom-455067\" data-1280-1600=\"0 25%\" data-1024-1280=\"0 20%\" data-768-1024=\"0 4%\" data-600-768=\"0 4%\" data-480-600=\"0 1%\" data-480=\"0 9%\">\n\t<div class=\"edgtf-eh-item-inner\">\n\t\t<div class=\"edgtf-eh-item-content edgtf-eh-custom-455067\" >\n\t\t\t<div class=\"edgtf-section-title-holder edgtf-st-standard edgtf-st-title-left edgtf-st-normal-space \" style=\"text-align: center\">\n\t<div class=\"edgtf-st-inner\">\n\t\t\t\t\t<h5 class=\"edgtf-st-title\" >\n\t\t\t\tPRESSON OY\t\t\t<\/h5>\n\t\t\t\t\t\t\t<p class=\"edgtf-st-text\" style=\"font-size: 16px;line-height: 30px;font-weight: 300;margin-top: 20px\">\n\t\t\t\tPalvelee valtakunnallisesti\t\t\t<\/p>\n\t\t\t<\/div>\n<\/div>\t\t<\/div>\n\t<\/div>\n<\/div><\/div>[\/vc_column][\/vc_row][vc_row css=&#8221;.vc_custom_1695728915461{padding-bottom: 40px !important;}&#8221;][vc_column width=&#8221;1\/5&#8243;][\/vc_column][vc_column width=&#8221;1\/5&#8243;]<div class=\"edgtf-elements-holder edgtf-one-column edgtf-responsive-mode-768 edgtf-one-column-alignment-center\" ><div class=\"edgtf-eh-item edgtf-horizontal-alignment-center\"  data-item-class=\"edgtf-eh-custom-178879\" data-768-1024=\"0 8% 0 0\" data-600-768=\"0 60% 0 0\" data-480=\"0 31% 0 16%\">\n\t<div class=\"edgtf-eh-item-inner\">\n\t\t<div class=\"edgtf-eh-item-content edgtf-eh-custom-178879\" >\n\t\t\t<div class=\"edgtf-iwt clearfix edgtf-iwt-icon-top edgtf-iwt-icon-medium edgtf-iwt-center-align edgtf-iwt-vertical-middle\">\n\t<div class=\"edgtf-iwt-icon\">\n\t\t\t\t\t\t\t\t\t    <span class=\"edgtf-icon-shortcode edgtf-normal edgtf-icon-medium\"  >\n                    <i class=\"edgtf-icon-font-awesome fa fa-map-signs edgtf-icon-element\" style=\"\" ><\/i>            <\/span>\n\t\t\t\t\t\t<\/div>\n\t<div class=\"edgtf-iwt-content\" style=\"padding-top: 24px\">\n\t\t\t\t\t<h6 class=\"edgtf-iwt-title\" >\n\t\t\t\t\t\t\t\t<span class=\"edgtf-iwt-title-text\">Osoite<\/span>\n\t\t\t\t\t\t\t<\/h6>\n\t\t\t\t\t\t\t<p class=\"edgtf-iwt-text\" style=\"font-size: 14px\">Juvantie 4, 02920 Espoo<\/p>\n\t\t\t<\/div>\n<\/div>\t\t<\/div>\n\t<\/div>\n<\/div><\/div>[\/vc_column][vc_column width=&#8221;1\/5&#8243;]<div class=\"edgtf-elements-holder edgtf-one-column edgtf-responsive-mode-768 edgtf-one-column-alignment-center\" ><div class=\"edgtf-eh-item edgtf-horizontal-alignment-center\"  data-item-class=\"edgtf-eh-custom-597281\" data-768-1024=\"0 8% 0 0\" data-600-768=\"0 60% 0 0\" data-480=\"0 31% 0 16%\">\n\t<div class=\"edgtf-eh-item-inner\">\n\t\t<div class=\"edgtf-eh-item-content edgtf-eh-custom-597281\" >\n\t\t\t<div class=\"edgtf-iwt clearfix edgtf-iwt-icon-top edgtf-iwt-icon-medium edgtf-iwt-center-align edgtf-iwt-vertical-middle\">\n\t<div class=\"edgtf-iwt-icon\">\n\t\t\t\t\t\t\t\t\t    <span class=\"edgtf-icon-shortcode edgtf-normal edgtf-icon-medium\"  >\n                    <i class=\"edgtf-icon-font-awesome fa fa-envelope-square edgtf-icon-element\" style=\"\" ><\/i>            <\/span>\n\t\t\t\t\t\t<\/div>\n\t<div class=\"edgtf-iwt-content\" style=\"padding-top: 24px\">\n\t\t\t\t\t<h6 class=\"edgtf-iwt-title\" >\n\t\t\t\t\t\t\t\t<span class=\"edgtf-iwt-title-text\">S\u00e4hk\u00f6posti<\/span>\n\t\t\t\t\t\t\t<\/h6>\n\t\t\t\t\t\t\t<p class=\"edgtf-iwt-text\" style=\"font-size: 14px\">myynti@presson.fi<\/p>\n\t\t\t<\/div>\n<\/div>\t\t<\/div>\n\t<\/div>\n<\/div><\/div>[\/vc_column][vc_column width=&#8221;1\/5&#8243;]<div class=\"edgtf-elements-holder edgtf-one-column edgtf-responsive-mode-768 edgtf-one-column-alignment-center\" ><div class=\"edgtf-eh-item edgtf-horizontal-alignment-center\"  data-item-class=\"edgtf-eh-custom-893131\" data-768-1024=\"0 8% 0 0\" data-600-768=\"0 60% 0 0\" data-480=\"0 31% 0 16%\">\n\t<div class=\"edgtf-eh-item-inner\">\n\t\t<div class=\"edgtf-eh-item-content edgtf-eh-custom-893131\" >\n\t\t\t<div class=\"edgtf-iwt clearfix edgtf-iwt-icon-top edgtf-iwt-icon-medium edgtf-iwt-center-align edgtf-iwt-vertical-middle\">\n\t<div class=\"edgtf-iwt-icon\">\n\t\t\t\t\t\t\t\t\t    <span class=\"edgtf-icon-shortcode edgtf-normal edgtf-icon-medium\"  >\n                    <i class=\"edgtf-icon-font-awesome fa fa-mobile edgtf-icon-element\" style=\"\" ><\/i>            <\/span>\n\t\t\t\t\t\t<\/div>\n\t<div class=\"edgtf-iwt-content\" style=\"padding-top: 24px\">\n\t\t\t\t\t<h6 class=\"edgtf-iwt-title\" >\n\t\t\t\t\t\t\t\t<span class=\"edgtf-iwt-title-text\">Asiakaspalvelu<\/span>\n\t\t\t\t\t\t\t<\/h6>\n\t\t\t\t\t\t\t<p class=\"edgtf-iwt-text\" style=\"font-size: 14px\">029 1707 606<\/p>\n\t\t\t<\/div>\n<\/div>\t\t<\/div>\n\t<\/div>\n<\/div><\/div>[\/vc_column][vc_column width=&#8221;1\/5&#8243;][\/vc_column][\/vc_row][vc_row css=&#8221;.vc_custom_1706269271580{padding-bottom: 40px !important;}&#8221;][vc_column width=&#8221;1\/5&#8243;][\/vc_column][vc_column width=&#8221;1\/5&#8243;]<div class=\"edgtf-elements-holder edgtf-one-column edgtf-responsive-mode-768 edgtf-one-column-alignment-center\" ><div class=\"edgtf-eh-item edgtf-horizontal-alignment-center\"  data-item-class=\"edgtf-eh-custom-725060\" data-768-1024=\"0 8% 0 0\" data-600-768=\"0 60% 0 0\" data-480=\"0 31% 0 16%\">\n\t<div class=\"edgtf-eh-item-inner\">\n\t\t<div class=\"edgtf-eh-item-content edgtf-eh-custom-725060\" >\n\t\t\t<div class=\"edgtf-iwt clearfix edgtf-iwt-icon-top edgtf-iwt-icon-medium edgtf-iwt-center-align edgtf-iwt-vertical-middle\">\n\t<div class=\"edgtf-iwt-icon\">\n\t\t\t\t\t\t\t\t\t    <span class=\"edgtf-icon-shortcode edgtf-normal edgtf-icon-medium\"  >\n                    <i class=\"edgtf-icon-font-awesome fa fa-calendar edgtf-icon-element\" style=\"\" ><\/i>            <\/span>\n\t\t\t\t\t\t<\/div>\n\t<div class=\"edgtf-iwt-content\" style=\"padding-top: 24px\">\n\t\t\t\t\t<h6 class=\"edgtf-iwt-title\" >\n\t\t\t\t\t\t\t\t<span class=\"edgtf-iwt-title-text\">Tavoitettavissa<\/span>\n\t\t\t\t\t\t\t<\/h6>\n\t\t\t\t\t\t\t<p class=\"edgtf-iwt-text\" style=\"font-size: 14px\">Arkisin klo 8.00-16.00<\/p>\n\t\t\t<\/div>\n<\/div>\t\t<\/div>\n\t<\/div>\n<\/div><\/div>[\/vc_column][vc_column width=&#8221;1\/5&#8243;]<div class=\"edgtf-elements-holder edgtf-one-column edgtf-responsive-mode-768 edgtf-one-column-alignment-center\" ><div class=\"edgtf-eh-item edgtf-horizontal-alignment-center\"  data-item-class=\"edgtf-eh-custom-733455\" data-768-1024=\"0 8% 0 0\" data-600-768=\"0 60% 0 0\" data-480=\"0 31% 0 16%\">\n\t<div class=\"edgtf-eh-item-inner\">\n\t\t<div class=\"edgtf-eh-item-content edgtf-eh-custom-733455\" >\n\t\t\t<div class=\"edgtf-iwt clearfix edgtf-iwt-icon-top edgtf-iwt-icon-medium edgtf-iwt-center-align edgtf-iwt-vertical-middle\">\n\t<div class=\"edgtf-iwt-icon\">\n\t\t\t\t\t\t\t\t\t    <span class=\"edgtf-icon-shortcode edgtf-normal edgtf-icon-medium\"  >\n                    <i class=\"edgtf-icon-font-awesome fa fa-diamond edgtf-icon-element\" style=\"\" ><\/i>            <\/span>\n\t\t\t\t\t\t<\/div>\n\t<div class=\"edgtf-iwt-content\" style=\"padding-top: 24px\">\n\t\t\t\t\t<h6 class=\"edgtf-iwt-title\" >\n\t\t\t\t\t\t\t\t<span class=\"edgtf-iwt-title-text\">Showroom<\/span>\n\t\t\t\t\t\t\t<\/h6>\n\t\t\t\t\t\t\t<p class=\"edgtf-iwt-text\" style=\"font-size: 14px\">Avoinna sopimuksen mukaan<\/p>\n\t\t\t<\/div>\n<\/div>\t\t<\/div>\n\t<\/div>\n<\/div><\/div>[\/vc_column][vc_column width=&#8221;1\/5&#8243;]<div class=\"edgtf-elements-holder edgtf-one-column edgtf-responsive-mode-768 edgtf-one-column-alignment-center\" ><div class=\"edgtf-eh-item edgtf-horizontal-alignment-center\"  data-item-class=\"edgtf-eh-custom-520865\" data-768-1024=\"0 8% 0 0\" data-600-768=\"0 60% 0 0\" data-480=\"0 31% 0 16%\">\n\t<div class=\"edgtf-eh-item-inner\">\n\t\t<div class=\"edgtf-eh-item-content edgtf-eh-custom-520865\" >\n\t\t\t<div class=\"edgtf-iwt clearfix edgtf-iwt-icon-top edgtf-iwt-icon-medium edgtf-iwt-center-align edgtf-iwt-vertical-middle\">\n\t<div class=\"edgtf-iwt-icon\">\n\t\t\t\t\t\t\t\t\t    <span class=\"edgtf-icon-shortcode edgtf-normal edgtf-icon-medium\"  >\n                    <i class=\"edgtf-icon-font-awesome fa fa-cube edgtf-icon-element\" style=\"\" ><\/i>            <\/span>\n\t\t\t\t\t\t<\/div>\n\t<div class=\"edgtf-iwt-content\" style=\"padding-top: 24px\">\n\t\t\t\t\t<h6 class=\"edgtf-iwt-title\" >\n\t\t\t\t\t\t\t\t<span class=\"edgtf-iwt-title-text\">Varasto<\/span>\n\t\t\t\t\t\t\t<\/h6>\n\t\t\t\t\t\t\t<p class=\"edgtf-iwt-text\" style=\"font-size: 14px\">029 1707 629<\/p>\n\t\t\t<\/div>\n<\/div>\t\t<\/div>\n\t<\/div>\n<\/div><\/div>[\/vc_column][vc_column width=&#8221;1\/5&#8243;][\/vc_column][\/vc_row][vc_row css=&#8221;.vc_custom_1706269330343{padding-top: 40px !important;padding-bottom: 40px !important;}&#8221; simple_background_color=&#8221;#f5f5f5&#8243;][vc_column width=&#8221;1\/6&#8243;][\/vc_column][vc_column width=&#8221;1\/6&#8243;][\/vc_column][vc_column width=&#8221;1\/6&#8243;][vc_column_text]<\/p>\n<h5 style=\"text-align: center;\">HANNU ILJANTO<\/h5>\n<p>[\/vc_column_text][vc_column_text]<\/p>\n<p style=\"text-align: center;\">Toimitusjohtaja<\/p>\n<p style=\"text-align: center;\">hannu.iljanto@presson.fi<\/p>\n<p style=\"text-align: center;\">050 4077 434<\/p>\n<p>[\/vc_column_text][\/vc_column][vc_column width=&#8221;1\/6&#8243;][vc_column_text]<\/p>\n<h5 style=\"text-align: center;\">RAMI RUOTSALA<\/h5>\n<p>[\/vc_column_text][vc_column_text]<\/p>\n<p style=\"text-align: center;\">Myynti, suunnittelu<\/p>\n<p style=\"text-align: center;\">rami.ruotsala@presson.fi<\/p>\n<p style=\"text-align: center;\">050 5856 956<\/p>\n<p>[\/vc_column_text][\/vc_column][vc_column width=&#8221;1\/6&#8243;][\/vc_column][vc_column width=&#8221;1\/6&#8243;][\/vc_column][\/vc_row][vc_row css=&#8221;.vc_custom_1748328978884{padding-top: 40px !important;padding-bottom: 40px !important;}&#8221; simple_background_color=&#8221;#e8e8e8&#8243;][vc_column width=&#8221;1\/5&#8243;][\/vc_column][vc_column width=&#8221;1\/5&#8243;][vc_column_text]<\/p>\n<h5 style=\"text-align: center;\">PETRI WALLIN<\/h5>\n<p>[\/vc_column_text][vc_column_text]<\/p>\n<p style=\"text-align: center;\">Myynti<\/p>\n<p style=\"text-align: center;\">petri.wallin@presson.fi<\/p>\n<p style=\"text-align: center;\">040 071 6861<\/p>\n<p>[\/vc_column_text][\/vc_column][vc_column width=&#8221;1\/5&#8243;][vc_column_text]<\/p>\n<h5 style=\"text-align: center;\">PIRITA R\u00c4M\u00d6<\/h5>\n<p>[\/vc_column_text][vc_column_text]<\/p>\n<p style=\"text-align: center;\">Myynti<\/p>\n<p style=\"text-align: center;\">pirita.ramo@presson.fi<\/p>\n<p style=\"text-align: center;\">044 203 7606<\/p>\n<p>[\/vc_column_text][\/vc_column][vc_column width=&#8221;1\/5&#8243;][vc_column_text]<\/p>\n<h5 style=\"text-align: center;\">LOTTA KOSUNEN<\/h5>\n<p>[\/vc_column_text][vc_column_text]<\/p>\n<p style=\"text-align: center;\">Koordinaattori, myynti ja ostot<\/p>\n<p style=\"text-align: center;\">lotta.kosunen@presson.fi<\/p>\n<p style=\"text-align: center;\">044 7468 400<\/p>\n<p>[\/vc_column_text][\/vc_column][vc_column width=&#8221;1\/5&#8243;][\/vc_column][\/vc_row][vc_row simple_background_color=&#8221;#f5f5f5&#8243;][vc_column][vc_gmaps link=&#8221;#E-8_JTNDaWZyYW1lJTIwc3JjJTNEJTIyaHR0cHMlM0ElMkYlMkZ3d3cuZ29vZ2xlLmNvbSUyRm1hcHMlMkZlbWJlZCUzRnBiJTNEJTIxMW0xOCUyMTFtMTIlMjExbTMlMjExZDMxNjQ5LjI1MTMyNzA5ODQlMjEyZDI0LjcyMzk5NTc4NDUwMDk0MyUyMTNkNjAuMjc4NzAxODY0NDQ0OTYlMjEybTMlMjExZjAlMjEyZjAlMjEzZjAlMjEzbTIlMjExaTEwMjQlMjEyaTc2OCUyMTRmMTMuMSUyMTNtMyUyMTFtMiUyMTFzMHg0NjhkZjNlOTAyODdjYmY3JTI1M0EweDMwNjFjZDdkM2NkNTRiOTclMjEyc1ByZXNzb24lMjUyME95JTIxNWUwJTIxM20yJTIxMXNlbiUyMTJzZmklMjE0djE2OTM4Mzc2Njk4OTMlMjE1bTIlMjExc2VuJTIxMnNmaSUyMiUyMHdpZHRoJTNEJTIyNjAwJTIyJTIwaGVpZ2h0JTNEJTIyNDUwJTIyJTIwc3R5bGUlM0QlMjJib3JkZXIlM0EwJTNCJTIyJTIwYWxsb3dmdWxsc2NyZWVuJTNEJTIyJTIyJTIwbG9hZGluZyUzRCUyMmxhenklMjIlMjByZWZlcnJlcnBvbGljeSUzRCUyMm5vLXJlZmVycmVyLXdoZW4tZG93bmdyYWRlJTIyJTNFJTNDJTJGaWZyYW1lJTNF&#8221;][\/vc_column][\/vc_row][vc_row css=&#8221;.vc_custom_1706269312293{padding-bottom: 40px !important;}&#8221;][vc_column width=&#8221;1\/6&#8243;][\/vc_column][vc_column width=&#8221;2\/3&#8243; css=&#8221;.vc_custom_1695709493823{padding-right: 100px !important;padding-left: 100px !important;}&#8221;][vc_empty_space][vc_column_text]<\/p>\n<h5>Ota yhteytt\u00e4<\/h5>\n<p>[\/vc_column_text][vc_empty_space height=&#8221;8px&#8221;]\n<div class=\"wpcf7 no-js\" id=\"wpcf7-f11037-o1\" lang=\"en-US\" dir=\"ltr\">\n<div class=\"screen-reader-response\"><p role=\"status\" aria-live=\"polite\" aria-atomic=\"true\"><\/p> <ul><\/ul><\/div>\n<form action=\"\/index.php\/wp-json\/wp\/v2\/pages\/8087#wpcf7-f11037-o1\" method=\"post\" class=\"wpcf7-form init cf7_custom_style_3\" aria-label=\"Contact form\" enctype=\"multipart\/form-data\" novalidate=\"novalidate\" data-status=\"init\">\n<div style=\"display: none;\">\n<input type=\"hidden\" name=\"_wpcf7\" value=\"11037\" \/>\n<input type=\"hidden\" name=\"_wpcf7_version\" value=\"5.9.8\" \/>\n<input type=\"hidden\" name=\"_wpcf7_locale\" value=\"en_US\" \/>\n<input type=\"hidden\" name=\"_wpcf7_unit_tag\" value=\"wpcf7-f11037-o1\" \/>\n<input type=\"hidden\" name=\"_wpcf7_container_post\" value=\"0\" \/>\n<input type=\"hidden\" name=\"_wpcf7_posted_data_hash\" value=\"\" \/>\n<input type=\"hidden\" name=\"_wpcf7_recaptcha_response\" value=\"\" \/>\n<\/div>\n<div class=\"edgtf-grid-row edgtf-grid-tiny-gutter clearfix\">\n\t<div class=\"edgtf-grid-col-12\">\n\t\t<p><span class=\"wpcf7-form-control-wrap\" data-name=\"nimi\"><input size=\"40\" maxlength=\"400\" class=\"wpcf7-form-control wpcf7-text wpcf7-validates-as-required\" aria-required=\"true\" aria-invalid=\"false\" placeholder=\"Nimi\" value=\"\" type=\"text\" name=\"nimi\" \/><\/span>\n\t\t<\/p>\n\t<\/div>\n\t<div class=\"edgtf-grid-col-6\">\n\t\t<p><span class=\"wpcf7-form-control-wrap\" data-name=\"puhelin\"><input size=\"40\" maxlength=\"400\" class=\"wpcf7-form-control wpcf7-tel wpcf7-text wpcf7-validates-as-tel\" aria-invalid=\"false\" placeholder=\"Puhelin\" value=\"\" type=\"tel\" name=\"puhelin\" \/><\/span>\n\t\t<\/p>\n\t<\/div>\n\t<div class=\"edgtf-grid-col-6\">\n\t\t<p><span class=\"wpcf7-form-control-wrap\" data-name=\"sahkoposti\"><input size=\"40\" maxlength=\"400\" class=\"wpcf7-form-control wpcf7-email wpcf7-validates-as-required wpcf7-text wpcf7-validates-as-email\" aria-required=\"true\" aria-invalid=\"false\" placeholder=\"S\u00e4hk\u00f6posti\" value=\"\" type=\"email\" name=\"sahkoposti\" \/><\/span>\n\t\t<\/p>\n\t<\/div>\n<\/div>\n<p>Yhteydenottopyynt\u00f6 \/ Lis\u00e4tietoja \/ Toimitusaika \/ Tarjouspyynt\u00f6 \/ Kartoitusk\u00e4ynti \/ Suunnittelu \/ Showroom esittely<br \/>\n(valitse alta):<span class=\"wpcf7-form-control-wrap\" data-name=\"Asia\"><select class=\"wpcf7-form-control wpcf7-select wpcf7-validates-as-required\" aria-required=\"true\" aria-invalid=\"false\" name=\"Asia\"><option value=\"Yhteydenottopyynt\u00f6\">Yhteydenottopyynt\u00f6<\/option><option value=\"Lis\u00e4tietoja kalusteesta\">Lis\u00e4tietoja kalusteesta<\/option><option value=\"Toimitusaikatiedustelu\">Toimitusaikatiedustelu<\/option><option value=\"Tarjouspyynt\u00f6\">Tarjouspyynt\u00f6<\/option><option value=\"Tila- tai AV-kartoitus\">Tila- tai AV-kartoitus<\/option><option value=\"AV-suunnittelu\">AV-suunnittelu<\/option><option value=\"Showroom esittely\">Showroom esittely<\/option><option value=\"Muu asia\">Muu asia<\/option><\/select><\/span>\n<\/p>\n<div class=\"edgtf-grid-row edgtf-grid-tiny-gutter clearfix\">\n\t<div class=\"edgtf-grid-col-12\">\n\t\t<p><span class=\"wpcf7-form-control-wrap\" data-name=\"viesti\"><textarea cols=\"40\" rows=\"10\" maxlength=\"2000\" class=\"wpcf7-form-control wpcf7-textarea wpcf7-validates-as-required\" aria-required=\"true\" aria-invalid=\"false\" placeholder=\"Viesti\" name=\"viesti\"><\/textarea><\/span>\n\t\t<\/p>\n\t<\/div>\n<\/div>\n<p>Liit\u00e4 kuva tai video tilasta, p\u00f6yd\u00e4st\u00e4 tai kohteesta johon etsit\u00e4\u00e4n ratkaisua<br \/>\n(Liitetiedostojen yhteenlaskettu maksimikoko on 20 Mt)\n<\/p>\n<p>Liite 1.\n<\/p>\n<div <span class=\"wpcf7-form-control-wrap\" data-name=\"tiedosto1\"><input size=\"40\" class=\"wpcf7-form-control wpcf7-file\" accept=\".jpg,.png,.pdf,.jpeg\" aria-invalid=\"false\" type=\"file\" name=\"tiedosto1\" \/><\/span>\n<\/div>\n<hr \/>\n<p><\/\n<\/p>\n<p>Liite 2.\n<\/p>\n<div <span class=\"wpcf7-form-control-wrap\" data-name=\"tiedosto2\"><input size=\"40\" class=\"wpcf7-form-control wpcf7-file\" accept=\".jpg,.png,.pdf,.jpeg\" aria-invalid=\"false\" type=\"file\" name=\"tiedosto2\" \/><\/span>\n<\/div>\n<hr \/>\n<p>Liite 3.\n<\/p>\n<div <span class=\"wpcf7-form-control-wrap\" data-name=\"tiedosto3\"><input size=\"40\" class=\"wpcf7-form-control wpcf7-file\" accept=\".jpg,.png,.pdf,.jpeg\" aria-invalid=\"false\" type=\"file\" name=\"tiedosto3\" \/><\/span>\n<\/div>\n<hr \/>\n<div>\n\t<p>&nbsp<br \/>\n<input class=\"wpcf7-form-control wpcf7-submit has-spinner\" type=\"submit\" value=\"L\u00e4het\u00e4 viesti\" \/>\n\t<\/p>\n\t<div>\n\t\t<p>&nbsp;\n\t\t<\/p>\n\t<\/div>\n\t<div>\n\t\t<p>&nbsp;\n\t\t<\/p>\n\t<\/div>\n\t<p><b>HUOM! Suurien tiedostojen l\u00e4hett\u00e4miseen suosittelemme k\u00e4ytt\u00e4m\u00e4\u00e4n esimerkiksi WeTransfer -palvelua<\/b><br \/>\n(email to: myynti@presson.fi)\n\t<\/p>\n\t<div>\n\t\t<p>https:\/\/wetransfer.com\/\n\t\t<\/p>\n\t<\/div>\n<\/div><div class=\"wpcf7-response-output\" aria-hidden=\"true\"><\/div>\n<\/form>\n<\/div>\n[vc_empty_space height=&#8221;40px&#8221;][vc_btn title=&#8221;Huollon yhteydenotot huoltolomakkeen kautta \u00bb&#8221; style=&#8221;classic&#8221; shape=&#8221;square&#8221; color=&#8221;black&#8221; align=&#8221;left&#8221; link=&#8221;url:https%3A%2F%2Fuusi.presson.fi%2Findex.php%2Fhuolto-ja-yllapito%2F|target:_blank&#8221;][\/vc_column][vc_column width=&#8221;1\/6&#8243;][\/vc_column][\/vc_row][vc_row gap=&#8221;25&#8243; disable_element=&#8221;yes&#8221; row_content_width=&#8221;grid&#8221; content_text_aligment=&#8221;left&#8221; simple_background_color=&#8221;#f5f5f5&#8243; css=&#8221;.vc_custom_1693837746281{padding-top: 85px !important;padding-bottom: 47px !important;}&#8221;][vc_column offset=&#8221;vc_col-lg-6 vc_col-md-6&#8243;][vc_gmaps link=&#8221;#E-8_JTBBJTNDaWZyYW1lJTIwc3JjJTNEJTIyaHR0cHMlM0ElMkYlMkZ3d3cuZ29vZ2xlLmNvbSUyRm1hcHMlMkZlbWJlZCUzRnBiJTNEJTIxMW0xOCUyMTFtMTIlMjExbTMlMjExZDE5NzguMDg3NzM0MDkzNTU4JTIxMmQyNC43NTcyNTAyNTE2NzExMTMlMjEzZDYwLjI3ODU0NDM0MTUwNjQ5NiUyMTJtMyUyMTFmMCUyMTJmMCUyMTNmMCUyMTNtMiUyMTFpMTAyNCUyMTJpNzY4JTIxNGYxMy4xJTIxM20zJTIxMW0yJTIxMXMweDQ2OGRmMGQzZjcyM2FlNjMlMjUzQTB4NWUyNzBkOGI2MjM5ZDNmZSUyMTJzSnV2YW50aWUlMjUyMDQlMjUyQyUyNTIwMDI5MjAlMjUyMEVzcG9vJTIxNWUwJTIxM20yJTIxMXNmaSUyMTJzZmklMjE0djE2ODAyNjE1ODA5MjglMjE1bTIlMjExc2ZpJTIxMnNmaSUyMiUyMHdpZHRoJTNEJTIyNjAwJTIyJTIwaGVpZ2h0JTNEJTIyNDUwJTIyJTIwc3R5bGUlM0QlMjJib3JkZXIlM0EwJTNCJTIyJTIwYWxsb3dmdWxsc2NyZWVuJTNEJTIyJTIyJTIwbG9hZGluZyUzRCUyMmxhenklMjIlMjByZWZlcnJlcnBvbGljeSUzRCUyMm5vLXJlZmVycmVyLXdoZW4tZG93bmdyYWRlJTIyJTNFJTNDJTJGaWZyYW1lJTNF&#8221;][vc_empty_space][\/vc_column][vc_column offset=&#8221;vc_col-lg-6 vc_col-md-6&#8243;][vc_column_text]<\/p>\n<h4>Ota yhteytt\u00e4<\/h4>\n<p>[\/vc_column_text][vc_empty_space]\n<div class=\"wpcf7 no-js\" id=\"wpcf7-f11037-o2\" lang=\"en-US\" dir=\"ltr\">\n<div class=\"screen-reader-response\"><p role=\"status\" aria-live=\"polite\" aria-atomic=\"true\"><\/p> <ul><\/ul><\/div>\n<form action=\"\/index.php\/wp-json\/wp\/v2\/pages\/8087#wpcf7-f11037-o2\" method=\"post\" class=\"wpcf7-form init cf7_custom_style_3\" aria-label=\"Contact form\" enctype=\"multipart\/form-data\" novalidate=\"novalidate\" data-status=\"init\">\n<div style=\"display: none;\">\n<input type=\"hidden\" name=\"_wpcf7\" value=\"11037\" \/>\n<input type=\"hidden\" name=\"_wpcf7_version\" value=\"5.9.8\" \/>\n<input type=\"hidden\" name=\"_wpcf7_locale\" value=\"en_US\" \/>\n<input type=\"hidden\" name=\"_wpcf7_unit_tag\" value=\"wpcf7-f11037-o2\" \/>\n<input type=\"hidden\" name=\"_wpcf7_container_post\" value=\"0\" \/>\n<input type=\"hidden\" name=\"_wpcf7_posted_data_hash\" value=\"\" \/>\n<input type=\"hidden\" name=\"_wpcf7_recaptcha_response\" value=\"\" \/>\n<\/div>\n<div class=\"edgtf-grid-row edgtf-grid-tiny-gutter clearfix\">\n\t<div class=\"edgtf-grid-col-12\">\n\t\t<p><span class=\"wpcf7-form-control-wrap\" data-name=\"nimi\"><input size=\"40\" maxlength=\"400\" class=\"wpcf7-form-control wpcf7-text wpcf7-validates-as-required\" aria-required=\"true\" aria-invalid=\"false\" placeholder=\"Nimi\" value=\"\" type=\"text\" name=\"nimi\" \/><\/span>\n\t\t<\/p>\n\t<\/div>\n\t<div class=\"edgtf-grid-col-6\">\n\t\t<p><span class=\"wpcf7-form-control-wrap\" data-name=\"puhelin\"><input size=\"40\" maxlength=\"400\" class=\"wpcf7-form-control wpcf7-tel wpcf7-text wpcf7-validates-as-tel\" aria-invalid=\"false\" placeholder=\"Puhelin\" value=\"\" type=\"tel\" name=\"puhelin\" \/><\/span>\n\t\t<\/p>\n\t<\/div>\n\t<div class=\"edgtf-grid-col-6\">\n\t\t<p><span class=\"wpcf7-form-control-wrap\" data-name=\"sahkoposti\"><input size=\"40\" maxlength=\"400\" class=\"wpcf7-form-control wpcf7-email wpcf7-validates-as-required wpcf7-text wpcf7-validates-as-email\" aria-required=\"true\" aria-invalid=\"false\" placeholder=\"S\u00e4hk\u00f6posti\" value=\"\" type=\"email\" name=\"sahkoposti\" \/><\/span>\n\t\t<\/p>\n\t<\/div>\n<\/div>\n<p>Yhteydenottopyynt\u00f6 \/ Lis\u00e4tietoja \/ Toimitusaika \/ Tarjouspyynt\u00f6 \/ Kartoitusk\u00e4ynti \/ Suunnittelu \/ Showroom esittely<br \/>\n(valitse alta):<span class=\"wpcf7-form-control-wrap\" data-name=\"Asia\"><select class=\"wpcf7-form-control wpcf7-select wpcf7-validates-as-required\" aria-required=\"true\" aria-invalid=\"false\" name=\"Asia\"><option value=\"Yhteydenottopyynt\u00f6\">Yhteydenottopyynt\u00f6<\/option><option value=\"Lis\u00e4tietoja kalusteesta\">Lis\u00e4tietoja kalusteesta<\/option><option value=\"Toimitusaikatiedustelu\">Toimitusaikatiedustelu<\/option><option value=\"Tarjouspyynt\u00f6\">Tarjouspyynt\u00f6<\/option><option value=\"Tila- tai AV-kartoitus\">Tila- tai AV-kartoitus<\/option><option value=\"AV-suunnittelu\">AV-suunnittelu<\/option><option value=\"Showroom esittely\">Showroom esittely<\/option><option value=\"Muu asia\">Muu asia<\/option><\/select><\/span>\n<\/p>\n<div class=\"edgtf-grid-row edgtf-grid-tiny-gutter clearfix\">\n\t<div class=\"edgtf-grid-col-12\">\n\t\t<p><span class=\"wpcf7-form-control-wrap\" data-name=\"viesti\"><textarea cols=\"40\" rows=\"10\" maxlength=\"2000\" class=\"wpcf7-form-control wpcf7-textarea wpcf7-validates-as-required\" aria-required=\"true\" aria-invalid=\"false\" placeholder=\"Viesti\" name=\"viesti\"><\/textarea><\/span>\n\t\t<\/p>\n\t<\/div>\n<\/div>\n<p>Liit\u00e4 kuva tai video tilasta, p\u00f6yd\u00e4st\u00e4 tai kohteesta johon etsit\u00e4\u00e4n ratkaisua<br \/>\n(Liitetiedostojen yhteenlaskettu maksimikoko on 20 Mt)\n<\/p>\n<p>Liite 1.\n<\/p>\n<div <span class=\"wpcf7-form-control-wrap\" data-name=\"tiedosto1\"><input size=\"40\" class=\"wpcf7-form-control wpcf7-file\" accept=\".jpg,.png,.pdf,.jpeg\" aria-invalid=\"false\" type=\"file\" name=\"tiedosto1\" \/><\/span>\n<\/div>\n<hr \/>\n<p><\/\n<\/p>\n<p>Liite 2.\n<\/p>\n<div <span class=\"wpcf7-form-control-wrap\" data-name=\"tiedosto2\"><input size=\"40\" class=\"wpcf7-form-control wpcf7-file\" accept=\".jpg,.png,.pdf,.jpeg\" aria-invalid=\"false\" type=\"file\" name=\"tiedosto2\" \/><\/span>\n<\/div>\n<hr \/>\n<p>Liite 3.\n<\/p>\n<div <span class=\"wpcf7-form-control-wrap\" data-name=\"tiedosto3\"><input size=\"40\" class=\"wpcf7-form-control wpcf7-file\" accept=\".jpg,.png,.pdf,.jpeg\" aria-invalid=\"false\" type=\"file\" name=\"tiedosto3\" \/><\/span>\n<\/div>\n<hr \/>\n<div>\n\t<p>&nbsp<br \/>\n<input class=\"wpcf7-form-control wpcf7-submit has-spinner\" type=\"submit\" value=\"L\u00e4het\u00e4 viesti\" \/>\n\t<\/p>\n\t<div>\n\t\t<p>&nbsp;\n\t\t<\/p>\n\t<\/div>\n\t<div>\n\t\t<p>&nbsp;\n\t\t<\/p>\n\t<\/div>\n\t<p><b>HUOM! Suurien tiedostojen l\u00e4hett\u00e4miseen suosittelemme k\u00e4ytt\u00e4m\u00e4\u00e4n esimerkiksi WeTransfer -palvelua<\/b><br \/>\n(email to: myynti@presson.fi)\n\t<\/p>\n\t<div>\n\t\t<p>https:\/\/wetransfer.com\/\n\t\t<\/p>\n\t<\/div>\n<\/div><div class=\"wpcf7-response-output\" aria-hidden=\"true\"><\/div>\n<\/form>\n<\/div>\n[vc_empty_space height=&#8221;50px&#8221;][vc_btn title=&#8221;Huollon yhteydenotot huoltolomakkeen kautta \u00bb&#8221; style=&#8221;classic&#8221; shape=&#8221;square&#8221; color=&#8221;black&#8221; align=&#8221;left&#8221; link=&#8221;url:https%3A%2F%2Fuusi.presson.fi%2Findex.php%2Fhuolto-ja-yllapito%2F|target:_blank&#8221;][\/vc_column][\/vc_row]<\/p>\n<\/section>","protected":false},"excerpt":{"rendered":"<p>[vc_row row_content_width=&#8221;grid&#8221; content_text_aligment=&#8221;center&#8221; css=&#8221;.vc_custom_1706269261343{padding-top: 40px !important;padding-bottom: 40px !important;}&#8221;][vc_column][\/vc_column][\/vc_row][vc_row css=&#8221;.vc_custom_1695728915461{padding-bottom: 40px !important;}&#8221;][vc_column width=&#8221;1\/5&#8243;][\/vc_column][vc_column width=&#8221;1\/5&#8243;][\/vc_column][vc_column width=&#8221;1\/5&#8243;][\/vc_column][vc_column width=&#8221;1\/5&#8243;][\/vc_column][vc_column width=&#8221;1\/5&#8243;][\/vc_column][\/vc_row][vc_row css=&#8221;.vc_custom_1706269271580{padding-bottom: 40px !important;}&#8221;][vc_column width=&#8221;1\/5&#8243;][\/vc_column][vc_column width=&#8221;1\/5&#8243;][\/vc_column][vc_column width=&#8221;1\/5&#8243;][\/vc_column][vc_column width=&#8221;1\/5&#8243;][\/vc_column][vc_column width=&#8221;1\/5&#8243;][\/vc_column][\/vc_row][vc_row css=&#8221;.vc_custom_1706269330343{padding-top: 40px !important;padding-bottom: 40px !important;}&#8221; simple_background_color=&#8221;#f5f5f5&#8243;][vc_column width=&#8221;1\/6&#8243;][\/vc_column][vc_column width=&#8221;1\/6&#8243;][\/vc_column][vc_column width=&#8221;1\/6&#8243;][vc_column_text] HANNU ILJANTO [\/vc_column_text][vc_column_text] Toimitusjohtaja hannu.iljanto@presson.fi 050 4077 [&hellip;]<\/p>\n","protected":false},"author":1,"featured_media":0,"parent":0,"menu_order":0,"comment_status":"closed","ping_status":"closed","template":"full-width.php","meta":{"footnotes":""},"class_list":["post-8087","page","type-page","status-publish","hentry"],"_links":{"self":[{"href":"https:\/\/uusi.presson.fi\/index.php\/wp-json\/wp\/v2\/pages\/8087","targetHints":{"allow":["GET"]}}],"collection":[{"href":"https:\/\/uusi.presson.fi\/index.php\/wp-json\/wp\/v2\/pages"}],"about":[{"href":"https:\/\/uusi.presson.fi\/index.php\/wp-json\/wp\/v2\/types\/page"}],"author":[{"embeddable":true,"href":"https:\/\/uusi.presson.fi\/index.php\/wp-json\/wp\/v2\/users\/1"}],"replies":[{"embeddable":true,"href":"https:\/\/uusi.presson.fi\/index.php\/wp-json\/wp\/v2\/comments?post=8087"}],"version-history":[{"count":84,"href":"https:\/\/uusi.presson.fi\/index.php\/wp-json\/wp\/v2\/pages\/8087\/revisions"}],"predecessor-version":[{"id":12887,"href":"https:\/\/uusi.presson.fi\/index.php\/wp-json\/wp\/v2\/pages\/8087\/revisions\/12887"}],"wp:attachment":[{"href":"https:\/\/uusi.presson.fi\/index.php\/wp-json\/wp\/v2\/media?parent=8087"}],"curies":[{"name":"wp","href":"https:\/\/api.w.org\/{rel}","templated":true}]}}