{"id":11246,"date":"2023-09-21T06:46:04","date_gmt":"2023-09-21T06:46:04","guid":{"rendered":"https:\/\/uusi.presson.fi\/?page_id=11246"},"modified":"2025-03-20T11:22:31","modified_gmt":"2025-03-20T11:22:31","slug":"pienet-tilat","status":"publish","type":"page","link":"https:\/\/uusi.presson.fi\/index.php\/ratkaisut\/pienet-tilat\/","title":{"rendered":"Pienet Tilat"},"content":{"rendered":"<section class=\"wpb-content-wrapper\"><p>[vc_row disable_element=&#8221;yes&#8221; css=&#8221;.vc_custom_1694775371943{padding-right: 58px !important;padding-left: 58px !important;}&#8221;][vc_column]<div class=\"edgtf-portfolio-slider-holder edgtf-pl-custom-911271  edgtf-skin-light\"><div class=\"edgtf-portfolio-list-holder edgtf-pl-gallery edgtf-pl-no-space edgtf-pl-three-columns edgtf-pl-gallery-lightbox-with-overlay edgtf-skin-light    edgtf-pl-pag-no-pagination     edgtf-pag-below-slider\"  data-type=gallery data-number-of-columns=3 data-space-between-items=no data-number-of-items=5 data-image-proportions=full data-enable-fixed-proportions=no data-enable-image-shadow=no data-category=photography data-order-by=date data-order=DESC data-item-style=gallery-lightbox-with-overlay data-overlay-skin=light data-enable-title=yes data-title-tag=h4 data-enable-category=yes data-enable-count-images=yes data-enable-excerpt=no data-excerpt-length=20 data-pagination-type=no-pagination data-filter=no data-filter-order-by=name data-enable-article-animation=no data-portfolio-slider-on=yes data-enable-loop=yes data-enable-autoplay=yes data-slider-speed=5000 data-slider-speed-animation=600 data-enable-navigation=yes data-enable-pagination=no data-pagination-position=below-slider data-custom-class=edgtf-pl-custom-911271 data-max-num-pages=0 data-next-page=2>\n\t\t\n\t<div class=\"edgtf-pl-inner edgtf-owl-slider edgtf-pl-is-slider clearfix\">\n\t\t<p class=\"edgtf-pl-not-found\">Sorry, no posts matched your criteria.<\/p>\t<\/div>\n\t\n\t<\/div><\/div>[\/vc_column][\/vc_row][vc_row css=&#8221;.vc_custom_1742469719591{padding-right: 73px !important;padding-bottom: 20px !important;padding-left: 73px !important;}&#8221;][vc_column css=&#8221;.vc_custom_1491224181315{padding-right: 0px !important;padding-left: 0px !important;}&#8221; offset=&#8221;vc_col-lg-3 vc_col-md-6&#8243;]<div class=\"edgtf-single-image-holder   edgtf-image-behavior-grayscale\">\n    <div class=\"edgtf-si-inner\">\n                                    <img loading=\"lazy\" decoding=\"async\" src=\"https:\/\/uusi.presson.fi\/wp-content\/uploads\/2023\/09\/IMG_7433-kopio-scaled-450x450.jpg\" alt=\"\" width=\"450\" height=\"450\" \/>                                <\/div>\n<\/div>[\/vc_column][vc_column css=&#8221;.vc_custom_1491224192259{padding-right: 0px !important;padding-left: 0px !important;}&#8221; offset=&#8221;vc_col-lg-3 vc_col-md-6&#8243;]<div class=\"edgtf-single-image-holder   edgtf-image-behavior-grayscale\">\n    <div class=\"edgtf-si-inner\">\n                                    <img loading=\"lazy\" decoding=\"async\" src=\"https:\/\/uusi.presson.fi\/wp-content\/uploads\/2024\/11\/IMG_7574-450x450.jpeg\" alt=\"Presson Oy Micro S2 - Esityskaluste viimeistely musta\" width=\"450\" height=\"450\" \/>                                <\/div>\n<\/div>[\/vc_column][vc_column css=&#8221;.vc_custom_1491224202091{padding-right: 0px !important;padding-left: 0px !important;}&#8221; offset=&#8221;vc_col-lg-3 vc_col-md-6&#8243;]<div class=\"edgtf-single-image-holder   edgtf-image-behavior-grayscale\">\n    <div class=\"edgtf-si-inner\">\n                                    <img loading=\"lazy\" decoding=\"async\" src=\"https:\/\/uusi.presson.fi\/wp-content\/uploads\/2023\/09\/IMG_0342-scaled-450x450.jpg\" alt=\"\" width=\"450\" height=\"450\" \/>                                <\/div>\n<\/div>[\/vc_column][vc_column css=&#8221;.vc_custom_1491224172187{padding-right: 0px !important;padding-left: 0px !important;}&#8221; offset=&#8221;vc_col-lg-3 vc_col-md-6&#8243;]<div class=\"edgtf-single-image-holder   edgtf-image-behavior-grayscale\">\n    <div class=\"edgtf-si-inner\">\n                                    <img loading=\"lazy\" decoding=\"async\" src=\"https:\/\/uusi.presson.fi\/wp-content\/uploads\/2025\/01\/IMG_7687-450x450.jpeg\" alt=\"\" width=\"450\" height=\"450\" \/>                                <\/div>\n<\/div>[\/vc_column][\/vc_row][vc_row row_content_width=&#8221;grid&#8221; css=&#8221;.vc_custom_1742469749248{padding-top: 40px !important;padding-bottom: 40px !important;}&#8221; simple_background_color=&#8221;#f5f5f5&#8243;][vc_column]<div class=\"edgtf-section-title-holder edgtf-st-standard edgtf-st-title-left edgtf-st-normal-space \" style=\"padding: 0 15%;text-align: center\">\n\t<div class=\"edgtf-st-inner\">\n\t\t\t\t\t<h5 class=\"edgtf-st-title\" >\n\t\t\t\tPienet tilat\t\t\t<\/h5>\n\t\t\t\t\t\t\t<p class=\"edgtf-st-text\" style=\"font-size: 16px;line-height: 30px;margin-top: 19px\">\n\t\t\t\tHiljaiset huoneet, huddle-huoneet, keskustelu- ja yhteisty\u00f6tilat\t\t\t<\/p>\n\t\t\t<\/div>\n<\/div>[vc_column_text css=&#8221;.vc_custom_1706186001143{padding-right: 200px !important;padding-left: 200px !important;}&#8221;]<\/p>\n<p style=\"text-align: center;\">Meilt\u00e4 l\u00f6ytyy monipuolinen osaaminen pienten tilojen AV-teknillisist\u00e4 ratkaisuista. Hyvin suunniteltu ja toteutettu, asiakkaan terpeiden mukaan luotu tila, palvelee niin ty\u00f6ntekij\u00f6it\u00e4 kuin asiakkaita ja yhteisty\u00f6kumppaneitakin.<br \/>\nPienet tilat helpottavat ep\u00e4virallisten sek\u00e4 improvisoitujen tapaamisten j\u00e4rjest\u00e4mist\u00e4, mutta ne voisivat olla paljon muutakin.<br \/>\nToimiva tila vaikuttaa viihtyvyyteen sek\u00e4 tuottavuuteen. Tilan mukaan optimoidun tekniikan tulisi tukee et\u00e4kokouksien sek\u00e4 esitysten j\u00e4rjest\u00e4mist\u00e4 jolloin tilan k\u00e4ytt\u00f6aste pysyy korkeana.<\/p>\n<p>[\/vc_column_text][\/vc_column][\/vc_row][vc_row disable_element=&#8221;yes&#8221; row_content_width=&#8221;grid&#8221; css=&#8221;.vc_custom_1694775910923{padding-top: 100px !important;padding-bottom: 38px !important;}&#8221;][vc_column offset=&#8221;vc_col-lg-4 vc_col-md-4&#8243;][vc_column_text css=&#8221;.vc_custom_1491227265999{padding-right: 26% !important;}&#8221;]<\/p>\n<h4>IMAGE GALLERIES AND INTERACTIVE FEATURES.<\/h4>\n<p>[\/vc_column_text][vc_empty_space height=&#8221;50px&#8221;][\/vc_column][vc_column offset=&#8221;vc_col-lg-4 vc_col-md-4&#8243;]<div class=\"edgtf-icon-list-holder\" >\n\t<div class=\"edgtf-il-icon-holder\">\n\t\t<i class=\"edgtf-icon-font-awesome fa fa-check \" style=\"font-size: 12px\"><\/i>\t<\/div>\n\t<p class=\"edgtf-il-text\" style=\"padding-left: 21px\">Adipiscing elit, sed do eiusmod tempor<\/p>\n<\/div><div class=\"edgtf-icon-list-holder\" >\n\t<div class=\"edgtf-il-icon-holder\">\n\t\t<i class=\"edgtf-icon-font-awesome fa fa-check \" style=\"font-size: 12px\"><\/i>\t<\/div>\n\t<p class=\"edgtf-il-text\" style=\"padding-left: 21px\">Incididunt ut labore et dolore magna aliqua<\/p>\n<\/div><div class=\"edgtf-icon-list-holder\" >\n\t<div class=\"edgtf-il-icon-holder\">\n\t\t<i class=\"edgtf-icon-font-awesome fa fa-check \" style=\"font-size: 12px\"><\/i>\t<\/div>\n\t<p class=\"edgtf-il-text\" style=\"padding-left: 21px\">Ut enim ad minim veniam, quis<\/p>\n<\/div><div class=\"edgtf-icon-list-holder\" >\n\t<div class=\"edgtf-il-icon-holder\">\n\t\t<i class=\"edgtf-icon-font-awesome fa fa-check \" style=\"font-size: 12px\"><\/i>\t<\/div>\n\t<p class=\"edgtf-il-text\" style=\"padding-left: 21px\">Nostrud exercitation ullamco laboris nisi<\/p>\n<\/div>[vc_empty_space height=&#8221;50px&#8221;][\/vc_column][vc_column offset=&#8221;vc_col-lg-4 vc_col-md-4&#8243;]<div class=\"edgtf-icon-list-holder\" >\n\t<div class=\"edgtf-il-icon-holder\">\n\t\t<i class=\"edgtf-icon-font-awesome fa fa-check \" style=\"font-size: 12px\"><\/i>\t<\/div>\n\t<p class=\"edgtf-il-text\" style=\"padding-left: 21px\">Lorem ipsum dolor sit amet consectetur<\/p>\n<\/div><div class=\"edgtf-icon-list-holder\" >\n\t<div class=\"edgtf-il-icon-holder\">\n\t\t<i class=\"edgtf-icon-font-awesome fa fa-check \" style=\"font-size: 12px\"><\/i>\t<\/div>\n\t<p class=\"edgtf-il-text\" style=\"padding-left: 21px\">Nostrud exercitation ullamco laboris nisi<\/p>\n<\/div><div class=\"edgtf-icon-list-holder\" >\n\t<div class=\"edgtf-il-icon-holder\">\n\t\t<i class=\"edgtf-icon-font-awesome fa fa-check \" style=\"font-size: 12px\"><\/i>\t<\/div>\n\t<p class=\"edgtf-il-text\" style=\"padding-left: 21px\">Ut enim ad minim veniam, quis<\/p>\n<\/div><div class=\"edgtf-icon-list-holder\" >\n\t<div class=\"edgtf-il-icon-holder\">\n\t\t<i class=\"edgtf-icon-font-awesome fa fa-check \" style=\"font-size: 12px\"><\/i>\t<\/div>\n\t<p class=\"edgtf-il-text\" style=\"padding-left: 21px\">Adipiscing elit, sed do eiusmod tempor<\/p>\n<\/div>[vc_empty_space height=&#8221;50px&#8221;][\/vc_column][\/vc_row][vc_row row_content_width=&#8221;grid&#8221; css=&#8221;.vc_custom_1742469754001{padding-top: 20px !important;padding-bottom: 40px !important;}&#8221;][vc_column offset=&#8221;vc_col-lg-4 vc_col-md-4&#8243;]<div class=\"edgtf-single-image-holder   \">\n    <div class=\"edgtf-si-inner\">\n                                    <img loading=\"lazy\" decoding=\"async\" src=\"https:\/\/uusi.presson.fi\/wp-content\/uploads\/2024\/11\/IMG_7561-450x675.jpeg\" alt=\"Presson Oy Table, Micro- Esityskaluste viimeistely tamiiviilu\" width=\"450\" height=\"675\" \/>                                <\/div>\n<\/div>[\/vc_column][vc_column offset=&#8221;vc_col-lg-4 vc_col-md-4&#8243;]<div class=\"edgtf-single-image-holder   \">\n    <div class=\"edgtf-si-inner\">\n                                    <img loading=\"lazy\" decoding=\"async\" src=\"https:\/\/uusi.presson.fi\/wp-content\/uploads\/2024\/11\/IMG_8724-450x675.jpeg\" alt=\"Presson Oy Micro S2 - Esityskaluste viimeistely musta\" width=\"450\" height=\"675\" \/>                                <\/div>\n<\/div>[\/vc_column][vc_column offset=&#8221;vc_col-lg-4 vc_col-md-4&#8243;]<div class=\"edgtf-single-image-holder   \">\n    <div class=\"edgtf-si-inner\">\n                                    <img loading=\"lazy\" decoding=\"async\" src=\"https:\/\/uusi.presson.fi\/wp-content\/uploads\/2023\/09\/virtuaalikokous_Presson-scaled-450x675.jpg\" alt=\"\" width=\"450\" height=\"675\" \/>                                <\/div>\n<\/div>[\/vc_column][\/vc_row]<\/p>\n<\/section>","protected":false},"excerpt":{"rendered":"<p>[vc_row disable_element=&#8221;yes&#8221; css=&#8221;.vc_custom_1694775371943{padding-right: 58px !important;padding-left: 58px !important;}&#8221;][vc_column][\/vc_column][\/vc_row][vc_row css=&#8221;.vc_custom_1742469719591{padding-right: 73px !important;padding-bottom: 20px !important;padding-left: 73px !important;}&#8221;][vc_column css=&#8221;.vc_custom_1491224181315{padding-right: 0px !important;padding-left: 0px !important;}&#8221; offset=&#8221;vc_col-lg-3 vc_col-md-6&#8243;][\/vc_column][vc_column css=&#8221;.vc_custom_1491224192259{padding-right: 0px !important;padding-left: 0px !important;}&#8221; offset=&#8221;vc_col-lg-3 vc_col-md-6&#8243;][\/vc_column][vc_column css=&#8221;.vc_custom_1491224202091{padding-right: 0px !important;padding-left: 0px !important;}&#8221; offset=&#8221;vc_col-lg-3 vc_col-md-6&#8243;][\/vc_column][vc_column css=&#8221;.vc_custom_1491224172187{padding-right: 0px !important;padding-left: 0px !important;}&#8221; [&hellip;]<\/p>\n","protected":false},"author":1,"featured_media":0,"parent":10126,"menu_order":0,"comment_status":"closed","ping_status":"closed","template":"full-width.php","meta":{"footnotes":""},"class_list":["post-11246","page","type-page","status-publish","hentry"],"_links":{"self":[{"href":"https:\/\/uusi.presson.fi\/index.php\/wp-json\/wp\/v2\/pages\/11246","targetHints":{"allow":["GET"]}}],"collection":[{"href":"https:\/\/uusi.presson.fi\/index.php\/wp-json\/wp\/v2\/pages"}],"about":[{"href":"https:\/\/uusi.presson.fi\/index.php\/wp-json\/wp\/v2\/types\/page"}],"author":[{"embeddable":true,"href":"https:\/\/uusi.presson.fi\/index.php\/wp-json\/wp\/v2\/users\/1"}],"replies":[{"embeddable":true,"href":"https:\/\/uusi.presson.fi\/index.php\/wp-json\/wp\/v2\/comments?post=11246"}],"version-history":[{"count":29,"href":"https:\/\/uusi.presson.fi\/index.php\/wp-json\/wp\/v2\/pages\/11246\/revisions"}],"predecessor-version":[{"id":12671,"href":"https:\/\/uusi.presson.fi\/index.php\/wp-json\/wp\/v2\/pages\/11246\/revisions\/12671"}],"up":[{"embeddable":true,"href":"https:\/\/uusi.presson.fi\/index.php\/wp-json\/wp\/v2\/pages\/10126"}],"wp:attachment":[{"href":"https:\/\/uusi.presson.fi\/index.php\/wp-json\/wp\/v2\/media?parent=11246"}],"curies":[{"name":"wp","href":"https:\/\/api.w.org\/{rel}","templated":true}]}}