{"id":11226,"date":"2023-09-21T05:55:14","date_gmt":"2023-09-21T05:55:14","guid":{"rendered":"https:\/\/uusi.presson.fi\/?page_id=11226"},"modified":"2025-05-27T06:46:39","modified_gmt":"2025-05-27T06:46:39","slug":"suuret-tilat","status":"publish","type":"page","link":"https:\/\/uusi.presson.fi\/index.php\/ratkaisut\/suuret-tilat\/","title":{"rendered":"Suuret Tilat"},"content":{"rendered":"<section class=\"wpb-content-wrapper\"><p>[vc_row css=&#8221;.vc_custom_1742469415863{padding-right: 73px !important;padding-bottom: 20px !important;padding-left: 73px !important;}&#8221;][vc_column css=&#8221;.vc_custom_1491224181315{padding-right: 0px !important;padding-left: 0px !important;}&#8221; offset=&#8221;vc_col-lg-3 vc_col-md-6&#8243;]<div class=\"edgtf-single-image-holder   edgtf-image-behavior-grayscale\">\n    <div class=\"edgtf-si-inner\">\n                                    <img loading=\"lazy\" decoding=\"async\" src=\"https:\/\/uusi.presson.fi\/wp-content\/uploads\/2024\/11\/IMG_7474-450x450.jpeg\" alt=\"Presson Oy Multifunction Conference Table - Esityskaluste viimeistely tamiiviilu\" width=\"450\" height=\"450\" \/>                                <\/div>\n<\/div>[\/vc_column][vc_column css=&#8221;.vc_custom_1491224192259{padding-right: 0px !important;padding-left: 0px !important;}&#8221; offset=&#8221;vc_col-lg-3 vc_col-md-6&#8243;]<div class=\"edgtf-single-image-holder   edgtf-image-behavior-grayscale\">\n    <div class=\"edgtf-si-inner\">\n                                    <img loading=\"lazy\" decoding=\"async\" src=\"https:\/\/uusi.presson.fi\/wp-content\/uploads\/2023\/09\/IMG_7354-scaled-450x450.jpg\" alt=\"\" width=\"450\" height=\"450\" \/>                                <\/div>\n<\/div>[\/vc_column][vc_column css=&#8221;.vc_custom_1491224202091{padding-right: 0px !important;padding-left: 0px !important;}&#8221; offset=&#8221;vc_col-lg-3 vc_col-md-6&#8243;]<div class=\"edgtf-single-image-holder   edgtf-image-behavior-grayscale\">\n    <div class=\"edgtf-si-inner\">\n                                    <img loading=\"lazy\" decoding=\"async\" src=\"https:\/\/uusi.presson.fi\/wp-content\/uploads\/2023\/09\/neukkari6-450x450.jpg\" alt=\"\" width=\"450\" height=\"450\" \/>                                <\/div>\n<\/div>[\/vc_column][vc_column css=&#8221;.vc_custom_1491224172187{padding-right: 0px !important;padding-left: 0px !important;}&#8221; offset=&#8221;vc_col-lg-3 vc_col-md-6&#8243;]<div class=\"edgtf-single-image-holder   edgtf-image-behavior-grayscale\">\n    <div class=\"edgtf-si-inner\">\n                                    <img loading=\"lazy\" decoding=\"async\" src=\"https:\/\/uusi.presson.fi\/wp-content\/uploads\/2023\/09\/poyta-ja-mikrofonit-scaled-450x450.jpg\" alt=\"\" width=\"450\" height=\"450\" \/>                                <\/div>\n<\/div>[\/vc_column][\/vc_row][vc_row row_content_width=&#8221;grid&#8221; css=&#8221;.vc_custom_1742469420995{padding-top: 40px !important;padding-bottom: 40px !important;}&#8221; simple_background_color=&#8221;#f5f5f5&#8243;][vc_column]<div class=\"edgtf-section-title-holder edgtf-st-standard edgtf-st-title-left edgtf-st-normal-space \" style=\"padding: 0 15%;text-align: center\">\n\t<div class=\"edgtf-st-inner\">\n\t\t\t\t\t<h5 class=\"edgtf-st-title\" >\n\t\t\t\tSuuret tilat\t\t\t<\/h5>\n\t\t\t\t\t\t\t<p class=\"edgtf-st-text\" style=\"font-size: 16px;line-height: 30px;margin-top: 19px\">\n\t\t\t\tAuditoriot, monitoimitilat, lounge- ja aulatilat\t\t\t<\/p>\n\t\t\t<\/div>\n<\/div>[vc_column_text css=&#8221;.vc_custom_1695277165173{padding-right: 200px !important;padding-left: 200px !important;}&#8221;]<\/p>\n<p style=\"text-align: center;\">Tarjoamme monipuolisia AV-teknisi\u00e4 ratkaisuja yritysten auditorioihin, monitoimitiloihin, lounge- sek\u00e4 aulatiloihin. Oli kyseess\u00e4 sitten esitystila, koulutustila tai neuvottelutila, meill\u00e4 on ratkaisuja tarpeisiisi.<\/p>\n<p style=\"text-align: center;\">Vankka asiantuntemus AV-teknisten ratkaisujen suunnittelussa, viimeistelyss\u00e4 ja k\u00e4ytett\u00e4vyydess\u00e4 takaa hyv\u00e4n lopputuloksen. Panostamme laadukkaaseen suunnitteluun ja viimeistelyyn varmistaaksemme, ett\u00e4 tuotteemme t\u00e4ytt\u00e4v\u00e4t asiakkaidemme korkeat vaatimukset. Tarjoamme my\u00f6s k\u00e4ytt\u00e4j\u00e4yst\u00e4v\u00e4llisi\u00e4 ratkaisuja, jotka helpottavat auditorioiden, monitoimitilojen ja lounge- ja\u00a0 aulatilojen tehokasta k\u00e4ytt\u00f6\u00e4.<\/p>\n<p>[\/vc_column_text][\/vc_column][\/vc_row][vc_row disable_element=&#8221;yes&#8221; row_content_width=&#8221;grid&#8221; css=&#8221;.vc_custom_1694775910923{padding-top: 100px !important;padding-bottom: 38px !important;}&#8221;][vc_column offset=&#8221;vc_col-lg-4 vc_col-md-4&#8243;][vc_column_text css=&#8221;.vc_custom_1491227265999{padding-right: 26% !important;}&#8221;]<\/p>\n<h4>IMAGE GALLERIES AND INTERACTIVE FEATURES.<\/h4>\n<p>[\/vc_column_text][vc_empty_space height=&#8221;50px&#8221;][\/vc_column][vc_column offset=&#8221;vc_col-lg-4 vc_col-md-4&#8243;]<div class=\"edgtf-icon-list-holder\" >\n\t<div class=\"edgtf-il-icon-holder\">\n\t\t<i class=\"edgtf-icon-font-awesome fa fa-check \" style=\"font-size: 12px\"><\/i>\t<\/div>\n\t<p class=\"edgtf-il-text\" style=\"padding-left: 21px\">Adipiscing elit, sed do eiusmod tempor<\/p>\n<\/div><div class=\"edgtf-icon-list-holder\" >\n\t<div class=\"edgtf-il-icon-holder\">\n\t\t<i class=\"edgtf-icon-font-awesome fa fa-check \" style=\"font-size: 12px\"><\/i>\t<\/div>\n\t<p class=\"edgtf-il-text\" style=\"padding-left: 21px\">Incididunt ut labore et dolore magna aliqua<\/p>\n<\/div><div class=\"edgtf-icon-list-holder\" >\n\t<div class=\"edgtf-il-icon-holder\">\n\t\t<i class=\"edgtf-icon-font-awesome fa fa-check \" style=\"font-size: 12px\"><\/i>\t<\/div>\n\t<p class=\"edgtf-il-text\" style=\"padding-left: 21px\">Ut enim ad minim veniam, quis<\/p>\n<\/div><div class=\"edgtf-icon-list-holder\" >\n\t<div class=\"edgtf-il-icon-holder\">\n\t\t<i class=\"edgtf-icon-font-awesome fa fa-check \" style=\"font-size: 12px\"><\/i>\t<\/div>\n\t<p class=\"edgtf-il-text\" style=\"padding-left: 21px\">Nostrud exercitation ullamco laboris nisi<\/p>\n<\/div>[vc_empty_space height=&#8221;50px&#8221;][\/vc_column][vc_column offset=&#8221;vc_col-lg-4 vc_col-md-4&#8243;]<div class=\"edgtf-icon-list-holder\" >\n\t<div class=\"edgtf-il-icon-holder\">\n\t\t<i class=\"edgtf-icon-font-awesome fa fa-check \" style=\"font-size: 12px\"><\/i>\t<\/div>\n\t<p class=\"edgtf-il-text\" style=\"padding-left: 21px\">Lorem ipsum dolor sit amet consectetur<\/p>\n<\/div><div class=\"edgtf-icon-list-holder\" >\n\t<div class=\"edgtf-il-icon-holder\">\n\t\t<i class=\"edgtf-icon-font-awesome fa fa-check \" style=\"font-size: 12px\"><\/i>\t<\/div>\n\t<p class=\"edgtf-il-text\" style=\"padding-left: 21px\">Nostrud exercitation ullamco laboris nisi<\/p>\n<\/div><div class=\"edgtf-icon-list-holder\" >\n\t<div class=\"edgtf-il-icon-holder\">\n\t\t<i class=\"edgtf-icon-font-awesome fa fa-check \" style=\"font-size: 12px\"><\/i>\t<\/div>\n\t<p class=\"edgtf-il-text\" style=\"padding-left: 21px\">Ut enim ad minim veniam, quis<\/p>\n<\/div><div class=\"edgtf-icon-list-holder\" >\n\t<div class=\"edgtf-il-icon-holder\">\n\t\t<i class=\"edgtf-icon-font-awesome fa fa-check \" style=\"font-size: 12px\"><\/i>\t<\/div>\n\t<p class=\"edgtf-il-text\" style=\"padding-left: 21px\">Adipiscing elit, sed do eiusmod tempor<\/p>\n<\/div>[vc_empty_space height=&#8221;50px&#8221;][\/vc_column][\/vc_row][vc_row row_content_width=&#8221;grid&#8221; css=&#8221;.vc_custom_1742469606461{padding-top: 20px !important;padding-bottom: 40px !important;}&#8221;][vc_column offset=&#8221;vc_col-lg-4 vc_col-md-4&#8243;]<div class=\"edgtf-single-image-holder   \">\n    <div class=\"edgtf-si-inner\">\n                                    <img loading=\"lazy\" decoding=\"async\" src=\"https:\/\/uusi.presson.fi\/wp-content\/uploads\/2023\/09\/IMG_5566-450x675.jpg\" alt=\"\" width=\"450\" height=\"675\" \/>                                <\/div>\n<\/div>[\/vc_column][vc_column offset=&#8221;vc_col-lg-4 vc_col-md-4&#8243;]<div class=\"edgtf-single-image-holder   \">\n    <div class=\"edgtf-si-inner\">\n                                    <img loading=\"lazy\" decoding=\"async\" src=\"https:\/\/uusi.presson.fi\/wp-content\/uploads\/2025\/01\/IMG_7663-450x675.jpeg\" alt=\"\" width=\"450\" height=\"675\" \/>                                <\/div>\n<\/div>[\/vc_column][vc_column offset=&#8221;vc_col-lg-4 vc_col-md-4&#8243;]<div class=\"edgtf-single-image-holder   \">\n    <div class=\"edgtf-si-inner\">\n                                    <img loading=\"lazy\" decoding=\"async\" src=\"https:\/\/uusi.presson.fi\/wp-content\/uploads\/2025\/05\/IMG_7598_800-450x675.jpeg\" alt=\"\" width=\"450\" height=\"675\" \/>                                <\/div>\n<\/div>[\/vc_column][\/vc_row]<\/p>\n<\/section>","protected":false},"excerpt":{"rendered":"<p>[vc_row css=&#8221;.vc_custom_1742469415863{padding-right: 73px !important;padding-bottom: 20px !important;padding-left: 73px !important;}&#8221;][vc_column css=&#8221;.vc_custom_1491224181315{padding-right: 0px !important;padding-left: 0px !important;}&#8221; offset=&#8221;vc_col-lg-3 vc_col-md-6&#8243;][\/vc_column][vc_column css=&#8221;.vc_custom_1491224192259{padding-right: 0px !important;padding-left: 0px !important;}&#8221; offset=&#8221;vc_col-lg-3 vc_col-md-6&#8243;][\/vc_column][vc_column css=&#8221;.vc_custom_1491224202091{padding-right: 0px !important;padding-left: 0px !important;}&#8221; offset=&#8221;vc_col-lg-3 vc_col-md-6&#8243;][\/vc_column][vc_column css=&#8221;.vc_custom_1491224172187{padding-right: 0px !important;padding-left: 0px !important;}&#8221; offset=&#8221;vc_col-lg-3 vc_col-md-6&#8243;][\/vc_column][\/vc_row][vc_row row_content_width=&#8221;grid&#8221; css=&#8221;.vc_custom_1742469420995{padding-top: 40px !important;padding-bottom: [&hellip;]<\/p>\n","protected":false},"author":1,"featured_media":0,"parent":10126,"menu_order":0,"comment_status":"closed","ping_status":"closed","template":"full-width.php","meta":{"footnotes":""},"class_list":["post-11226","page","type-page","status-publish","hentry"],"_links":{"self":[{"href":"https:\/\/uusi.presson.fi\/index.php\/wp-json\/wp\/v2\/pages\/11226","targetHints":{"allow":["GET"]}}],"collection":[{"href":"https:\/\/uusi.presson.fi\/index.php\/wp-json\/wp\/v2\/pages"}],"about":[{"href":"https:\/\/uusi.presson.fi\/index.php\/wp-json\/wp\/v2\/types\/page"}],"author":[{"embeddable":true,"href":"https:\/\/uusi.presson.fi\/index.php\/wp-json\/wp\/v2\/users\/1"}],"replies":[{"embeddable":true,"href":"https:\/\/uusi.presson.fi\/index.php\/wp-json\/wp\/v2\/comments?post=11226"}],"version-history":[{"count":35,"href":"https:\/\/uusi.presson.fi\/index.php\/wp-json\/wp\/v2\/pages\/11226\/revisions"}],"predecessor-version":[{"id":12884,"href":"https:\/\/uusi.presson.fi\/index.php\/wp-json\/wp\/v2\/pages\/11226\/revisions\/12884"}],"up":[{"embeddable":true,"href":"https:\/\/uusi.presson.fi\/index.php\/wp-json\/wp\/v2\/pages\/10126"}],"wp:attachment":[{"href":"https:\/\/uusi.presson.fi\/index.php\/wp-json\/wp\/v2\/media?parent=11226"}],"curies":[{"name":"wp","href":"https:\/\/api.w.org\/{rel}","templated":true}]}}