{"id":11190,"date":"2023-09-14T09:06:29","date_gmt":"2023-09-14T09:06:29","guid":{"rendered":"https:\/\/uusi.presson.fi\/?page_id=11190"},"modified":"2025-03-20T11:20:38","modified_gmt":"2025-03-20T11:20:38","slug":"hybrid-meet","status":"publish","type":"page","link":"https:\/\/uusi.presson.fi\/index.php\/ratkaisut\/hybrid-meet\/","title":{"rendered":"HybridMeet"},"content":{"rendered":"<section class=\"wpb-content-wrapper\"><p>[vc_row disable_element=&#8221;yes&#8221; css=&#8221;.vc_custom_1694775371943{padding-right: 58px !important;padding-left: 58px !important;}&#8221;][vc_column]<div class=\"edgtf-portfolio-slider-holder edgtf-pl-custom-959174  edgtf-skin-light\"><div class=\"edgtf-portfolio-list-holder edgtf-pl-gallery edgtf-pl-no-space edgtf-pl-three-columns edgtf-pl-gallery-lightbox-with-overlay edgtf-skin-light    edgtf-pl-pag-no-pagination     edgtf-pag-below-slider\"  data-type=gallery data-number-of-columns=3 data-space-between-items=no data-number-of-items=5 data-image-proportions=full data-enable-fixed-proportions=no data-enable-image-shadow=no data-category=photography data-order-by=date data-order=DESC data-item-style=gallery-lightbox-with-overlay data-overlay-skin=light data-enable-title=yes data-title-tag=h4 data-enable-category=yes data-enable-count-images=yes data-enable-excerpt=no data-excerpt-length=20 data-pagination-type=no-pagination data-filter=no data-filter-order-by=name data-enable-article-animation=no data-portfolio-slider-on=yes data-enable-loop=yes data-enable-autoplay=yes data-slider-speed=5000 data-slider-speed-animation=600 data-enable-navigation=yes data-enable-pagination=no data-pagination-position=below-slider data-custom-class=edgtf-pl-custom-959174 data-max-num-pages=0 data-next-page=2>\n\t\t\n\t<div class=\"edgtf-pl-inner edgtf-owl-slider edgtf-pl-is-slider clearfix\">\n\t\t<p class=\"edgtf-pl-not-found\">Sorry, no posts matched your criteria.<\/p>\t<\/div>\n\t\n\t<\/div><\/div>[\/vc_column][\/vc_row][vc_row css=&#8221;.vc_custom_1742469637392{padding-right: 73px !important;padding-bottom: 20px !important;padding-left: 73px !important;}&#8221;][vc_column css=&#8221;.vc_custom_1491224181315{padding-right: 0px !important;padding-left: 0px !important;}&#8221; offset=&#8221;vc_col-lg-3 vc_col-md-6&#8243;]<div class=\"edgtf-single-image-holder   edgtf-image-behavior-grayscale\">\n    <div class=\"edgtf-si-inner\">\n                                    <img loading=\"lazy\" decoding=\"async\" src=\"https:\/\/uusi.presson.fi\/wp-content\/uploads\/2023\/09\/IMG_6771-kopio-scaled-450x450.jpg\" alt=\"\" width=\"450\" height=\"450\" \/>                                <\/div>\n<\/div>[\/vc_column][vc_column css=&#8221;.vc_custom_1491224192259{padding-right: 0px !important;padding-left: 0px !important;}&#8221; offset=&#8221;vc_col-lg-3 vc_col-md-6&#8243;]<div class=\"edgtf-single-image-holder   edgtf-image-behavior-grayscale\">\n    <div class=\"edgtf-si-inner\">\n                                    <img loading=\"lazy\" decoding=\"async\" src=\"https:\/\/uusi.presson.fi\/wp-content\/uploads\/2023\/09\/Interface.5-kopio-450x450.jpg\" alt=\"\" width=\"450\" height=\"450\" \/>                                <\/div>\n<\/div>[\/vc_column][vc_column css=&#8221;.vc_custom_1491224202091{padding-right: 0px !important;padding-left: 0px !important;}&#8221; offset=&#8221;vc_col-lg-3 vc_col-md-6&#8243;]<div class=\"edgtf-single-image-holder   edgtf-image-behavior-grayscale\">\n    <div class=\"edgtf-si-inner\">\n                                    <img loading=\"lazy\" decoding=\"async\" src=\"https:\/\/uusi.presson.fi\/wp-content\/uploads\/2023\/03\/2023_FMR-450x450.jpeg\" alt=\"\" width=\"450\" height=\"450\" \/>                                <\/div>\n<\/div>[\/vc_column][vc_column css=&#8221;.vc_custom_1491224172187{padding-right: 0px !important;padding-left: 0px !important;}&#8221; offset=&#8221;vc_col-lg-3 vc_col-md-6&#8243;]<div class=\"edgtf-single-image-holder   edgtf-image-behavior-grayscale\">\n    <div class=\"edgtf-si-inner\">\n                                    <img loading=\"lazy\" decoding=\"async\" src=\"https:\/\/uusi.presson.fi\/wp-content\/uploads\/2023\/09\/IMG_6714-scaled-450x450.jpg\" alt=\"\" width=\"450\" height=\"450\" \/>                                <\/div>\n<\/div>[\/vc_column][\/vc_row][vc_row row_content_width=&#8221;grid&#8221; css=&#8221;.vc_custom_1742469326054{padding-top: 40px !important;padding-bottom: 40px !important;}&#8221; simple_background_color=&#8221;#f5f5f5&#8243;][vc_column]<div class=\"edgtf-section-title-holder edgtf-st-standard edgtf-st-title-left edgtf-st-normal-space \" style=\"padding: 0 15%;text-align: center\">\n\t<div class=\"edgtf-st-inner\">\n\t\t\t\t\t<h5 class=\"edgtf-st-title\" >\n\t\t\t\tTehokkaat hybridikokousratkaisut\t\t\t<\/h5>\n\t\t\t\t\t<\/div>\n<\/div>[vc_column_text css=&#8221;.vc_custom_1706262095134{padding-right: 200px !important;padding-left: 200px !important;}&#8221;]<\/p>\n<p style=\"text-align: left;\">HybridMeet ratkaisut mahdollistavat yritysten sis\u00e4isten ja ulkoisten palaverien j\u00e4rjest\u00e4misen joustavasti. Yritykset hy\u00f6dynt\u00e4v\u00e4t yh\u00e4 enemm\u00e4n hybridikokouksia, jotka yhdist\u00e4v\u00e4t sek\u00e4 fyysisen kokouspaikan ett\u00e4 et\u00e4osallistujat. T\u00e4llaiset kokoukset tarjoavat useita etuja, kuten ajan, rahan ja ymp\u00e4rist\u00f6n huomioimisen.<\/p>\n<p style=\"text-align: left;\">Alustoja sek\u00e4 vaihtoehtoja et\u00e4kokouksia varten on useita. Suomessa t\u00e4ll\u00e4 hetkell\u00e4 hallitseva alusta on Microsoft Teams, mutta muitakin hyvi\u00e4 vaihtoehtoja l\u00f6ytyy.<br \/>\nYleisimpi\u00e4 ratkaisuvaihtoehtoja ovat MTR (Microsoft Teams Room) tai USB- videoneuvotteluratkaisut.<br \/>\nErona n\u00e4ill\u00e4 kahdella on:<\/p>\n<p>[\/vc_column_text][\/vc_column][\/vc_row][vc_row row_content_width=&#8221;grid&#8221; css=&#8221;.vc_custom_1742469333868{padding-bottom: 40px !important;}&#8221; simple_background_color=&#8221;#f5f5f5&#8243;][vc_column width=&#8221;1\/2&#8243; offset=&#8221;vc_col-lg-6 vc_col-md-6&#8243;][vc_column_text]<\/p>\n<h5 style=\"text-align: center;\"><strong>MTR (Microsoft Teams Rooms)<br \/>\n<\/strong><\/h5>\n<p>[\/vc_column_text][vc_empty_space height=&#8221;8px&#8221;]<div class=\"edgtf-icon-list-holder\" >\n\t<div class=\"edgtf-il-icon-holder\">\n\t\t<i class=\"edgtf-icon-font-awesome fa fa-check \" style=\"font-size: 12px\"><\/i>\t<\/div>\n\t<p class=\"edgtf-il-text\" style=\"padding-left: 21px\">Neuvotteluhuoneessa on MTR laitteisto (kamerat, mikrofonit, kaiuttimet, MTR Engine joka sis\u00e4lt\u00e4\u00e4 Teams lisenssin<\/p>\n<\/div><div class=\"edgtf-icon-list-holder\" >\n\t<div class=\"edgtf-il-icon-holder\">\n\t\t<i class=\"edgtf-icon-font-awesome fa fa-check \" style=\"font-size: 12px\"><\/i>\t<\/div>\n\t<p class=\"edgtf-il-text\" style=\"padding-left: 21px\">Huone kutsutaan palaveriin mukaan eik\u00e4 tarvita omaa tietokonetta Teams palaverin luomiseen - voit tulla et\u00e4kokoukseen vaikka ilman tietokonetta<\/p>\n<\/div><div class=\"edgtf-icon-list-holder\" >\n\t<div class=\"edgtf-il-icon-holder\">\n\t\t<i class=\"edgtf-icon-font-awesome fa fa-check \" style=\"font-size: 12px\"><\/i>\t<\/div>\n\t<p class=\"edgtf-il-text\" style=\"padding-left: 21px\">Materiaalia voi jakaa et\u00e4kokoukseen vain kytkem\u00e4ll\u00e4 kuva kaapeli omaan tietokoneeseen<\/p>\n<\/div><div class=\"edgtf-icon-list-holder\" >\n\t<div class=\"edgtf-il-icon-holder\">\n\t\t<i class=\"edgtf-icon-font-awesome fa fa-check \" style=\"font-size: 12px\"><\/i>\t<\/div>\n\t<p class=\"edgtf-il-text\" style=\"padding-left: 21px\">Materiaalin jakajaa voidaan vaihtaa kaapelia vaihtamalla tai ohjauspaneelista valitsemalla toinen esityskaapeli<\/p>\n<\/div>[\/vc_column][vc_column width=&#8221;1\/2&#8243; offset=&#8221;vc_col-lg-6 vc_col-md-6&#8243;][vc_column_text]<\/p>\n<h5 style=\"text-align: center;\"><strong>USB-videoneuvottelu (VideoConnect)<\/strong><\/h5>\n<p>[\/vc_column_text][vc_empty_space height=&#8221;8px&#8221;]<div class=\"edgtf-icon-list-holder\" >\n\t<div class=\"edgtf-il-icon-holder\">\n\t\t<i class=\"edgtf-icon-font-awesome fa fa-check \" style=\"font-size: 12px\"><\/i>\t<\/div>\n\t<p class=\"edgtf-il-text\" style=\"padding-left: 21px\">Et\u00e4neuvottelusoftaa k\u00e4ytet\u00e4\u00e4n omalta tietokoneelta joka kytket\u00e4\u00e4n huoneen kameraan, mikrofoneihin ja kaiuttimiin USB-kaapelin kautta<\/p>\n<\/div><div class=\"edgtf-icon-list-holder\" >\n\t<div class=\"edgtf-il-icon-holder\">\n\t\t<i class=\"edgtf-icon-font-awesome fa fa-check \" style=\"font-size: 12px\"><\/i>\t<\/div>\n\t<p class=\"edgtf-il-text\" style=\"padding-left: 21px\">K\u00e4ytt\u00e4j\u00e4n pit\u00e4\u00e4 valita omalta tietokoneeltaan oikea kamera, mikrofoni sek\u00e4 kaiuttimet.<\/p>\n<\/div><div class=\"edgtf-icon-list-holder\" >\n\t<div class=\"edgtf-il-icon-holder\">\n\t\t<i class=\"edgtf-icon-font-awesome fa fa-check \" style=\"font-size: 12px\"><\/i>\t<\/div>\n\t<p class=\"edgtf-il-text\" style=\"padding-left: 21px\">Esitt\u00e4j\u00e4\u00e4 ei voida vaihtaa kesken palaverin, tai toisen esitt\u00e4j\u00e4n pit\u00e4\u00e4 liitty\u00e4 kokoukseen omalla tietokoneellaan ja jakaa materiaalia Teams sovelluksen kautta kaikille osallistujille<\/p>\n<\/div>[\/vc_column][\/vc_row][vc_row disable_element=&#8221;yes&#8221; row_content_width=&#8221;grid&#8221; css=&#8221;.vc_custom_1694775910923{padding-top: 100px !important;padding-bottom: 38px !important;}&#8221;][vc_column offset=&#8221;vc_col-lg-4 vc_col-md-4&#8243;][vc_column_text css=&#8221;.vc_custom_1491227265999{padding-right: 26% !important;}&#8221;]<\/p>\n<h4>IMAGE GALLERIES AND INTERACTIVE FEATURES.<\/h4>\n<p>[\/vc_column_text][vc_empty_space height=&#8221;50px&#8221;][\/vc_column][vc_column offset=&#8221;vc_col-lg-4 vc_col-md-4&#8243;]<div class=\"edgtf-icon-list-holder\" >\n\t<div class=\"edgtf-il-icon-holder\">\n\t\t<i class=\"edgtf-icon-font-awesome fa fa-check \" style=\"font-size: 12px\"><\/i>\t<\/div>\n\t<p class=\"edgtf-il-text\" style=\"padding-left: 21px\">Adipiscing elit, sed do eiusmod tempor<\/p>\n<\/div><div class=\"edgtf-icon-list-holder\" >\n\t<div class=\"edgtf-il-icon-holder\">\n\t\t<i class=\"edgtf-icon-font-awesome fa fa-check \" style=\"font-size: 12px\"><\/i>\t<\/div>\n\t<p class=\"edgtf-il-text\" style=\"padding-left: 21px\">Incididunt ut labore et dolore magna aliqua<\/p>\n<\/div><div class=\"edgtf-icon-list-holder\" >\n\t<div class=\"edgtf-il-icon-holder\">\n\t\t<i class=\"edgtf-icon-font-awesome fa fa-check \" style=\"font-size: 12px\"><\/i>\t<\/div>\n\t<p class=\"edgtf-il-text\" style=\"padding-left: 21px\">Ut enim ad minim veniam, quis<\/p>\n<\/div><div class=\"edgtf-icon-list-holder\" >\n\t<div class=\"edgtf-il-icon-holder\">\n\t\t<i class=\"edgtf-icon-font-awesome fa fa-check \" style=\"font-size: 12px\"><\/i>\t<\/div>\n\t<p class=\"edgtf-il-text\" style=\"padding-left: 21px\">Nostrud exercitation ullamco laboris nisi<\/p>\n<\/div>[vc_empty_space height=&#8221;50px&#8221;][\/vc_column][vc_column offset=&#8221;vc_col-lg-4 vc_col-md-4&#8243;]<div class=\"edgtf-icon-list-holder\" >\n\t<div class=\"edgtf-il-icon-holder\">\n\t\t<i class=\"edgtf-icon-font-awesome fa fa-check \" style=\"font-size: 12px\"><\/i>\t<\/div>\n\t<p class=\"edgtf-il-text\" style=\"padding-left: 21px\">Lorem ipsum dolor sit amet consectetur<\/p>\n<\/div><div class=\"edgtf-icon-list-holder\" >\n\t<div class=\"edgtf-il-icon-holder\">\n\t\t<i class=\"edgtf-icon-font-awesome fa fa-check \" style=\"font-size: 12px\"><\/i>\t<\/div>\n\t<p class=\"edgtf-il-text\" style=\"padding-left: 21px\">Nostrud exercitation ullamco laboris nisi<\/p>\n<\/div><div class=\"edgtf-icon-list-holder\" >\n\t<div class=\"edgtf-il-icon-holder\">\n\t\t<i class=\"edgtf-icon-font-awesome fa fa-check \" style=\"font-size: 12px\"><\/i>\t<\/div>\n\t<p class=\"edgtf-il-text\" style=\"padding-left: 21px\">Ut enim ad minim veniam, quis<\/p>\n<\/div><div class=\"edgtf-icon-list-holder\" >\n\t<div class=\"edgtf-il-icon-holder\">\n\t\t<i class=\"edgtf-icon-font-awesome fa fa-check \" style=\"font-size: 12px\"><\/i>\t<\/div>\n\t<p class=\"edgtf-il-text\" style=\"padding-left: 21px\">Adipiscing elit, sed do eiusmod tempor<\/p>\n<\/div>[vc_empty_space height=&#8221;50px&#8221;][\/vc_column][\/vc_row][vc_row row_content_width=&#8221;grid&#8221; css=&#8221;.vc_custom_1742469384887{padding-top: 20px !important;padding-bottom: 40px !important;}&#8221;][vc_column offset=&#8221;vc_col-lg-4 vc_col-md-4&#8243;]<div class=\"edgtf-single-image-holder   \">\n    <div class=\"edgtf-si-inner\">\n                                    <img loading=\"lazy\" decoding=\"async\" src=\"https:\/\/uusi.presson.fi\/wp-content\/uploads\/2023\/09\/vainu_lounge2-kopio-450x675.jpg\" alt=\"\" width=\"450\" height=\"675\" \/>                                <\/div>\n<\/div>[\/vc_column][vc_column offset=&#8221;vc_col-lg-4 vc_col-md-4&#8243;]<div class=\"edgtf-single-image-holder   \">\n    <div class=\"edgtf-si-inner\">\n                                    <img loading=\"lazy\" decoding=\"async\" src=\"https:\/\/uusi.presson.fi\/wp-content\/uploads\/2023\/03\/2023_Custom-nayttokalusteet-450x675.jpeg\" alt=\"\" width=\"450\" height=\"675\" \/>                                <\/div>\n<\/div>[\/vc_column][vc_column offset=&#8221;vc_col-lg-4 vc_col-md-4&#8243;]<div class=\"edgtf-single-image-holder   \">\n    <div class=\"edgtf-si-inner\">\n                                    <img loading=\"lazy\" decoding=\"async\" src=\"https:\/\/uusi.presson.fi\/wp-content\/uploads\/2021\/09\/test3-450x675.jpg\" alt=\"\" width=\"450\" height=\"675\" \/>                                <\/div>\n<\/div>[\/vc_column][\/vc_row][vc_row content_placement=&#8221;middle&#8221; row_content_width=&#8221;grid&#8221; simple_background_color=&#8221;#f5f5f5&#8243;][vc_column]<div class=\"edgtf-clients-carousel-holder  edgtf-cc-hover-switch-images\">\n\t<div class=\"edgtf-cc-inner edgtf-owl-slider\" data-number-of-items=\"8\" data-enable-loop=\"yes\" data-enable-autoplay=\"yes\" data-slider-speed=\"2000\" data-slider-speed-animation=\"600\" data-enable-navigation=\"no\" data-enable-pagination=\"yes\">\n\t\t<div class=\"edgtf-cc-item \">\n\t\t\t<a itemprop=\"url\" class=\"edgtf-cc-link edgtf-block-drag-link\" href=\"https:\/\/www.crestron.com\/\" target=\"_blank\">\n\t\t\t\t\t\t<img decoding=\"async\" itemprop=\"image\" class=\"edgtf-cc-image\" src=\"https:\/\/uusi.presson.fi\/wp-content\/uploads\/2023\/09\/crestron2018-logo2.png\" alt=\"\" \/>\n\t\t\t\t\t\t\t<img decoding=\"async\" itemprop=\"image\" class=\"edgtf-cc-hover-image\" src=\"https:\/\/uusi.presson.fi\/wp-content\/uploads\/2023\/09\/crestron2018-logo.png\" alt=\"\" \/>\n\t\t\t\t\t<\/a>\n\t<\/div><div class=\"edgtf-cc-item \">\n\t\t\t\t\t\t<\/div><div class=\"edgtf-cc-item \">\n\t\t\t\t\t\t<img decoding=\"async\" itemprop=\"image\" class=\"edgtf-cc-image\" src=\"https:\/\/uusi.presson.fi\/wp-content\/uploads\/2023\/09\/genelec-logo2.png\" alt=\"\" \/>\n\t\t\t\t\t\t\t<img decoding=\"async\" itemprop=\"image\" class=\"edgtf-cc-hover-image\" src=\"https:\/\/uusi.presson.fi\/wp-content\/uploads\/2023\/09\/genelec-logo.png\" alt=\"\" \/>\n\t\t\t<\/div><div class=\"edgtf-cc-item \">\n\t\t\t\t\t\t<\/div><div class=\"edgtf-cc-item \">\n\t\t\t<a itemprop=\"url\" class=\"edgtf-cc-link edgtf-block-drag-link\" href=\"https:\/\/www.lg.com\/fi\" target=\"_blank\">\n\t\t\t\t\t\t<img decoding=\"async\" itemprop=\"image\" class=\"edgtf-cc-image\" src=\"https:\/\/uusi.presson.fi\/wp-content\/uploads\/2023\/09\/lg-logo2.png\" alt=\"\" \/>\n\t\t\t\t\t\t\t<img decoding=\"async\" itemprop=\"image\" class=\"edgtf-cc-hover-image\" src=\"https:\/\/uusi.presson.fi\/wp-content\/uploads\/2023\/09\/lg-logo.png\" alt=\"\" \/>\n\t\t\t\t\t<\/a>\n\t<\/div><div class=\"edgtf-cc-item \">\n\t\t\t\t\t\t<\/div><div class=\"edgtf-cc-item \">\n\t\t\t<a itemprop=\"url\" class=\"edgtf-cc-link edgtf-block-drag-link\" href=\"https:\/\/www.panasonic.com\/fi\/\" target=\"_blank\">\n\t\t\t\t\t\t<img decoding=\"async\" itemprop=\"image\" class=\"edgtf-cc-image\" src=\"https:\/\/uusi.presson.fi\/wp-content\/uploads\/2023\/09\/panasonic-logo2.png\" alt=\"\" \/>\n\t\t\t\t\t\t\t<img decoding=\"async\" itemprop=\"image\" class=\"edgtf-cc-hover-image\" src=\"https:\/\/uusi.presson.fi\/wp-content\/uploads\/2023\/09\/panasonic-logo.png\" alt=\"\" \/>\n\t\t\t\t\t<\/a>\n\t<\/div><div class=\"edgtf-cc-item \">\n\t\t\t\t\t\t<\/div><div class=\"edgtf-cc-item \">\n\t\t\t<a itemprop=\"url\" class=\"edgtf-cc-link edgtf-block-drag-link\" href=\"https:\/\/www.samsung.com\/fi\/\" target=\"_blank\">\n\t\t\t\t\t\t<img decoding=\"async\" itemprop=\"image\" class=\"edgtf-cc-image\" src=\"https:\/\/uusi.presson.fi\/wp-content\/uploads\/2023\/09\/samsung-logo2.png\" alt=\"\" \/>\n\t\t\t\t\t\t\t<img decoding=\"async\" itemprop=\"image\" class=\"edgtf-cc-hover-image\" src=\"https:\/\/uusi.presson.fi\/wp-content\/uploads\/2023\/09\/samsung-logo.png\" alt=\"\" \/>\n\t\t\t\t\t<\/a>\n\t<\/div><div class=\"edgtf-cc-item \">\n\t\t\t\t\t\t<\/div><div class=\"edgtf-cc-item \">\n\t\t\t<a itemprop=\"url\" class=\"edgtf-cc-link edgtf-block-drag-link\" href=\"https:\/\/en-fi.sennheiser.com\/\" target=\"_blank\">\n\t\t\t\t\t\t<img decoding=\"async\" itemprop=\"image\" class=\"edgtf-cc-image\" src=\"https:\/\/uusi.presson.fi\/wp-content\/uploads\/2023\/09\/sennheiser-logo2.png\" alt=\"\" \/>\n\t\t\t\t\t\t\t<img decoding=\"async\" itemprop=\"image\" class=\"edgtf-cc-hover-image\" src=\"https:\/\/uusi.presson.fi\/wp-content\/uploads\/2023\/09\/sennheiser-logo.png\" alt=\"\" \/>\n\t\t\t\t\t<\/a>\n\t<\/div><div class=\"edgtf-cc-item \">\n\t\t\t\t\t\t<\/div><div class=\"edgtf-cc-item \">\n\t\t\t<a itemprop=\"url\" class=\"edgtf-cc-link edgtf-block-drag-link\" href=\"https:\/\/www.symetrix.co\/\" target=\"_blank\">\n\t\t\t\t\t\t<img decoding=\"async\" itemprop=\"image\" class=\"edgtf-cc-image\" src=\"https:\/\/uusi.presson.fi\/wp-content\/uploads\/2023\/09\/symetrix-logo2.png\" alt=\"\" \/>\n\t\t\t\t\t\t\t<img decoding=\"async\" itemprop=\"image\" class=\"edgtf-cc-hover-image\" src=\"https:\/\/uusi.presson.fi\/wp-content\/uploads\/2023\/09\/symetrix-logo.png\" alt=\"\" \/>\n\t\t\t\t\t<\/a>\n\t<\/div><div class=\"edgtf-cc-item \">\n\t\t\t\t\t\t<\/div>\t<\/div>\n<\/div>[\/vc_column][\/vc_row]<\/p>\n<\/section>","protected":false},"excerpt":{"rendered":"<p>[vc_row disable_element=&#8221;yes&#8221; css=&#8221;.vc_custom_1694775371943{padding-right: 58px !important;padding-left: 58px !important;}&#8221;][vc_column][\/vc_column][\/vc_row][vc_row css=&#8221;.vc_custom_1742469637392{padding-right: 73px !important;padding-bottom: 20px !important;padding-left: 73px !important;}&#8221;][vc_column css=&#8221;.vc_custom_1491224181315{padding-right: 0px !important;padding-left: 0px !important;}&#8221; offset=&#8221;vc_col-lg-3 vc_col-md-6&#8243;][\/vc_column][vc_column css=&#8221;.vc_custom_1491224192259{padding-right: 0px !important;padding-left: 0px !important;}&#8221; offset=&#8221;vc_col-lg-3 vc_col-md-6&#8243;][\/vc_column][vc_column css=&#8221;.vc_custom_1491224202091{padding-right: 0px !important;padding-left: 0px !important;}&#8221; offset=&#8221;vc_col-lg-3 vc_col-md-6&#8243;][\/vc_column][vc_column css=&#8221;.vc_custom_1491224172187{padding-right: 0px !important;padding-left: 0px !important;}&#8221; [&hellip;]<\/p>\n","protected":false},"author":1,"featured_media":0,"parent":10126,"menu_order":0,"comment_status":"closed","ping_status":"closed","template":"full-width.php","meta":{"footnotes":""},"class_list":["post-11190","page","type-page","status-publish","hentry"],"_links":{"self":[{"href":"https:\/\/uusi.presson.fi\/index.php\/wp-json\/wp\/v2\/pages\/11190","targetHints":{"allow":["GET"]}}],"collection":[{"href":"https:\/\/uusi.presson.fi\/index.php\/wp-json\/wp\/v2\/pages"}],"about":[{"href":"https:\/\/uusi.presson.fi\/index.php\/wp-json\/wp\/v2\/types\/page"}],"author":[{"embeddable":true,"href":"https:\/\/uusi.presson.fi\/index.php\/wp-json\/wp\/v2\/users\/1"}],"replies":[{"embeddable":true,"href":"https:\/\/uusi.presson.fi\/index.php\/wp-json\/wp\/v2\/comments?post=11190"}],"version-history":[{"count":101,"href":"https:\/\/uusi.presson.fi\/index.php\/wp-json\/wp\/v2\/pages\/11190\/revisions"}],"predecessor-version":[{"id":12843,"href":"https:\/\/uusi.presson.fi\/index.php\/wp-json\/wp\/v2\/pages\/11190\/revisions\/12843"}],"up":[{"embeddable":true,"href":"https:\/\/uusi.presson.fi\/index.php\/wp-json\/wp\/v2\/pages\/10126"}],"wp:attachment":[{"href":"https:\/\/uusi.presson.fi\/index.php\/wp-json\/wp\/v2\/media?parent=11190"}],"curies":[{"name":"wp","href":"https:\/\/api.w.org\/{rel}","templated":true}]}}