{"id":10776,"date":"2023-04-05T09:44:33","date_gmt":"2023-04-05T09:44:33","guid":{"rendered":"https:\/\/uusi.presson.fi\/?page_id=10776"},"modified":"2024-01-26T12:20:49","modified_gmt":"2024-01-26T12:20:49","slug":"toimitusehdot","status":"publish","type":"page","link":"https:\/\/uusi.presson.fi\/index.php\/toimitusehdot\/","title":{"rendered":"Toimitusehdot"},"content":{"rendered":"<section class=\"wpb-content-wrapper\"><p>[vc_row disable_element=&#8221;yes&#8221; row_content_width=&#8221;grid&#8221; content_text_aligment=&#8221;center&#8221; css=&#8221;.vc_custom_1680687533976{padding-top: 99px !important;padding-bottom: 30px !important;}&#8221;][vc_column][\/vc_column][\/vc_row][vc_row][vc_column][vc_empty_space][\/vc_column][\/vc_row][vc_row row_content_width=&#8221;grid&#8221; content_text_aligment=&#8221;center&#8221; css=&#8221;.vc_custom_1692356368666{padding-top: 99px !important;padding-bottom: 30px !important;}&#8221; simple_background_color=&#8221;#f5f5f5&#8243;][vc_column width=&#8221;1\/6&#8243;][\/vc_column][vc_column width=&#8221;2\/3&#8243;][vc_column_text]<\/p>\n<h4 style=\"text-align: left;\">Toimitusehdot<\/h4>\n<div class=\"fusion-text fusion-text-1\" style=\"text-align: left;\">\n<p><strong>Yleisesti<\/strong><\/p>\n<p>Tuotteet ja palvelut vapaasti varastossamme Juvantie 4, Espoo<\/p>\n<p><strong>Hinnat<\/strong><br \/>\nMuodossa \u20ac (euroa) ja ALV 0%<\/p>\n<p><strong>Tarjouksen voimassaolo<\/strong><br \/>\n30p\u00e4iv\u00e4\u00e4 tarjouksen p\u00e4iv\u00e4yksest\u00e4<\/p>\n<p><strong>Tilaus<\/strong><br \/>\nTarjouspohjaisessa kaupassa sopimus syntyy, kun ostaja on ilmoittanut hyv\u00e4ksyv\u00e4ns\u00e4 myyj\u00e4n tekem\u00e4n tarjouksen.<\/p>\n<p><strong>Toimitusaika<\/strong><br \/>\nVahvistetaan tilauksen yhteydess\u00e4<\/p>\n<p><strong>Omistusoikeuden siirtyminen<\/strong><br \/>\nOmistusoikeus toimitettavaan tavaraan siirtyy myyj\u00e4lt\u00e4 ostajalle silloin, kun kauppahinta on kokonaisuudessaan maksettu.<\/p>\n<p><strong>Maksuehto<\/strong><br \/>\n14pv netto.<br \/>\n21pv + 0,8% maksutapakorotus.<br \/>\n30pv + 1,2% maksutapakorotus.<\/p>\n<p><strong>Viiv\u00e4styskorko<\/strong><br \/>\n12,5%<\/p>\n<p><strong>Takuu<br \/>\n<\/strong>Asennusten osalta 1 vuosi<br \/>\nPresson-kalusteiden osalta 3 vuotta<br \/>\nMuiden tuotteiden osalta valmistajan ilmoituksen mukaan<\/p>\n<p>&nbsp;<\/p>\n<p><strong>Presson Oy<\/strong><br \/>\n<strong>y-tunnus: FI22154086<\/strong><\/p>\n<\/div>\n<p>[\/vc_column_text][\/vc_column][vc_column width=&#8221;1\/6&#8243;][\/vc_column][\/vc_row][vc_row disable_element=&#8221;yes&#8221;][vc_column width=&#8221;1\/5&#8243;][\/vc_column][vc_column width=&#8221;1\/5&#8243;]<div class=\"edgtf-elements-holder edgtf-one-column edgtf-responsive-mode-768 edgtf-one-column-alignment-center\" ><div class=\"edgtf-eh-item edgtf-horizontal-alignment-center\"  data-item-class=\"edgtf-eh-custom-430955\" data-768-1024=\"0 8% 0 0\" data-600-768=\"0 60% 0 0\" data-480=\"0 31% 0 16%\">\n\t<div class=\"edgtf-eh-item-inner\">\n\t\t<div class=\"edgtf-eh-item-content edgtf-eh-custom-430955\" >\n\t\t\t<div class=\"edgtf-iwt clearfix edgtf-iwt-icon-top edgtf-iwt-icon-medium edgtf-iwt-center-align edgtf-iwt-vertical-middle\">\n\t<div class=\"edgtf-iwt-icon\">\n\t\t\t\t\t<a itemprop=\"url\" href=\"#\" target=\"_self\">\n\t\t\t\t\t\t\t\t\t<img loading=\"lazy\" decoding=\"async\" width=\"42\" height=\"46\" src=\"https:\/\/uusi.presson.fi\/wp-content\/uploads\/2017\/04\/et-icon-8.png\" class=\"attachment-full size-full\" alt=\"d\" \/>\t\t\t\t\t\t\t\t<\/a>\n\t\t\t<\/div>\n\t<div class=\"edgtf-iwt-content\" style=\"padding-top: 24px\">\n\t\t\t\t\t<h6 class=\"edgtf-iwt-title\" >\n\t\t\t\t\t\t\t\t\t<a itemprop=\"url\" href=\"#\" target=\"_self\">\n\t\t\t\t\t\t\t\t<span class=\"edgtf-iwt-title-text\">Osoite<\/span>\n\t\t\t\t\t\t\t\t\t<\/a>\n\t\t\t\t\t\t\t<\/h6>\n\t\t\t\t\t\t\t<p class=\"edgtf-iwt-text\" style=\"font-size: 14px\">Juvantie 4, 02920 Espoo<\/p>\n\t\t\t<\/div>\n<\/div>\t\t<\/div>\n\t<\/div>\n<\/div><\/div>[\/vc_column][vc_column width=&#8221;1\/5&#8243;]<div class=\"edgtf-elements-holder edgtf-one-column edgtf-responsive-mode-768 edgtf-one-column-alignment-center\" ><div class=\"edgtf-eh-item edgtf-horizontal-alignment-center\"  data-item-class=\"edgtf-eh-custom-205738\" data-768-1024=\"0 8% 0 0\" data-600-768=\"0 60% 0 0\" data-480=\"0 31% 0 16%\">\n\t<div class=\"edgtf-eh-item-inner\">\n\t\t<div class=\"edgtf-eh-item-content edgtf-eh-custom-205738\" >\n\t\t\t<div class=\"edgtf-iwt clearfix edgtf-iwt-icon-top edgtf-iwt-icon-medium edgtf-iwt-center-align edgtf-iwt-vertical-middle\">\n\t<div class=\"edgtf-iwt-icon\">\n\t\t\t\t\t<a itemprop=\"url\" href=\"#\" target=\"_self\">\n\t\t\t\t\t\t\t\t\t<img loading=\"lazy\" decoding=\"async\" width=\"39\" height=\"46\" src=\"https:\/\/uusi.presson.fi\/wp-content\/uploads\/2017\/04\/et-icon-9.png\" class=\"attachment-full size-full\" alt=\"d\" \/>\t\t\t\t\t\t\t\t<\/a>\n\t\t\t<\/div>\n\t<div class=\"edgtf-iwt-content\" style=\"padding-top: 24px\">\n\t\t\t\t\t<h6 class=\"edgtf-iwt-title\" >\n\t\t\t\t\t\t\t\t\t<a itemprop=\"url\" href=\"#\" target=\"_self\">\n\t\t\t\t\t\t\t\t<span class=\"edgtf-iwt-title-text\">S\u00e4hk\u00f6posti<\/span>\n\t\t\t\t\t\t\t\t\t<\/a>\n\t\t\t\t\t\t\t<\/h6>\n\t\t\t\t\t\t\t<p class=\"edgtf-iwt-text\" style=\"font-size: 14px\">myynti@presson.fi<\/p>\n\t\t\t<\/div>\n<\/div>\t\t<\/div>\n\t<\/div>\n<\/div><\/div>[\/vc_column][vc_column width=&#8221;1\/5&#8243;]<div class=\"edgtf-elements-holder edgtf-one-column edgtf-responsive-mode-768 edgtf-one-column-alignment-center\" ><div class=\"edgtf-eh-item edgtf-horizontal-alignment-center\"  data-item-class=\"edgtf-eh-custom-539602\" data-768-1024=\"0 8% 0 0\" data-600-768=\"0 60% 0 0\" data-480=\"0 31% 0 16%\">\n\t<div class=\"edgtf-eh-item-inner\">\n\t\t<div class=\"edgtf-eh-item-content edgtf-eh-custom-539602\" >\n\t\t\t<div class=\"edgtf-iwt clearfix edgtf-iwt-icon-top edgtf-iwt-icon-medium edgtf-iwt-center-align edgtf-iwt-vertical-middle\">\n\t<div class=\"edgtf-iwt-icon\">\n\t\t\t\t\t<a itemprop=\"url\" href=\"#\" target=\"_self\">\n\t\t\t\t\t\t\t\t\t<img loading=\"lazy\" decoding=\"async\" width=\"27\" height=\"46\" src=\"https:\/\/uusi.presson.fi\/wp-content\/uploads\/2017\/04\/et-icon-10.png\" class=\"attachment-full size-full\" alt=\"d\" \/>\t\t\t\t\t\t\t\t<\/a>\n\t\t\t<\/div>\n\t<div class=\"edgtf-iwt-content\" style=\"padding-top: 24px\">\n\t\t\t\t\t<h6 class=\"edgtf-iwt-title\" >\n\t\t\t\t\t\t\t\t\t<a itemprop=\"url\" href=\"#\" target=\"_self\">\n\t\t\t\t\t\t\t\t<span class=\"edgtf-iwt-title-text\">Puhelin<\/span>\n\t\t\t\t\t\t\t\t\t<\/a>\n\t\t\t\t\t\t\t<\/h6>\n\t\t\t\t\t\t\t<p class=\"edgtf-iwt-text\" style=\"font-size: 14px\">029 1707 606<\/p>\n\t\t\t<\/div>\n<\/div>\t\t<\/div>\n\t<\/div>\n<\/div><\/div>[\/vc_column][vc_column width=&#8221;1\/5&#8243;][\/vc_column][\/vc_row][vc_row][vc_column][vc_empty_space][\/vc_column][\/vc_row][vc_row disable_element=&#8221;yes&#8221;][vc_column width=&#8221;1\/5&#8243;][\/vc_column][vc_column width=&#8221;1\/5&#8243;]<div class=\"edgtf-team-holder edgtf-team-info-below-image edgtf-team-square edgtf-team-align-center\">\n\t<div class=\"edgtf-team-inner\">\n\t\t\t\t\t<div class=\"edgtf-team-image\">\n                <img loading=\"lazy\" decoding=\"async\" width=\"500\" height=\"500\" src=\"https:\/\/uusi.presson.fi\/wp-content\/uploads\/2023\/03\/Hannu_Iljanto.png\" class=\"attachment-full size-full\" alt=\"\" srcset=\"https:\/\/uusi.presson.fi\/wp-content\/uploads\/2023\/03\/Hannu_Iljanto.png 500w, https:\/\/uusi.presson.fi\/wp-content\/uploads\/2023\/03\/Hannu_Iljanto-300x300.png 300w, https:\/\/uusi.presson.fi\/wp-content\/uploads\/2023\/03\/Hannu_Iljanto-100x100.png 100w, https:\/\/uusi.presson.fi\/wp-content\/uploads\/2023\/03\/Hannu_Iljanto-150x150.png 150w\" sizes=\"auto, (max-width: 500px) 100vw, 500px\" \/>\t\t\t\t<div class=\"edgtf-team-social-wrapper\">\n\t\t\t\t\t<div class=\"edgtf-team-social-outer\">\n\t\t\t\t\t\t<div class=\"edgtf-team-social-inner\">\n\t\t\t\t\t\t\t\t\t\t\t\t\t\t\t<div class=\"edgtf-team-social-holder\">\n\t\t\t\t\t\t\t\t\t\t\t\t\t\t\t\t\t\t\t<span class=\"edgtf-team-icon\">    <span class=\"edgtf-icon-shortcode edgtf-normal \">\n                    <a class=\"\" href=\"https:\/\/www.linkedin.com\/in\/hannu-iljanto-6a741986\/\" target=\"_blank\">\n                    <i class=\"edgtf-icon-simple-line-icon icon-social-linkedin edgtf-icon-element\"><\/i>                    <\/a>\n            <\/span>\n<\/span>\n\t\t\t\t\t\t\t\t\t\t\t\t\t\t\t\t\t<\/div>\n\t\t\t\t\t\t\t\t\t\t\t\t\t<\/div>\n\t\t\t\t\t<\/div>\n\t\t\t\t<\/div>\n\t\t\t<\/div>\n\t\t\t\t<div class=\"edgtf-team-info\">\n\t\t\t\t\t\t\t<h6 class=\"edgtf-team-name\" >Hannu Iljanto<\/h6>\n\t\t\t\t\t\t\t\t\t\t<p class=\"edgtf-team-position\" >CEO, Sales and design<\/p>\n\t\t\t\t\t<\/div>\n\t<\/div>\n<\/div>[\/vc_column][vc_column width=&#8221;1\/5&#8243;]<div class=\"edgtf-team-holder edgtf-team-info-below-image edgtf-team-square edgtf-team-align-center\">\n\t<div class=\"edgtf-team-inner\">\n\t\t\t\t\t<div class=\"edgtf-team-image\">\n                <img loading=\"lazy\" decoding=\"async\" width=\"500\" height=\"500\" src=\"https:\/\/uusi.presson.fi\/wp-content\/uploads\/2023\/03\/Lotta_Kosunen.png\" class=\"attachment-full size-full\" alt=\"\" srcset=\"https:\/\/uusi.presson.fi\/wp-content\/uploads\/2023\/03\/Lotta_Kosunen.png 500w, https:\/\/uusi.presson.fi\/wp-content\/uploads\/2023\/03\/Lotta_Kosunen-300x300.png 300w, https:\/\/uusi.presson.fi\/wp-content\/uploads\/2023\/03\/Lotta_Kosunen-100x100.png 100w, https:\/\/uusi.presson.fi\/wp-content\/uploads\/2023\/03\/Lotta_Kosunen-150x150.png 150w\" sizes=\"auto, (max-width: 500px) 100vw, 500px\" \/>\t\t\t\t<div class=\"edgtf-team-social-wrapper\">\n\t\t\t\t\t<div class=\"edgtf-team-social-outer\">\n\t\t\t\t\t\t<div class=\"edgtf-team-social-inner\">\n\t\t\t\t\t\t\t\t\t\t\t\t\t\t\t<div class=\"edgtf-team-social-holder\">\n\t\t\t\t\t\t\t\t\t\t\t\t\t\t\t\t\t\t\t<span class=\"edgtf-team-icon\">    <span class=\"edgtf-icon-shortcode edgtf-normal \">\n                    <a class=\"\" href=\"https:\/\/www.linkedin.com\/in\/lotta-k-668453120\/\" target=\"_blank\">\n                    <i class=\"edgtf-icon-simple-line-icon icon-social-linkedin edgtf-icon-element\"><\/i>                    <\/a>\n            <\/span>\n<\/span>\n\t\t\t\t\t\t\t\t\t\t\t\t\t\t\t\t\t<\/div>\n\t\t\t\t\t\t\t\t\t\t\t\t\t<\/div>\n\t\t\t\t\t<\/div>\n\t\t\t\t<\/div>\n\t\t\t<\/div>\n\t\t\t\t<div class=\"edgtf-team-info\">\n\t\t\t\t\t\t\t<h6 class=\"edgtf-team-name\" >Lotta Kosunen<\/h6>\n\t\t\t\t\t\t\t\t\t\t<p class=\"edgtf-team-position\" >Customer service, purchases and sales<\/p>\n\t\t\t\t\t<\/div>\n\t<\/div>\n<\/div>[\/vc_column][vc_column width=&#8221;1\/5&#8243;]<div class=\"edgtf-team-holder edgtf-team-info-below-image edgtf-team-square edgtf-team-align-center\">\n\t<div class=\"edgtf-team-inner\">\n\t\t\t\t\t<div class=\"edgtf-team-image\">\n                <img loading=\"lazy\" decoding=\"async\" width=\"500\" height=\"500\" src=\"https:\/\/uusi.presson.fi\/wp-content\/uploads\/2023\/03\/Rami_500x500.png\" class=\"attachment-full size-full\" alt=\"\" srcset=\"https:\/\/uusi.presson.fi\/wp-content\/uploads\/2023\/03\/Rami_500x500.png 500w, https:\/\/uusi.presson.fi\/wp-content\/uploads\/2023\/03\/Rami_500x500-300x300.png 300w, https:\/\/uusi.presson.fi\/wp-content\/uploads\/2023\/03\/Rami_500x500-100x100.png 100w, https:\/\/uusi.presson.fi\/wp-content\/uploads\/2023\/03\/Rami_500x500-150x150.png 150w\" sizes=\"auto, (max-width: 500px) 100vw, 500px\" \/>\t\t\t\t<div class=\"edgtf-team-social-wrapper\">\n\t\t\t\t\t<div class=\"edgtf-team-social-outer\">\n\t\t\t\t\t\t<div class=\"edgtf-team-social-inner\">\n\t\t\t\t\t\t\t\t\t\t\t\t\t\t\t<div class=\"edgtf-team-social-holder\">\n\t\t\t\t\t\t\t\t\t\t\t\t\t\t\t\t\t\t\t<span class=\"edgtf-team-icon\">    <span class=\"edgtf-icon-shortcode edgtf-normal \">\n                    <a class=\"\" href=\"https:\/\/www.linkedin.com\/in\/rami-ruotsala-ab451228\/\" target=\"_blank\">\n                    <i class=\"edgtf-icon-simple-line-icon icon-social-linkedin edgtf-icon-element\"><\/i>                    <\/a>\n            <\/span>\n<\/span>\n\t\t\t\t\t\t\t\t\t\t\t\t\t\t\t\t\t<\/div>\n\t\t\t\t\t\t\t\t\t\t\t\t\t<\/div>\n\t\t\t\t\t<\/div>\n\t\t\t\t<\/div>\n\t\t\t<\/div>\n\t\t\t\t<div class=\"edgtf-team-info\">\n\t\t\t\t\t\t\t<h6 class=\"edgtf-team-name\" >Rami Ruotsala<\/h6>\n\t\t\t\t\t\t\t\t\t\t<p class=\"edgtf-team-position\" >Sales, design and project management<\/p>\n\t\t\t\t\t<\/div>\n\t<\/div>\n<\/div>[\/vc_column][vc_column width=&#8221;1\/5&#8243;][\/vc_column][\/vc_row][vc_row][vc_column][vc_empty_space][\/vc_column][\/vc_row][vc_row gap=&#8221;25&#8243; disable_element=&#8221;yes&#8221; row_content_width=&#8221;grid&#8221; content_text_aligment=&#8221;left&#8221; simple_background_color=&#8221;#f5f5f5&#8243; css=&#8221;.vc_custom_1680687323574{padding-top: 85px !important;padding-bottom: 47px !important;}&#8221;][vc_column offset=&#8221;vc_col-lg-6 vc_col-md-6&#8243;][vc_gmaps link=&#8221;#E-8_JTBBJTNDaWZyYW1lJTIwc3JjJTNEJTIyaHR0cHMlM0ElMkYlMkZ3d3cuZ29vZ2xlLmNvbSUyRm1hcHMlMkZlbWJlZCUzRnBiJTNEJTIxMW0xOCUyMTFtMTIlMjExbTMlMjExZDE5NzguMDg3NzM0MDkzNTU4JTIxMmQyNC43NTcyNTAyNTE2NzExMTMlMjEzZDYwLjI3ODU0NDM0MTUwNjQ5NiUyMTJtMyUyMTFmMCUyMTJmMCUyMTNmMCUyMTNtMiUyMTFpMTAyNCUyMTJpNzY4JTIxNGYxMy4xJTIxM20zJTIxMW0yJTIxMXMweDQ2OGRmMGQzZjcyM2FlNjMlMjUzQTB4NWUyNzBkOGI2MjM5ZDNmZSUyMTJzSnV2YW50aWUlMjUyMDQlMjUyQyUyNTIwMDI5MjAlMjUyMEVzcG9vJTIxNWUwJTIxM20yJTIxMXNmaSUyMTJzZmklMjE0djE2ODAyNjE1ODA5MjglMjE1bTIlMjExc2ZpJTIxMnNmaSUyMiUyMHdpZHRoJTNEJTIyNjAwJTIyJTIwaGVpZ2h0JTNEJTIyNDUwJTIyJTIwc3R5bGUlM0QlMjJib3JkZXIlM0EwJTNCJTIyJTIwYWxsb3dmdWxsc2NyZWVuJTNEJTIyJTIyJTIwbG9hZGluZyUzRCUyMmxhenklMjIlMjByZWZlcnJlcnBvbGljeSUzRCUyMm5vLXJlZmVycmVyLXdoZW4tZG93bmdyYWRlJTIyJTNFJTNDJTJGaWZyYW1lJTNF&#8221;][vc_empty_space][\/vc_column][vc_column offset=&#8221;vc_col-lg-6 vc_col-md-6&#8243;][vc_column_text]<\/p>\n<h4>L\u00e4het\u00e4 viesti\u00e4<\/h4>\n<p>[\/vc_column_text][vc_empty_space]\n<div class=\"wpcf7 no-js\" id=\"wpcf7-f2638-o1\" lang=\"en-US\" dir=\"ltr\">\n<div class=\"screen-reader-response\"><p role=\"status\" aria-live=\"polite\" aria-atomic=\"true\"><\/p> <ul><\/ul><\/div>\n<form action=\"\/index.php\/wp-json\/wp\/v2\/pages\/10776#wpcf7-f2638-o1\" method=\"post\" class=\"wpcf7-form init cf7_custom_style_3\" aria-label=\"Contact form\" enctype=\"multipart\/form-data\" novalidate=\"novalidate\" data-status=\"init\">\n<div style=\"display: none;\">\n<input type=\"hidden\" name=\"_wpcf7\" value=\"2638\" \/>\n<input type=\"hidden\" name=\"_wpcf7_version\" value=\"5.9.8\" \/>\n<input type=\"hidden\" name=\"_wpcf7_locale\" value=\"en_US\" \/>\n<input type=\"hidden\" name=\"_wpcf7_unit_tag\" value=\"wpcf7-f2638-o1\" \/>\n<input type=\"hidden\" name=\"_wpcf7_container_post\" value=\"0\" \/>\n<input type=\"hidden\" name=\"_wpcf7_posted_data_hash\" value=\"\" \/>\n<input type=\"hidden\" name=\"_wpcf7_recaptcha_response\" value=\"\" \/>\n<\/div>\n<div <span class=\"wpcf7-form-control-wrap\" data-name=\"aihe\"><input size=\"40\" maxlength=\"400\" class=\"wpcf7-form-control wpcf7-text wpcf7-validates-as-required\" aria-required=\"true\" aria-invalid=\"false\" placeholder=\"Aihe\" value=\"\" type=\"text\" name=\"aihe\" \/><\/span>\n<\/div>\n<div <span class=\"wpcf7-form-control-wrap\" data-name=\"yritys\"><input size=\"40\" maxlength=\"400\" class=\"wpcf7-form-control wpcf7-text wpcf7-validates-as-required\" aria-required=\"true\" aria-invalid=\"false\" placeholder=\"Yritys ja toimipaikka\" value=\"\" type=\"text\" name=\"yritys\" \/><\/span>\n<\/div>\n<div <span class=\"wpcf7-form-control-wrap\" data-name=\"tila-kerros\"><input size=\"40\" maxlength=\"400\" class=\"wpcf7-form-control wpcf7-text wpcf7-validates-as-required\" aria-required=\"true\" aria-invalid=\"false\" placeholder=\"Tila, kerros\" value=\"\" type=\"text\" name=\"tila-kerros\" \/><\/span>\n<\/div>\n<div class=\"edgtf-grid-row edgtf-grid-tiny-gutter clearfix\">\n\t<div class=\"edgtf-grid-col-12\">\n\t\t<p><span class=\"wpcf7-form-control-wrap\" data-name=\"nimi\"><input size=\"40\" maxlength=\"400\" class=\"wpcf7-form-control wpcf7-text wpcf7-validates-as-required\" aria-required=\"true\" aria-invalid=\"false\" placeholder=\"Ilmoittajan nimi\" value=\"\" type=\"text\" name=\"nimi\" \/><\/span>\n\t\t<\/p>\n\t<\/div>\n\t<div class=\"edgtf-grid-col-6\">\n\t\t<p><span class=\"wpcf7-form-control-wrap\" data-name=\"puhelin\"><input size=\"40\" maxlength=\"400\" class=\"wpcf7-form-control wpcf7-tel wpcf7-text wpcf7-validates-as-tel\" aria-invalid=\"false\" placeholder=\"Puhelin\" value=\"\" type=\"tel\" name=\"puhelin\" \/><\/span>\n\t\t<\/p>\n\t<\/div>\n\t<div class=\"edgtf-grid-col-6\">\n\t\t<p><span class=\"wpcf7-form-control-wrap\" data-name=\"sahkoposti\"><input size=\"40\" maxlength=\"400\" class=\"wpcf7-form-control wpcf7-email wpcf7-validates-as-required wpcf7-text wpcf7-validates-as-email\" aria-required=\"true\" aria-invalid=\"false\" placeholder=\"S\u00e4hk\u00f6posti\" value=\"\" type=\"email\" name=\"sahkoposti\" \/><\/span>\n\t\t<\/p>\n\t<\/div>\n\t<div<span class=\"wpcf7-form-control-wrap\" data-name=\"Muuyhteyshenkilo\"><input size=\"40\" maxlength=\"400\" class=\"wpcf7-form-control wpcf7-text\" aria-invalid=\"false\" placeholder=\"Yhteyshenkil\u00f6 vianselvitykseen tai tilavaraukseen\" value=\"\" type=\"text\" name=\"Muuyhteyshenkilo\" \/><\/span>\n\t<\/div<placeholder:inline>\n<\/div>\n<div class=\"edgtf-grid-row edgtf-grid-tiny-gutter clearfix\">\n\t<div class=\"edgtf-grid-col-12\">\n\t\t<p><span class=\"wpcf7-form-control-wrap\" data-name=\"vikakuvaus\"><textarea cols=\"40\" rows=\"10\" maxlength=\"2000\" class=\"wpcf7-form-control wpcf7-textarea wpcf7-validates-as-required\" aria-required=\"true\" aria-invalid=\"false\" placeholder=\"Vikakuvaus omin sanoin\" name=\"vikakuvaus\"><\/textarea><\/span>\n\t\t<\/p>\n\t<\/div>\n\t<p>Onko vikaa yritetty korjata omatoimisesti?<br \/>\n<span class=\"wpcf7-form-control-wrap\" data-name=\"Omakorjaus\"><span class=\"wpcf7-form-control wpcf7-checkbox wpcf7-exclusive-checkbox\"><span class=\"wpcf7-list-item first\"><label><input type=\"checkbox\" name=\"Omakorjaus\" value=\"Kyll\u00e4\" \/><span class=\"wpcf7-list-item-label\">Kyll\u00e4<\/span><\/label><\/span><span class=\"wpcf7-list-item last\"><label><input type=\"checkbox\" name=\"Omakorjaus\" value=\"Ei\" \/><span class=\"wpcf7-list-item-label\">Ei<\/span><\/label><\/span><\/span><\/span>\n\t<\/p>\n\t<p>Vika on todettu useammalla tietokoneella<br \/>\n<span class=\"wpcf7-form-control-wrap\" data-name=\"Valinta\"><span class=\"wpcf7-form-control wpcf7-checkbox wpcf7-exclusive-checkbox\"><span class=\"wpcf7-list-item first\"><label><input type=\"checkbox\" name=\"Valinta\" value=\"Kyll\u00e4\" \/><span class=\"wpcf7-list-item-label\">Kyll\u00e4<\/span><\/label><\/span><span class=\"wpcf7-list-item last\"><label><input type=\"checkbox\" name=\"Valinta\" value=\"Ei\" \/><span class=\"wpcf7-list-item-label\">Ei<\/span><\/label><\/span><\/span><\/span>\n\t<\/p>\n\t<p>K\u00e4ytt\u00e4jille tilataan k\u00e4yt\u00f6nopastus<br \/>\n<span class=\"wpcf7-form-control-wrap\" data-name=\"Kaytonopastus\"><span class=\"wpcf7-form-control wpcf7-checkbox\"><span class=\"wpcf7-list-item first last\"><label><input type=\"checkbox\" name=\"Kaytonopastus[]\" value=\"Kyll\u00e4\" \/><span class=\"wpcf7-list-item-label\">Kyll\u00e4<\/span><\/label><\/span><\/span><\/span>\n\t<\/p>\n\t<p>Tilataan erillinen tekniikan toiminnan testaus \/ m\u00e4\u00e4r\u00e4aikaishuolto<br \/>\n<span class=\"wpcf7-form-control-wrap\" data-name=\"Maaraaikaishuolto\"><span class=\"wpcf7-form-control wpcf7-checkbox\"><span class=\"wpcf7-list-item first last\"><label><input type=\"checkbox\" name=\"Maaraaikaishuolto[]\" value=\"Kyll\u00e4\" \/><span class=\"wpcf7-list-item-label\">Kyll\u00e4<\/span><\/label><\/span><\/span><\/span>\n\t<\/p>\n<\/div>\n<div>\n\t<p>&nbsp\n\t<\/p>\n\t<p>Vian tyyppi (valitse listasta):<span class=\"wpcf7-form-control-wrap\" data-name=\"Viantyyppi\"><select class=\"wpcf7-form-control wpcf7-select wpcf7-validates-as-required\" aria-required=\"true\" aria-invalid=\"false\" name=\"Viantyyppi\"><option value=\"\u00c4\u00e4ni ei kuulu (tilassa)\">\u00c4\u00e4ni ei kuulu (tilassa)<\/option><option value=\"\u00c4\u00e4ni ei kuulu (vastaanottajalla)\">\u00c4\u00e4ni ei kuulu (vastaanottajalla)<\/option><option value=\"Monitoimitilan yhdist\u00e4minen\/jakaminen ei toimi\">Monitoimitilan yhdist\u00e4minen\/jakaminen ei toimi<\/option><option value=\"Kahvit kaatuneet tms.\">Kahvit kaatuneet tms.<\/option><option value=\"Muu\">Muu<\/option><option value=\"\"><\/option><\/select><\/span>\n\t<\/p>\n<\/div>\n<p>Laite tai asia johon vika liittyy (valitse listasta):<span class=\"wpcf7-form-control-wrap\" data-name=\"Laite\"><select class=\"wpcf7-form-control wpcf7-select wpcf7-validates-as-required\" aria-required=\"true\" aria-invalid=\"false\" name=\"Laite\"><option value=\"Apun\u00e4ytt\u00f6\">Apun\u00e4ytt\u00f6<\/option><option value=\"Kaiuttimet\">Kaiuttimet<\/option><option value=\"Kamera\">Kamera<\/option><option value=\"Kannettava tietokone\">Kannettava tietokone<\/option><option value=\"Langaton kuvansiirto\">Langaton kuvansiirto<\/option><option value=\"Mikrofoni\">Mikrofoni<\/option><option value=\"N\u00e4ytt\u00f6\">N\u00e4ytt\u00f6<\/option><option value=\"Ohjauspaneeli\">Ohjauspaneeli<\/option><option value=\"Ovenpielivarausn\u00e4ytt\u00f6\">Ovenpielivarausn\u00e4ytt\u00f6<\/option><option value=\"Projektori\">Projektori<\/option><option value=\"Teams- tai neuvottelu-laite\">Teams- tai neuvottelu-laite<\/option><option value=\"Tv tai digiboksi\">Tv tai digiboksi<\/option><option value=\"Viallinen kaapeli\">Viallinen kaapeli<\/option><option value=\"Muu\">Muu<\/option><\/select><\/span>\n<\/p>\n<p>Milloin vika on huomattu ensimm\u00e4isen kerran?<span class=\"wpcf7-form-control-wrap\" data-name=\"Paivamaara\"><input class=\"wpcf7-form-control wpcf7-date wpcf7-validates-as-date\" aria-invalid=\"false\" value=\"\" type=\"date\" name=\"Paivamaara\" \/><\/span>\n<\/p>\n<div class=\"edgtf-grid-row edgtf-grid-tiny-gutter clearfix\">\n\t<div class=\"edgtf-grid-col-12\">\n\t\t<p><span class=\"wpcf7-form-control-wrap\" data-name=\"lisatietoja\"><textarea cols=\"40\" rows=\"10\" maxlength=\"2000\" class=\"wpcf7-form-control wpcf7-textarea wpcf7-validates-as-required\" aria-required=\"true\" aria-invalid=\"false\" placeholder=\"Lis\u00e4tietoja\" name=\"lisatietoja\"><\/textarea><\/span>\n\t\t<\/p>\n\t<\/div>\n<\/div>\n<p>Liit\u00e4 kuva tai video viasta, ongelmasta, tilasta tai laitteesta.<br \/>\nYksi kuva kertoo usein enemm\u00e4n kuin tuhat sanaa.<br \/>\n(Liitetiedostojen yhteenlaskettu maksimikoko on 20 Mt)<br \/>\n&nbsp;<br \/>\nLiite 1.\n<\/p>\n<div <span class=\"wpcf7-form-control-wrap\" data-name=\"tiedosto1\"><input size=\"40\" class=\"wpcf7-form-control wpcf7-file\" accept=\".jpg,.png,.pdf,.jpeg\" aria-invalid=\"false\" type=\"file\" name=\"tiedosto1\" \/><\/span>\n<\/div>\n<hr \/>\n<p>Liite 2.\n<\/p>\n<div <span class=\"wpcf7-form-control-wrap\" data-name=\"tiedosto2\"><input size=\"40\" class=\"wpcf7-form-control wpcf7-file\" accept=\".jpg,.png,.pdf,.jpeg\" aria-invalid=\"false\" type=\"file\" name=\"tiedosto2\" \/><\/span>\n<\/div>\n<hr \/>\n<p>Liite 3.\n<\/p>\n<div <span class=\"wpcf7-form-control-wrap\" data-name=\"tiedosto3\"><input size=\"40\" class=\"wpcf7-form-control wpcf7-file\" accept=\".jpg,.png,.pdf,.jpeg\" aria-invalid=\"false\" type=\"file\" name=\"tiedosto3\" \/><\/span>\n<\/div>\n<hr \/>\n<p><input class=\"wpcf7-form-control wpcf7-submit has-spinner\" type=\"submit\" value=\"L\u00e4het\u00e4 viesti\" \/>\n<\/p>\n<div>\n\t<p>&nbsp;\n\t<\/p>\n<\/div>\n<div>\n\t<p>&nbsp;\n\t<\/p>\n<\/div><div class=\"wpcf7-response-output\" aria-hidden=\"true\"><\/div>\n<\/form>\n<\/div>\n[vc_empty_space height=&#8221;50px&#8221;][\/vc_column][\/vc_row]<\/p>\n<\/section>","protected":false},"excerpt":{"rendered":"<p>[vc_row disable_element=&#8221;yes&#8221; row_content_width=&#8221;grid&#8221; content_text_aligment=&#8221;center&#8221; css=&#8221;.vc_custom_1680687533976{padding-top: 99px !important;padding-bottom: 30px !important;}&#8221;][vc_column][\/vc_column][\/vc_row][vc_row][vc_column][vc_empty_space][\/vc_column][\/vc_row][vc_row row_content_width=&#8221;grid&#8221; content_text_aligment=&#8221;center&#8221; css=&#8221;.vc_custom_1692356368666{padding-top: 99px !important;padding-bottom: 30px !important;}&#8221; simple_background_color=&#8221;#f5f5f5&#8243;][vc_column width=&#8221;1\/6&#8243;][\/vc_column][vc_column width=&#8221;2\/3&#8243;][vc_column_text] Toimitusehdot Yleisesti Tuotteet ja palvelut vapaasti varastossamme Juvantie 4, Espoo Hinnat Muodossa \u20ac (euroa) ja ALV 0% Tarjouksen voimassaolo 30p\u00e4iv\u00e4\u00e4 tarjouksen [&hellip;]<\/p>\n","protected":false},"author":4,"featured_media":0,"parent":0,"menu_order":0,"comment_status":"closed","ping_status":"closed","template":"full-width.php","meta":{"footnotes":""},"class_list":["post-10776","page","type-page","status-publish","hentry"],"_links":{"self":[{"href":"https:\/\/uusi.presson.fi\/index.php\/wp-json\/wp\/v2\/pages\/10776","targetHints":{"allow":["GET"]}}],"collection":[{"href":"https:\/\/uusi.presson.fi\/index.php\/wp-json\/wp\/v2\/pages"}],"about":[{"href":"https:\/\/uusi.presson.fi\/index.php\/wp-json\/wp\/v2\/types\/page"}],"author":[{"embeddable":true,"href":"https:\/\/uusi.presson.fi\/index.php\/wp-json\/wp\/v2\/users\/4"}],"replies":[{"embeddable":true,"href":"https:\/\/uusi.presson.fi\/index.php\/wp-json\/wp\/v2\/comments?post=10776"}],"version-history":[{"count":14,"href":"https:\/\/uusi.presson.fi\/index.php\/wp-json\/wp\/v2\/pages\/10776\/revisions"}],"predecessor-version":[{"id":11951,"href":"https:\/\/uusi.presson.fi\/index.php\/wp-json\/wp\/v2\/pages\/10776\/revisions\/11951"}],"wp:attachment":[{"href":"https:\/\/uusi.presson.fi\/index.php\/wp-json\/wp\/v2\/media?parent=10776"}],"curies":[{"name":"wp","href":"https:\/\/api.w.org\/{rel}","templated":true}]}}