{"id":10502,"date":"2023-03-10T12:38:44","date_gmt":"2023-03-10T12:38:44","guid":{"rendered":"https:\/\/uusi.presson.fi\/?page_id=10502"},"modified":"2023-05-19T10:48:23","modified_gmt":"2023-05-19T10:48:23","slug":"audiocabin","status":"publish","type":"page","link":"https:\/\/uusi.presson.fi\/index.php\/kalusteet\/av-kalusteet\/audiocabin\/","title":{"rendered":"AudioCabin"},"content":{"rendered":"<section class=\"wpb-content-wrapper\"><p>[vc_row gap=&#8221;15&#8243; row_content_width=&#8221;grid&#8221; content_text_aligment=&#8221;left&#8221; css=&#8221;.vc_custom_1492509993885{padding-top: 86px !important;}&#8221;][vc_column offset=&#8221;vc_col-lg-6 vc_col-md-12&#8243;][vc_column_text]<\/p>\n<h1>AudioCabin<\/h1>\n<p>[\/vc_column_text]<div class=\"edgtf-elements-holder edgtf-one-column edgtf-responsive-mode-768 edgtf-one-column-alignment-left\" ><div class=\"edgtf-eh-item \"  data-item-class=\"edgtf-eh-custom-940043\" data-1280-1600=\"0 0 0 0\" data-1024-1280=\"0 0 0 0\" data-768-1024=\"0 1% 0 0\" data-600-768=\"0 0 0 0\" data-480-600=\"0 0 0 0\" data-480=\"0 2% 0 0\">\n\t<div class=\"edgtf-eh-item-inner\">\n\t\t<div class=\"edgtf-eh-item-content edgtf-eh-custom-940043\" style=\"padding: 0 10% 0 0\">\n\t\t\t[vc_empty_space height=&#8221;20px&#8221;][vc_column_text]<\/p>\n<h6>Napin painallukselle kaiuttimet esiin tai piiloon<\/h6>\n<p>Kaluste pit\u00e4\u00e4 sis\u00e4ll\u00e4\u00e4n hissimekanismin, jonka avulla kaiuttimet saadaan napin painalluksella n\u00e4kyviin tai pois n\u00e4kyvist\u00e4. Audio Cabin mahdollistaa kaiuttimien asennuksen tiloihin, joissa ei haluta tekniikan olevan esill\u00e4 koko ajan tai se sijoitettaisiin esim. ikkunan eteen. Kalustetta saa my\u00f6s yhdess\u00e4 n\u00e4ytt\u00f6kalusteen kanssa. Kaluste on suunniteltu Genelec kaiutinmalleille, mutta on customoitavissa asiakkaan tarpeiden mukaan. Kaluste voidaan asentaa p\u00f6yd\u00e4n p\u00e4\u00e4tyyn, sein\u00e4n viereen tai vaikka keskelle huonetta. Kaluste voidaan toimittaa vanhoihin tai uusiin neuvottelutiloihin, eik\u00e4 se ole my\u00f6sk\u00e4\u00e4n tekniikkariippuvainen toimiakseen.<\/p>\n<p>[\/vc_column_text]\t\t<\/div>\n\t<\/div>\n<\/div><\/div>[vc_empty_space height=&#8221;50px&#8221;][\/vc_column][vc_column offset=&#8221;vc_col-lg-6 vc_col-md-12&#8243;][vc_single_image image=&#8221;10217&#8243; img_size=&#8221;full&#8221; alignment=&#8221;center&#8221;][vc_empty_space height=&#8221;30px&#8221;][\/vc_column][\/vc_row][vc_row gap=&#8221;15&#8243; row_content_width=&#8221;grid&#8221; content_text_aligment=&#8221;left&#8221; css=&#8221;.vc_custom_1492509993885{padding-top: 86px !important;}&#8221;][vc_column offset=&#8221;vc_col-lg-6 vc_col-md-12&#8243;]<div class=\"edgtf-elements-holder edgtf-one-column edgtf-responsive-mode-768 edgtf-one-column-alignment-left\" ><div class=\"edgtf-eh-item \"  data-item-class=\"edgtf-eh-custom-833085\" data-1280-1600=\"0 0 0 0\" data-1024-1280=\"0 0 0 0\" data-768-1024=\"0 1% 0 0\" data-600-768=\"0 0 0 0\" data-480-600=\"0 0 0 0\" data-480=\"0 2% 0 0\">\n\t<div class=\"edgtf-eh-item-inner\">\n\t\t<div class=\"edgtf-eh-item-content edgtf-eh-custom-833085\" style=\"padding: 0 10% 0 0\">\n\t\t\t[vc_column_text]<\/p>\n<h5>VIIMEISTELY<\/h5>\n<p>Kalusteiden vakiov\u00e4rit ovat valkoinen RAL9016, musta RAL9017.<br \/>\nToimitusaika vakiov\u00e4risille kalusteille on normaalisti 3-4 viikkoa ja muille viimeistelyille 4-8 viikkoa tilauksesta. Toimitusaika vahvistetaan aina tilauksen yhteydess\u00e4.<\/p>\n<p>&nbsp;<\/p>\n<h5>R\u00c4\u00c4T\u00c4L\u00d6INTI<\/h5>\n<p>Kalusteiden yksil\u00f6llinen viimeistely mahdollista.[\/vc_column_text]\t\t<\/div>\n\t<\/div>\n<\/div><\/div>[vc_empty_space height=&#8221;50px&#8221;][\/vc_column][vc_column offset=&#8221;vc_col-lg-6 vc_col-md-12&#8243;][vc_column_text]<\/p>\n<h5>MALLIKUVA<\/h5>\n<p>[\/vc_column_text][vc_empty_space height=&#8221;30px&#8221;][vc_single_image image=&#8221;10247&#8243; img_size=&#8221;full&#8221;][\/vc_column][\/vc_row][vc_row][vc_column][vc_empty_space height=&#8221;50px&#8221;]<div class=\"edgtf-image-gallery  edgtf-ig-grid-type    \">\n\t<div class=\"edgtf-ig-inner edgtf-ig-grid edgtf-ig-four-columns edgtf-ig-no-space\">\n\t\t\t\t\t<div class=\"edgtf-ig-image\">\n\t\t\t\t<div class=\"edgtf-ig-image-inner\">\n\t\t\t\t\t\t\t\t\t\t\t<img loading=\"lazy\" decoding=\"async\" width=\"800\" height=\"800\" src=\"https:\/\/uusi.presson.fi\/wp-content\/uploads\/2022\/12\/Tuotekuvamalli_2._800x800px_2.png\" class=\"attachment-full size-full\" alt=\"\" srcset=\"https:\/\/uusi.presson.fi\/wp-content\/uploads\/2022\/12\/Tuotekuvamalli_2._800x800px_2.png 800w, https:\/\/uusi.presson.fi\/wp-content\/uploads\/2022\/12\/Tuotekuvamalli_2._800x800px_2-300x300.png 300w, https:\/\/uusi.presson.fi\/wp-content\/uploads\/2022\/12\/Tuotekuvamalli_2._800x800px_2-100x100.png 100w, https:\/\/uusi.presson.fi\/wp-content\/uploads\/2022\/12\/Tuotekuvamalli_2._800x800px_2-600x600.png 600w, https:\/\/uusi.presson.fi\/wp-content\/uploads\/2022\/12\/Tuotekuvamalli_2._800x800px_2-150x150.png 150w, https:\/\/uusi.presson.fi\/wp-content\/uploads\/2022\/12\/Tuotekuvamalli_2._800x800px_2-768x768.png 768w, https:\/\/uusi.presson.fi\/wp-content\/uploads\/2022\/12\/Tuotekuvamalli_2._800x800px_2-550x550.png 550w\" sizes=\"auto, (max-width: 800px) 100vw, 800px\" \/>\t\t\t\t\t\t\t\t\t<\/div>\n\t\t\t\t\t\t\t<\/div>\n\t\t\t\t\t<div class=\"edgtf-ig-image\">\n\t\t\t\t<div class=\"edgtf-ig-image-inner\">\n\t\t\t\t\t\t\t\t\t\t\t<img loading=\"lazy\" decoding=\"async\" width=\"800\" height=\"800\" src=\"https:\/\/uusi.presson.fi\/wp-content\/uploads\/2022\/12\/Tuotekuvamalli_2._800x800px.png\" class=\"attachment-full size-full\" alt=\"\" srcset=\"https:\/\/uusi.presson.fi\/wp-content\/uploads\/2022\/12\/Tuotekuvamalli_2._800x800px.png 800w, https:\/\/uusi.presson.fi\/wp-content\/uploads\/2022\/12\/Tuotekuvamalli_2._800x800px-300x300.png 300w, https:\/\/uusi.presson.fi\/wp-content\/uploads\/2022\/12\/Tuotekuvamalli_2._800x800px-100x100.png 100w, https:\/\/uusi.presson.fi\/wp-content\/uploads\/2022\/12\/Tuotekuvamalli_2._800x800px-600x600.png 600w, https:\/\/uusi.presson.fi\/wp-content\/uploads\/2022\/12\/Tuotekuvamalli_2._800x800px-150x150.png 150w, https:\/\/uusi.presson.fi\/wp-content\/uploads\/2022\/12\/Tuotekuvamalli_2._800x800px-768x768.png 768w, https:\/\/uusi.presson.fi\/wp-content\/uploads\/2022\/12\/Tuotekuvamalli_2._800x800px-550x550.png 550w\" sizes=\"auto, (max-width: 800px) 100vw, 800px\" \/>\t\t\t\t\t\t\t\t\t<\/div>\n\t\t\t\t\t\t\t<\/div>\n\t\t\t\t\t<div class=\"edgtf-ig-image\">\n\t\t\t\t<div class=\"edgtf-ig-image-inner\">\n\t\t\t\t\t\t\t\t\t\t\t<img loading=\"lazy\" decoding=\"async\" width=\"800\" height=\"800\" src=\"https:\/\/uusi.presson.fi\/wp-content\/uploads\/2022\/12\/Tuotekuvamalli_2._800x800px_3.png\" class=\"attachment-full size-full\" alt=\"\" srcset=\"https:\/\/uusi.presson.fi\/wp-content\/uploads\/2022\/12\/Tuotekuvamalli_2._800x800px_3.png 800w, https:\/\/uusi.presson.fi\/wp-content\/uploads\/2022\/12\/Tuotekuvamalli_2._800x800px_3-300x300.png 300w, https:\/\/uusi.presson.fi\/wp-content\/uploads\/2022\/12\/Tuotekuvamalli_2._800x800px_3-100x100.png 100w, https:\/\/uusi.presson.fi\/wp-content\/uploads\/2022\/12\/Tuotekuvamalli_2._800x800px_3-600x600.png 600w, https:\/\/uusi.presson.fi\/wp-content\/uploads\/2022\/12\/Tuotekuvamalli_2._800x800px_3-150x150.png 150w, https:\/\/uusi.presson.fi\/wp-content\/uploads\/2022\/12\/Tuotekuvamalli_2._800x800px_3-768x768.png 768w, https:\/\/uusi.presson.fi\/wp-content\/uploads\/2022\/12\/Tuotekuvamalli_2._800x800px_3-550x550.png 550w\" sizes=\"auto, (max-width: 800px) 100vw, 800px\" \/>\t\t\t\t\t\t\t\t\t<\/div>\n\t\t\t\t\t\t\t<\/div>\n\t\t\t<\/div>\n<\/div>[\/vc_column][\/vc_row][vc_row][vc_column][vc_separator][\/vc_column][\/vc_row][vc_row gap=&#8221;15&#8243; row_content_width=&#8221;grid&#8221; content_text_aligment=&#8221;left&#8221; css=&#8221;.vc_custom_1683882912233{padding-top: 30px !important;padding-bottom: 20px !important;}&#8221;][vc_column width=&#8221;1\/3&#8243;][vc_column_text]<\/p>\n<h5>AUDIOCABIN<\/h5>\n<p>[\/vc_column_text]<div class=\"edgtf-elements-holder edgtf-one-column edgtf-responsive-mode-768 edgtf-one-column-alignment-left\" ><div class=\"edgtf-eh-item \"  data-item-class=\"edgtf-eh-custom-527040\" data-1280-1600=\"0 0 0 0\" data-1024-1280=\"0 0 0 0\" data-768-1024=\"0 1% 0 0\" data-600-768=\"0 0 0 0\" data-480-600=\"0 0 0 0\" data-480=\"0 2% 0 0\">\n\t<div class=\"edgtf-eh-item-inner\">\n\t\t<div class=\"edgtf-eh-item-content edgtf-eh-custom-527040\" style=\"padding: 0 10% 0 0\">\n\t\t\t[vc_column_text][\/vc_column_text]\t\t<\/div>\n\t<\/div>\n<\/div><\/div>[\/vc_column][vc_column width=&#8221;1\/3&#8243;][vc_column_text]<\/p>\n<h5>MITAT<\/h5>\n<p>[\/vc_column_text]<div class=\"edgtf-elements-holder edgtf-one-column edgtf-responsive-mode-768 edgtf-one-column-alignment-left\" ><div class=\"edgtf-eh-item \"  data-item-class=\"edgtf-eh-custom-998449\" data-1280-1600=\"0 0 0 0\" data-1024-1280=\"0 0 0 0\" data-768-1024=\"0 1% 0 0\" data-600-768=\"0 0 0 0\" data-480-600=\"0 0 0 0\" data-480=\"0 2% 0 0\">\n\t<div class=\"edgtf-eh-item-inner\">\n\t\t<div class=\"edgtf-eh-item-content edgtf-eh-custom-998449\" style=\"padding: 0 10% 0 0\">\n\t\t\t[vc_column_text]<\/p>\n<ul>\n<li>Leveys: 300mm<\/li>\n<li>Syvyys: 450mm<\/li>\n<li>Korkeus: 840mm<\/li>\n<li>Paino: 25kg<\/li>\n<\/ul>\n<p>[\/vc_column_text]\t\t<\/div>\n\t<\/div>\n<\/div><\/div>[\/vc_column][vc_column width=&#8221;1\/6&#8243;][\/vc_column][\/vc_row][vc_row css=&#8221;.vc_custom_1684492999215{padding-top: 1px !important;}&#8221;][vc_column][vc_separator][\/vc_column][\/vc_row][vc_row gap=&#8221;15&#8243; row_content_width=&#8221;grid&#8221; content_text_aligment=&#8221;left&#8221; css=&#8221;.vc_custom_1682074323435{padding-top: 30px !important;padding-bottom: 20px !important;}&#8221;][vc_column width=&#8221;1\/3&#8243;][vc_column_text]<\/p>\n<h5>LIS\u00c4TIEDOT<\/h5>\n<p>[\/vc_column_text]<div class=\"edgtf-elements-holder edgtf-one-column edgtf-responsive-mode-768 edgtf-one-column-alignment-left\" ><div class=\"edgtf-eh-item \"  data-item-class=\"edgtf-eh-custom-859899\" data-1280-1600=\"0 0 0 0\" data-1024-1280=\"0 0 0 0\" data-768-1024=\"0 1% 0 0\" data-600-768=\"0 0 0 0\" data-480-600=\"0 0 0 0\" data-480=\"0 2% 0 0\">\n\t<div class=\"edgtf-eh-item-inner\">\n\t\t<div class=\"edgtf-eh-item-content edgtf-eh-custom-859899\" style=\"padding: 0 10% 0 0\">\n\t\t\t[vc_column_text]<\/p>\n<ul>\n<li>Tassut<\/li>\n<\/ul>\n<p>[\/vc_column_text]\t\t<\/div>\n\t<\/div>\n<\/div><\/div>[\/vc_column][vc_column width=&#8221;1\/3&#8243;][vc_column_text]<\/p>\n<h5>LIS\u00c4VARUSTEET<\/h5>\n<p>[\/vc_column_text]<div class=\"edgtf-elements-holder edgtf-one-column edgtf-responsive-mode-768 edgtf-one-column-alignment-left\" ><div class=\"edgtf-eh-item \"  data-item-class=\"edgtf-eh-custom-479614\" data-1280-1600=\"0 0 0 0\" data-1024-1280=\"0 0 0 0\" data-768-1024=\"0 1% 0 0\" data-600-768=\"0 0 0 0\" data-480-600=\"0 0 0 0\" data-480=\"0 2% 0 0\">\n\t<div class=\"edgtf-eh-item-inner\">\n\t\t<div class=\"edgtf-eh-item-content edgtf-eh-custom-479614\" style=\"padding: 0 10% 0 0\">\n\t\t\t[vc_column_text]<\/p>\n<ul>\n<li>T\u00e4h\u00e4n jotain?<\/li>\n<\/ul>\n<p>[\/vc_column_text]\t\t<\/div>\n\t<\/div>\n<\/div><\/div>[\/vc_column][vc_column width=&#8221;1\/6&#8243;][\/vc_column][\/vc_row][vc_row gap=&#8221;15&#8243; row_content_width=&#8221;grid&#8221; content_text_aligment=&#8221;left&#8221;][vc_column width=&#8221;1\/3&#8243;][vc_column_text]<\/p>\n<h5>VIIMEISTELY<\/h5>\n<p>[\/vc_column_text]<div class=\"edgtf-elements-holder edgtf-one-column edgtf-responsive-mode-768 edgtf-one-column-alignment-left\" ><div class=\"edgtf-eh-item \"  data-item-class=\"edgtf-eh-custom-717179\" data-1280-1600=\"0 0 0 0\" data-1024-1280=\"0 0 0 0\" data-768-1024=\"0 1% 0 0\" data-600-768=\"0 0 0 0\" data-480-600=\"0 0 0 0\" data-480=\"0 2% 0 0\">\n\t<div class=\"edgtf-eh-item-inner\">\n\t\t<div class=\"edgtf-eh-item-content edgtf-eh-custom-717179\" style=\"padding: 0 10% 0 0\">\n\t\t\t[vc_column_text]Valkoinen RAL9016 tai musta RAL9005<\/p>\n<p>Muut viimeistelyt:<\/p>\n<ul>\n<li>Tammiviilu<\/li>\n<li>Saarniviilu<\/li>\n<li>Mustaksi petsattu viilu<\/li>\n<li>Valkoiseksi petsattu viilu<\/li>\n<li>Valkolakattu viilu<\/li>\n<li>RAL-v\u00e4ri<\/li>\n<li>Nanolaminaatti<\/li>\n<li>Asiakkaan mallipalan mukaan<\/li>\n<\/ul>\n<p>[\/vc_column_text]\t\t<\/div>\n\t<\/div>\n<\/div><\/div>[\/vc_column][vc_column width=&#8221;1\/3&#8243;][vc_column_text]<\/p>\n<h5>R\u00c4\u00c4T\u00c4L\u00d6INTI<\/h5>\n<p>[\/vc_column_text]<div class=\"edgtf-elements-holder edgtf-one-column edgtf-responsive-mode-768 edgtf-one-column-alignment-left\" ><div class=\"edgtf-eh-item \"  data-item-class=\"edgtf-eh-custom-370259\" data-1280-1600=\"0 0 0 0\" data-1024-1280=\"0 0 0 0\" data-768-1024=\"0 1% 0 0\" data-600-768=\"0 0 0 0\" data-480-600=\"0 0 0 0\" data-480=\"0 2% 0 0\">\n\t<div class=\"edgtf-eh-item-inner\">\n\t\t<div class=\"edgtf-eh-item-content edgtf-eh-custom-370259\" style=\"padding: 0 10% 0 0\">\n\t\t\t[vc_column_text]Kalusteiden yksil\u00f6llinen kustomointi mahdollista asiakkaiden toiveiden mukaan.[\/vc_column_text]\t\t<\/div>\n\t<\/div>\n<\/div><\/div>[\/vc_column][vc_column width=&#8221;1\/6&#8243;][\/vc_column][\/vc_row][vc_row gap=&#8221;15&#8243; content_placement=&#8221;middle&#8221; row_content_width=&#8221;grid&#8221; content_text_aligment=&#8221;center&#8221; css=&#8221;.vc_custom_1492509776416{padding-bottom: 47px !important;}&#8221;][vc_column offset=&#8221;vc_col-lg-6 vc_col-md-12&#8243; css=&#8221;.vc_custom_1492510149365{padding-top: 0px !important;padding-bottom: 0px !important;}&#8221;][vc_btn title=&#8221;KYSY LIS\u00c4\u00c4!&#8221; color=&#8221;black&#8221; align=&#8221;left&#8221; link=&#8221;url:https%3A%2F%2Fuusi.presson.fi%2Findex.php%2Fotayhteytta%2F|target:_blank&#8221;][\/vc_column][\/vc_row][vc_row gap=&#8221;15&#8243; content_placement=&#8221;middle&#8221; disable_element=&#8221;yes&#8221; row_content_width=&#8221;grid&#8221; content_text_aligment=&#8221;center&#8221; css=&#8221;.vc_custom_1669883673634{padding-bottom: 47px !important;}&#8221;][vc_column offset=&#8221;vc_col-lg-6 vc_col-md-12&#8243; css=&#8221;.vc_custom_1492510149365{padding-top: 0px !important;padding-bottom: 0px !important;}&#8221;]<div class=\"edgtf-image-gallery  edgtf-ig-grid-type    \">\n\t<div class=\"edgtf-ig-inner edgtf-ig-grid edgtf-ig-two-columns edgtf-ig-big-space\">\n\t\t\t\t\t<div class=\"edgtf-ig-image\">\n\t\t\t\t<div class=\"edgtf-ig-image-inner\">\n\t\t\t\t\t\t\t\t\t\t\t<img loading=\"lazy\" decoding=\"async\" width=\"800\" height=\"800\" src=\"https:\/\/uusi.presson.fi\/wp-content\/uploads\/2017\/04\/p1-gallery-img-1.jpg\" class=\"attachment-full size-full\" alt=\"g\" srcset=\"https:\/\/uusi.presson.fi\/wp-content\/uploads\/2017\/04\/p1-gallery-img-1.jpg 800w, https:\/\/uusi.presson.fi\/wp-content\/uploads\/2017\/04\/p1-gallery-img-1-300x300.jpg 300w, https:\/\/uusi.presson.fi\/wp-content\/uploads\/2017\/04\/p1-gallery-img-1-100x100.jpg 100w, https:\/\/uusi.presson.fi\/wp-content\/uploads\/2017\/04\/p1-gallery-img-1-600x600.jpg 600w, https:\/\/uusi.presson.fi\/wp-content\/uploads\/2017\/04\/p1-gallery-img-1-150x150.jpg 150w, https:\/\/uusi.presson.fi\/wp-content\/uploads\/2017\/04\/p1-gallery-img-1-768x768.jpg 768w, https:\/\/uusi.presson.fi\/wp-content\/uploads\/2017\/04\/p1-gallery-img-1-550x550.jpg 550w\" sizes=\"auto, (max-width: 800px) 100vw, 800px\" \/>\t\t\t\t\t\t\t\t\t<\/div>\n\t\t\t\t\t\t\t<\/div>\n\t\t\t\t\t<div class=\"edgtf-ig-image\">\n\t\t\t\t<div class=\"edgtf-ig-image-inner\">\n\t\t\t\t\t\t\t\t\t\t\t<img loading=\"lazy\" decoding=\"async\" width=\"800\" height=\"800\" src=\"https:\/\/uusi.presson.fi\/wp-content\/uploads\/2017\/04\/p1-gallery-img-2.jpg\" class=\"attachment-full size-full\" alt=\"g\" srcset=\"https:\/\/uusi.presson.fi\/wp-content\/uploads\/2017\/04\/p1-gallery-img-2.jpg 800w, https:\/\/uusi.presson.fi\/wp-content\/uploads\/2017\/04\/p1-gallery-img-2-300x300.jpg 300w, https:\/\/uusi.presson.fi\/wp-content\/uploads\/2017\/04\/p1-gallery-img-2-100x100.jpg 100w, https:\/\/uusi.presson.fi\/wp-content\/uploads\/2017\/04\/p1-gallery-img-2-600x600.jpg 600w, https:\/\/uusi.presson.fi\/wp-content\/uploads\/2017\/04\/p1-gallery-img-2-150x150.jpg 150w, https:\/\/uusi.presson.fi\/wp-content\/uploads\/2017\/04\/p1-gallery-img-2-768x768.jpg 768w, https:\/\/uusi.presson.fi\/wp-content\/uploads\/2017\/04\/p1-gallery-img-2-550x550.jpg 550w\" sizes=\"auto, (max-width: 800px) 100vw, 800px\" \/>\t\t\t\t\t\t\t\t\t<\/div>\n\t\t\t\t\t\t\t<\/div>\n\t\t\t<\/div>\n<\/div>[\/vc_column][vc_column offset=&#8221;vc_col-lg-6 vc_col-md-12&#8243; css=&#8221;.vc_custom_1492510167989{padding-top: 0px !important;padding-bottom: 0px !important;}&#8221;]<div class=\"edgtf-image-gallery  edgtf-ig-grid-type    \">\n\t<div class=\"edgtf-ig-inner edgtf-ig-grid edgtf-ig-two-columns edgtf-ig-big-space\">\n\t\t\t\t\t<div class=\"edgtf-ig-image\">\n\t\t\t\t<div class=\"edgtf-ig-image-inner\">\n\t\t\t\t\t\t\t\t\t\t\t<img loading=\"lazy\" decoding=\"async\" width=\"800\" height=\"800\" src=\"https:\/\/uusi.presson.fi\/wp-content\/uploads\/2017\/04\/p1-gallery-img-3.jpg\" class=\"attachment-full size-full\" alt=\"g\" srcset=\"https:\/\/uusi.presson.fi\/wp-content\/uploads\/2017\/04\/p1-gallery-img-3.jpg 800w, https:\/\/uusi.presson.fi\/wp-content\/uploads\/2017\/04\/p1-gallery-img-3-300x300.jpg 300w, https:\/\/uusi.presson.fi\/wp-content\/uploads\/2017\/04\/p1-gallery-img-3-100x100.jpg 100w, https:\/\/uusi.presson.fi\/wp-content\/uploads\/2017\/04\/p1-gallery-img-3-600x600.jpg 600w, https:\/\/uusi.presson.fi\/wp-content\/uploads\/2017\/04\/p1-gallery-img-3-150x150.jpg 150w, https:\/\/uusi.presson.fi\/wp-content\/uploads\/2017\/04\/p1-gallery-img-3-768x768.jpg 768w, https:\/\/uusi.presson.fi\/wp-content\/uploads\/2017\/04\/p1-gallery-img-3-550x550.jpg 550w\" sizes=\"auto, (max-width: 800px) 100vw, 800px\" \/>\t\t\t\t\t\t\t\t\t<\/div>\n\t\t\t\t\t\t\t<\/div>\n\t\t\t\t\t<div class=\"edgtf-ig-image\">\n\t\t\t\t<div class=\"edgtf-ig-image-inner\">\n\t\t\t\t\t\t\t\t\t\t\t<img loading=\"lazy\" decoding=\"async\" width=\"800\" height=\"800\" src=\"https:\/\/uusi.presson.fi\/wp-content\/uploads\/2017\/04\/p1-gallery-img-4.jpg\" class=\"attachment-full size-full\" alt=\"g\" srcset=\"https:\/\/uusi.presson.fi\/wp-content\/uploads\/2017\/04\/p1-gallery-img-4.jpg 800w, https:\/\/uusi.presson.fi\/wp-content\/uploads\/2017\/04\/p1-gallery-img-4-300x300.jpg 300w, https:\/\/uusi.presson.fi\/wp-content\/uploads\/2017\/04\/p1-gallery-img-4-100x100.jpg 100w, https:\/\/uusi.presson.fi\/wp-content\/uploads\/2017\/04\/p1-gallery-img-4-600x600.jpg 600w, https:\/\/uusi.presson.fi\/wp-content\/uploads\/2017\/04\/p1-gallery-img-4-150x150.jpg 150w, https:\/\/uusi.presson.fi\/wp-content\/uploads\/2017\/04\/p1-gallery-img-4-768x768.jpg 768w, https:\/\/uusi.presson.fi\/wp-content\/uploads\/2017\/04\/p1-gallery-img-4-550x550.jpg 550w\" sizes=\"auto, (max-width: 800px) 100vw, 800px\" \/>\t\t\t\t\t\t\t\t\t<\/div>\n\t\t\t\t\t\t\t<\/div>\n\t\t\t<\/div>\n<\/div>[\/vc_column][\/vc_row]<\/p>\n<\/section>","protected":false},"excerpt":{"rendered":"<p>[vc_row gap=&#8221;15&#8243; row_content_width=&#8221;grid&#8221; content_text_aligment=&#8221;left&#8221; css=&#8221;.vc_custom_1492509993885{padding-top: 86px !important;}&#8221;][vc_column offset=&#8221;vc_col-lg-6 vc_col-md-12&#8243;][vc_column_text] AudioCabin [\/vc_column_text][vc_empty_space height=&#8221;50px&#8221;][\/vc_column][vc_column offset=&#8221;vc_col-lg-6 vc_col-md-12&#8243;][vc_single_image image=&#8221;10217&#8243; img_size=&#8221;full&#8221; alignment=&#8221;center&#8221;][vc_empty_space height=&#8221;30px&#8221;][\/vc_column][\/vc_row][vc_row gap=&#8221;15&#8243; row_content_width=&#8221;grid&#8221; content_text_aligment=&#8221;left&#8221; css=&#8221;.vc_custom_1492509993885{padding-top: 86px !important;}&#8221;][vc_column offset=&#8221;vc_col-lg-6 vc_col-md-12&#8243;][vc_empty_space height=&#8221;50px&#8221;][\/vc_column][vc_column offset=&#8221;vc_col-lg-6 vc_col-md-12&#8243;][vc_column_text] MALLIKUVA [\/vc_column_text][vc_empty_space height=&#8221;30px&#8221;][vc_single_image image=&#8221;10247&#8243; img_size=&#8221;full&#8221;][\/vc_column][\/vc_row][vc_row][vc_column][vc_empty_space height=&#8221;50px&#8221;][\/vc_column][\/vc_row][vc_row][vc_column][vc_separator][\/vc_column][\/vc_row][vc_row gap=&#8221;15&#8243; row_content_width=&#8221;grid&#8221; content_text_aligment=&#8221;left&#8221; css=&#8221;.vc_custom_1683882912233{padding-top: 30px [&hellip;]<\/p>\n","protected":false},"author":1,"featured_media":0,"parent":10408,"menu_order":0,"comment_status":"closed","ping_status":"closed","template":"full-width.php","meta":{"footnotes":""},"class_list":["post-10502","page","type-page","status-publish","hentry"],"_links":{"self":[{"href":"https:\/\/uusi.presson.fi\/index.php\/wp-json\/wp\/v2\/pages\/10502","targetHints":{"allow":["GET"]}}],"collection":[{"href":"https:\/\/uusi.presson.fi\/index.php\/wp-json\/wp\/v2\/pages"}],"about":[{"href":"https:\/\/uusi.presson.fi\/index.php\/wp-json\/wp\/v2\/types\/page"}],"author":[{"embeddable":true,"href":"https:\/\/uusi.presson.fi\/index.php\/wp-json\/wp\/v2\/users\/1"}],"replies":[{"embeddable":true,"href":"https:\/\/uusi.presson.fi\/index.php\/wp-json\/wp\/v2\/comments?post=10502"}],"version-history":[{"count":5,"href":"https:\/\/uusi.presson.fi\/index.php\/wp-json\/wp\/v2\/pages\/10502\/revisions"}],"predecessor-version":[{"id":11029,"href":"https:\/\/uusi.presson.fi\/index.php\/wp-json\/wp\/v2\/pages\/10502\/revisions\/11029"}],"up":[{"embeddable":true,"href":"https:\/\/uusi.presson.fi\/index.php\/wp-json\/wp\/v2\/pages\/10408"}],"wp:attachment":[{"href":"https:\/\/uusi.presson.fi\/index.php\/wp-json\/wp\/v2\/media?parent=10502"}],"curies":[{"name":"wp","href":"https:\/\/api.w.org\/{rel}","templated":true}]}}