{"id":10498,"date":"2023-03-10T12:36:40","date_gmt":"2023-03-10T12:36:40","guid":{"rendered":"https:\/\/uusi.presson.fi\/?page_id=10498"},"modified":"2025-01-31T11:01:36","modified_gmt":"2025-01-31T11:01:36","slug":"avrack","status":"publish","type":"page","link":"https:\/\/uusi.presson.fi\/index.php\/kalusteet\/av-kalusteet\/avrack\/","title":{"rendered":"AV-Rack"},"content":{"rendered":"<section class=\"wpb-content-wrapper\"><p>[vc_row gap=&#8221;15&#8243; row_content_width=&#8221;grid&#8221; content_text_aligment=&#8221;left&#8221; css=&#8221;.vc_custom_1492509993885{padding-top: 86px !important;}&#8221;][vc_column offset=&#8221;vc_col-lg-6 vc_col-md-12&#8243;][vc_column_text]<\/p>\n<h1>AV-Rack<\/h1>\n<p>[\/vc_column_text]<div class=\"edgtf-elements-holder edgtf-one-column edgtf-responsive-mode-768 edgtf-one-column-alignment-left\" ><div class=\"edgtf-eh-item \"  data-item-class=\"edgtf-eh-custom-783987\" data-1280-1600=\"0 0 0 0\" data-1024-1280=\"0 0 0 0\" data-768-1024=\"0 1% 0 0\" data-600-768=\"0 0 0 0\" data-480-600=\"0 0 0 0\" data-480=\"0 2% 0 0\">\n\t<div class=\"edgtf-eh-item-inner\">\n\t\t<div class=\"edgtf-eh-item-content edgtf-eh-custom-783987\" style=\"padding: 0 10% 0 0\">\n\t\t\t[vc_empty_space height=&#8221;20px&#8221;][vc_column_text]<\/p>\n<h5>Laitekaappi on suunniteltu tekniikka ja k\u00e4ytett\u00e4vyys silm\u00e4ll\u00e4pit\u00e4en<\/h5>\n<p>19\u201d, 11U, R\u00e4kki-kiskoilla varustettu AV-Rack laitekaappi sulautuu huomaamattomasti tilan sisustustyyliin. Kalusteen yl\u00e4reunassa on molemmin puolin tuuletusritil\u00e4t ja kalusteen takasein\u00e4 on irroitettavissa laitteiden asennuksia ja esimerkiksi huoltoja varten. Oven taakse j\u00e4\u00e4 tilaa mahdollisille kytkent\u00e4kaapeleille, liittimille ja painikkeille. Kaapelointi kalusteeseen voidaan tehd\u00e4 takaa irroitettavan takasein\u00e4n yl\u00e4puolelta tai kalusteen alareunan alta. Oven k\u00e4tisyys on vaihdettavissa. Kaluste vakiona varusteltu py\u00f6rill\u00e4, mutta tilalle voidaan tarvittaessa vaihtaa s\u00e4\u00e4t\u00f6tassut. Lis\u00e4ksi kansilevy on vaihdettavissa ja voidaan tarvittaessa varustaa tuuletusaukolla tai kaapeloinnin l\u00e4piviennill\u00e4.[\/vc_column_text][vc_empty_space height=&#8221;10px&#8221;][vc_column_text]<\/p>\n<h5>T\u00e4h\u00e4n tulee otsikko v\u00e4k\u00e4sille<\/h5>\n<p>Ja t\u00e4ss\u00e4 on ne kohdat[\/vc_column_text]\t\t<\/div>\n\t<\/div>\n<\/div><\/div>[vc_empty_space height=&#8221;50px&#8221;][\/vc_column][vc_column offset=&#8221;vc_col-lg-6 vc_col-md-12&#8243;][vc_single_image image=&#8221;12379&#8243; img_size=&#8221;full&#8221; alignment=&#8221;center&#8221;][vc_empty_space height=&#8221;30px&#8221;][\/vc_column][\/vc_row][vc_row][vc_column][vc_empty_space height=&#8221;50px&#8221;]<div class=\"edgtf-image-gallery  edgtf-ig-grid-type    \">\n\t<div class=\"edgtf-ig-inner edgtf-ig-grid edgtf-ig-four-columns edgtf-ig-tiny-space\">\n\t\t\t\t\t<div class=\"edgtf-ig-image\">\n\t\t\t\t<div class=\"edgtf-ig-image-inner\">\n\t\t\t\t\t\t\t\t\t\t\t<img loading=\"lazy\" decoding=\"async\" width=\"800\" height=\"800\" src=\"https:\/\/uusi.presson.fi\/wp-content\/uploads\/2024\/11\/IMG_6659.jpeg\" class=\"attachment-full size-full\" alt=\"Presson Oy AV-Rack - AV-kaluste viimeistely valkoinen\" srcset=\"https:\/\/uusi.presson.fi\/wp-content\/uploads\/2024\/11\/IMG_6659.jpeg 800w, https:\/\/uusi.presson.fi\/wp-content\/uploads\/2024\/11\/IMG_6659-300x300.jpeg 300w, https:\/\/uusi.presson.fi\/wp-content\/uploads\/2024\/11\/IMG_6659-150x150.jpeg 150w, https:\/\/uusi.presson.fi\/wp-content\/uploads\/2024\/11\/IMG_6659-768x768.jpeg 768w, https:\/\/uusi.presson.fi\/wp-content\/uploads\/2024\/11\/IMG_6659-550x550.jpeg 550w, https:\/\/uusi.presson.fi\/wp-content\/uploads\/2024\/11\/IMG_6659-600x600.jpeg 600w, https:\/\/uusi.presson.fi\/wp-content\/uploads\/2024\/11\/IMG_6659-100x100.jpeg 100w\" sizes=\"auto, (max-width: 800px) 100vw, 800px\" \/>\t\t\t\t\t\t\t\t\t<\/div>\n\t\t\t\t\t\t\t<\/div>\n\t\t\t\t\t<div class=\"edgtf-ig-image\">\n\t\t\t\t<div class=\"edgtf-ig-image-inner\">\n\t\t\t\t\t\t\t\t\t\t\t<img loading=\"lazy\" decoding=\"async\" width=\"800\" height=\"800\" src=\"https:\/\/uusi.presson.fi\/wp-content\/uploads\/2024\/11\/IMG_8824.jpeg\" class=\"attachment-full size-full\" alt=\"Presson Oy AV-Rack - AV-kaluste viimeistely musta\" srcset=\"https:\/\/uusi.presson.fi\/wp-content\/uploads\/2024\/11\/IMG_8824.jpeg 800w, https:\/\/uusi.presson.fi\/wp-content\/uploads\/2024\/11\/IMG_8824-300x300.jpeg 300w, https:\/\/uusi.presson.fi\/wp-content\/uploads\/2024\/11\/IMG_8824-150x150.jpeg 150w, https:\/\/uusi.presson.fi\/wp-content\/uploads\/2024\/11\/IMG_8824-768x768.jpeg 768w, https:\/\/uusi.presson.fi\/wp-content\/uploads\/2024\/11\/IMG_8824-550x550.jpeg 550w, https:\/\/uusi.presson.fi\/wp-content\/uploads\/2024\/11\/IMG_8824-600x600.jpeg 600w, https:\/\/uusi.presson.fi\/wp-content\/uploads\/2024\/11\/IMG_8824-100x100.jpeg 100w\" sizes=\"auto, (max-width: 800px) 100vw, 800px\" \/>\t\t\t\t\t\t\t\t\t<\/div>\n\t\t\t\t\t\t\t<\/div>\n\t\t\t\t\t<div class=\"edgtf-ig-image\">\n\t\t\t\t<div class=\"edgtf-ig-image-inner\">\n\t\t\t\t\t\t\t\t\t\t\t<img loading=\"lazy\" decoding=\"async\" width=\"800\" height=\"800\" src=\"https:\/\/uusi.presson.fi\/wp-content\/uploads\/2024\/11\/IMG_8883.jpeg\" class=\"attachment-full size-full\" alt=\"Presson Oy AV-Rack - AV-kaluste viimeistely musta\" srcset=\"https:\/\/uusi.presson.fi\/wp-content\/uploads\/2024\/11\/IMG_8883.jpeg 800w, https:\/\/uusi.presson.fi\/wp-content\/uploads\/2024\/11\/IMG_8883-300x300.jpeg 300w, https:\/\/uusi.presson.fi\/wp-content\/uploads\/2024\/11\/IMG_8883-150x150.jpeg 150w, https:\/\/uusi.presson.fi\/wp-content\/uploads\/2024\/11\/IMG_8883-768x768.jpeg 768w, https:\/\/uusi.presson.fi\/wp-content\/uploads\/2024\/11\/IMG_8883-550x550.jpeg 550w, https:\/\/uusi.presson.fi\/wp-content\/uploads\/2024\/11\/IMG_8883-600x600.jpeg 600w, https:\/\/uusi.presson.fi\/wp-content\/uploads\/2024\/11\/IMG_8883-100x100.jpeg 100w\" sizes=\"auto, (max-width: 800px) 100vw, 800px\" \/>\t\t\t\t\t\t\t\t\t<\/div>\n\t\t\t\t\t\t\t<\/div>\n\t\t\t\t\t<div class=\"edgtf-ig-image\">\n\t\t\t\t<div class=\"edgtf-ig-image-inner\">\n\t\t\t\t\t\t\t\t\t\t\t<img loading=\"lazy\" decoding=\"async\" width=\"800\" height=\"800\" src=\"https:\/\/uusi.presson.fi\/wp-content\/uploads\/2024\/11\/IMG_9000.jpeg\" class=\"attachment-full size-full\" alt=\"Presson Oy AV-Rack - AV-kaluste viimeistely musta\" srcset=\"https:\/\/uusi.presson.fi\/wp-content\/uploads\/2024\/11\/IMG_9000.jpeg 800w, https:\/\/uusi.presson.fi\/wp-content\/uploads\/2024\/11\/IMG_9000-300x300.jpeg 300w, https:\/\/uusi.presson.fi\/wp-content\/uploads\/2024\/11\/IMG_9000-150x150.jpeg 150w, https:\/\/uusi.presson.fi\/wp-content\/uploads\/2024\/11\/IMG_9000-768x768.jpeg 768w, https:\/\/uusi.presson.fi\/wp-content\/uploads\/2024\/11\/IMG_9000-550x550.jpeg 550w, https:\/\/uusi.presson.fi\/wp-content\/uploads\/2024\/11\/IMG_9000-600x600.jpeg 600w, https:\/\/uusi.presson.fi\/wp-content\/uploads\/2024\/11\/IMG_9000-100x100.jpeg 100w\" sizes=\"auto, (max-width: 800px) 100vw, 800px\" \/>\t\t\t\t\t\t\t\t\t<\/div>\n\t\t\t\t\t\t\t<\/div>\n\t\t\t<\/div>\n<\/div>[\/vc_column][\/vc_row][vc_row][vc_column][vc_separator][\/vc_column][\/vc_row][vc_row gap=&#8221;15&#8243; row_content_width=&#8221;grid&#8221; content_text_aligment=&#8221;left&#8221; css=&#8221;.vc_custom_1683882912233{padding-top: 30px !important;padding-bottom: 20px !important;}&#8221;][vc_column width=&#8221;1\/3&#8243;][vc_column_text]<\/p>\n<h5>AV-RACK H600<\/h5>\n<p>[\/vc_column_text]<div class=\"edgtf-elements-holder edgtf-one-column edgtf-responsive-mode-768 edgtf-one-column-alignment-left\" ><div class=\"edgtf-eh-item \"  data-item-class=\"edgtf-eh-custom-135246\" data-1280-1600=\"0 0 0 0\" data-1024-1280=\"0 0 0 0\" data-768-1024=\"0 1% 0 0\" data-600-768=\"0 0 0 0\" data-480-600=\"0 0 0 0\" data-480=\"0 2% 0 0\">\n\t<div class=\"edgtf-eh-item-inner\">\n\t\t<div class=\"edgtf-eh-item-content edgtf-eh-custom-135246\" style=\"padding: 0 10% 0 0\">\n\t\t\t[vc_column_text]<\/p>\n<ul>\n<li>Rack Units: 12<\/li>\n<\/ul>\n<p>[\/vc_column_text]\t\t<\/div>\n\t<\/div>\n<\/div><\/div>[\/vc_column][vc_column width=&#8221;1\/3&#8243;][vc_column_text]<\/p>\n<h5>MITAT<\/h5>\n<p>[\/vc_column_text]<div class=\"edgtf-elements-holder edgtf-one-column edgtf-responsive-mode-768 edgtf-one-column-alignment-left\" ><div class=\"edgtf-eh-item \"  data-item-class=\"edgtf-eh-custom-465227\" data-1280-1600=\"0 0 0 0\" data-1024-1280=\"0 0 0 0\" data-768-1024=\"0 1% 0 0\" data-600-768=\"0 0 0 0\" data-480-600=\"0 0 0 0\" data-480=\"0 2% 0 0\">\n\t<div class=\"edgtf-eh-item-inner\">\n\t\t<div class=\"edgtf-eh-item-content edgtf-eh-custom-465227\" style=\"padding: 0 10% 0 0\">\n\t\t\t[vc_column_text]<\/p>\n<div class=\"edgtf-elements-holder edgtf-one-column edgtf-responsive-mode-768 edgtf-one-column-alignment-left\">\n<div class=\"edgtf-eh-item \" data-item-class=\"edgtf-eh-custom-847391\" data-1280-1600=\"0 0 0 0\" data-1024-1280=\"0 0 0 0\" data-768-1024=\"0 1% 0 0\" data-600-768=\"0 0 0 0\" data-480-600=\"0 0 0 0\" data-480=\"0 2% 0 0\">\n<div class=\"edgtf-eh-item-inner\">\n<div class=\"edgtf-eh-item-content edgtf-eh-custom-847391\">\n<div class=\"wpb_text_column wpb_content_element \">\n<div class=\"wpb_wrapper\">\n<div class=\"edgtf-elements-holder edgtf-one-column edgtf-responsive-mode-768 edgtf-one-column-alignment-left\">\n<div class=\"edgtf-eh-item \" data-item-class=\"edgtf-eh-custom-328155\" data-1280-1600=\"0 0 0 0\" data-1024-1280=\"0 0 0 0\" data-768-1024=\"0 1% 0 0\" data-600-768=\"0 0 0 0\" data-480-600=\"0 0 0 0\" data-480=\"0 2% 0 0\">\n<div class=\"edgtf-eh-item-inner\">\n<div class=\"edgtf-eh-item-content edgtf-eh-custom-328155\">\n<div class=\"wpb_text_column wpb_content_element \">\n<div class=\"wpb_wrapper\">\n<ul>\n<li>Leveys: 570 mm<\/li>\n<li>Syvyys: 647 mm<\/li>\n<li>Korkeus py\u00f6rill\u00e4: 680 mm<\/li>\n<li>Paino: 34 kg<\/li>\n<\/ul>\n<\/div>\n<\/div>\n<\/div>\n<\/div>\n<\/div>\n<\/div>\n<\/div>\n<\/div>\n<\/div>\n<\/div>\n<\/div>\n<\/div>\n<p>[\/vc_column_text]\t\t<\/div>\n\t<\/div>\n<\/div><\/div>[\/vc_column][vc_column width=&#8221;1\/6&#8243;][\/vc_column][\/vc_row][vc_row css=&#8221;.vc_custom_1683894801002{padding-top: 1px !important;}&#8221;][vc_column][vc_separator][\/vc_column][\/vc_row][vc_row gap=&#8221;15&#8243; row_content_width=&#8221;grid&#8221; content_text_aligment=&#8221;left&#8221; css=&#8221;.vc_custom_1683882912233{padding-top: 30px !important;padding-bottom: 20px !important;}&#8221;][vc_column width=&#8221;1\/3&#8243;][vc_column_text]<\/p>\n<h5>AV-RACK H900<\/h5>\n<p>[\/vc_column_text]<div class=\"edgtf-elements-holder edgtf-one-column edgtf-responsive-mode-768 edgtf-one-column-alignment-left\" ><div class=\"edgtf-eh-item \"  data-item-class=\"edgtf-eh-custom-882905\" data-1280-1600=\"0 0 0 0\" data-1024-1280=\"0 0 0 0\" data-768-1024=\"0 1% 0 0\" data-600-768=\"0 0 0 0\" data-480-600=\"0 0 0 0\" data-480=\"0 2% 0 0\">\n\t<div class=\"edgtf-eh-item-inner\">\n\t\t<div class=\"edgtf-eh-item-content edgtf-eh-custom-882905\" style=\"padding: 0 10% 0 0\">\n\t\t\t[vc_column_text]<\/p>\n<ul>\n<li>Rack Units: 17<\/li>\n<\/ul>\n<p>[\/vc_column_text]\t\t<\/div>\n\t<\/div>\n<\/div><\/div>[\/vc_column][vc_column width=&#8221;1\/3&#8243;][vc_column_text]<\/p>\n<h5>MITAT<\/h5>\n<p>[\/vc_column_text]<div class=\"edgtf-elements-holder edgtf-one-column edgtf-responsive-mode-768 edgtf-one-column-alignment-left\" ><div class=\"edgtf-eh-item \"  data-item-class=\"edgtf-eh-custom-611633\" data-1280-1600=\"0 0 0 0\" data-1024-1280=\"0 0 0 0\" data-768-1024=\"0 1% 0 0\" data-600-768=\"0 0 0 0\" data-480-600=\"0 0 0 0\" data-480=\"0 2% 0 0\">\n\t<div class=\"edgtf-eh-item-inner\">\n\t\t<div class=\"edgtf-eh-item-content edgtf-eh-custom-611633\" style=\"padding: 0 10% 0 0\">\n\t\t\t[vc_column_text]<\/p>\n<ul>\n<li>Leveys: 570 mm<\/li>\n<li>Syvyys: 647 mm<\/li>\n<li>Korkeus py\u00f6rill\u00e4: 900 mm<\/li>\n<li>Paino: 41 kg<\/li>\n<\/ul>\n<p>[\/vc_column_text]\t\t<\/div>\n\t<\/div>\n<\/div><\/div>[\/vc_column][vc_column width=&#8221;1\/6&#8243;][\/vc_column][\/vc_row][vc_row css=&#8221;.vc_custom_1683894801002{padding-top: 1px !important;}&#8221;][vc_column][vc_separator][\/vc_column][\/vc_row][vc_row gap=&#8221;15&#8243; row_content_width=&#8221;grid&#8221; content_text_aligment=&#8221;left&#8221; css=&#8221;.vc_custom_1682074323435{padding-top: 30px !important;padding-bottom: 20px !important;}&#8221;][vc_column width=&#8221;1\/3&#8243;][vc_column_text]<\/p>\n<h5>LIS\u00c4TIEDOT<\/h5>\n<p>[\/vc_column_text]<div class=\"edgtf-elements-holder edgtf-one-column edgtf-responsive-mode-768 edgtf-one-column-alignment-left\" ><div class=\"edgtf-eh-item \"  data-item-class=\"edgtf-eh-custom-364180\" data-1280-1600=\"0 0 0 0\" data-1024-1280=\"0 0 0 0\" data-768-1024=\"0 1% 0 0\" data-600-768=\"0 0 0 0\" data-480-600=\"0 0 0 0\" data-480=\"0 2% 0 0\">\n\t<div class=\"edgtf-eh-item-inner\">\n\t\t<div class=\"edgtf-eh-item-content edgtf-eh-custom-364180\" style=\"padding: 0 10% 0 0\">\n\t\t\t[vc_column_text]<\/p>\n<ul>\n<li>Py\u00f6r\u00e4t<\/li>\n<li>6 m tai 9 m musta kaapelisukka. Sis. virta- ja LAN-kaapelit<\/li>\n<li>Avattava laitetila<\/li>\n<li>10 kpl s\u00e4hk\u00f6pistoketta laitetilassa<\/li>\n<\/ul>\n<p>[\/vc_column_text]\t\t<\/div>\n\t<\/div>\n<\/div><\/div>[\/vc_column][vc_column width=&#8221;1\/3&#8243;][vc_column_text]<\/p>\n<h5>LIS\u00c4VARUSTEET<\/h5>\n<p>[\/vc_column_text]<div class=\"edgtf-elements-holder edgtf-one-column edgtf-responsive-mode-768 edgtf-one-column-alignment-left\" ><div class=\"edgtf-eh-item \"  data-item-class=\"edgtf-eh-custom-789791\" data-1280-1600=\"0 0 0 0\" data-1024-1280=\"0 0 0 0\" data-768-1024=\"0 1% 0 0\" data-600-768=\"0 0 0 0\" data-480-600=\"0 0 0 0\" data-480=\"0 2% 0 0\">\n\t<div class=\"edgtf-eh-item-inner\">\n\t\t<div class=\"edgtf-eh-item-content edgtf-eh-custom-789791\" style=\"padding: 0 10% 0 0\">\n\t\t\t[vc_column_text]<\/p>\n<ul>\n<li>Lukittava laitetila<\/li>\n<li>5 kpl lis\u00e4s\u00e4hk\u00f6pistokkeet laitetilassa<\/li>\n<li>Termostaatilla toimiva tuuletin<\/li>\n<\/ul>\n<p>[\/vc_column_text]\t\t<\/div>\n\t<\/div>\n<\/div><\/div>[\/vc_column][vc_column width=&#8221;1\/6&#8243;][\/vc_column][\/vc_row][vc_row gap=&#8221;15&#8243; row_content_width=&#8221;grid&#8221; content_text_aligment=&#8221;left&#8221;][vc_column width=&#8221;1\/3&#8243;][vc_column_text]<\/p>\n<h5>VIIMEISTELY<\/h5>\n<p>[\/vc_column_text]<div class=\"edgtf-elements-holder edgtf-one-column edgtf-responsive-mode-768 edgtf-one-column-alignment-left\" ><div class=\"edgtf-eh-item \"  data-item-class=\"edgtf-eh-custom-662582\" data-1280-1600=\"0 0 0 0\" data-1024-1280=\"0 0 0 0\" data-768-1024=\"0 1% 0 0\" data-600-768=\"0 0 0 0\" data-480-600=\"0 0 0 0\" data-480=\"0 2% 0 0\">\n\t<div class=\"edgtf-eh-item-inner\">\n\t\t<div class=\"edgtf-eh-item-content edgtf-eh-custom-662582\" style=\"padding: 0 10% 0 0\">\n\t\t\t[vc_column_text]Valkoinen RAL9016 tai musta RAL9005<\/p>\n<p>Muut viimeistelyt:<\/p>\n<ul>\n<li>Tammiviilu<\/li>\n<li>Saarniviilu<\/li>\n<li>Mustaksi petsattu viilu<\/li>\n<li>Valkoiseksi petsattu viilu<\/li>\n<li>Valkolakattu viilu<\/li>\n<li>RAL-v\u00e4ri<\/li>\n<li>Nanolaminaatti<\/li>\n<li>Asiakkaan mallipalan mukaan<\/li>\n<\/ul>\n<p>[\/vc_column_text]\t\t<\/div>\n\t<\/div>\n<\/div><\/div>[\/vc_column][vc_column width=&#8221;1\/3&#8243;][vc_column_text]<\/p>\n<h5>R\u00c4\u00c4T\u00c4L\u00d6INTI<\/h5>\n<p>[\/vc_column_text]<div class=\"edgtf-elements-holder edgtf-one-column edgtf-responsive-mode-768 edgtf-one-column-alignment-left\" ><div class=\"edgtf-eh-item \"  data-item-class=\"edgtf-eh-custom-814531\" data-1280-1600=\"0 0 0 0\" data-1024-1280=\"0 0 0 0\" data-768-1024=\"0 1% 0 0\" data-600-768=\"0 0 0 0\" data-480-600=\"0 0 0 0\" data-480=\"0 2% 0 0\">\n\t<div class=\"edgtf-eh-item-inner\">\n\t\t<div class=\"edgtf-eh-item-content edgtf-eh-custom-814531\" style=\"padding: 0 10% 0 0\">\n\t\t\t[vc_column_text]Kalusteiden yksil\u00f6llinen kustomointi mahdollista asiakkaiden toiveiden mukaan.[\/vc_column_text]\t\t<\/div>\n\t<\/div>\n<\/div><\/div>[\/vc_column][vc_column width=&#8221;1\/6&#8243;][\/vc_column][\/vc_row][vc_row gap=&#8221;15&#8243; content_placement=&#8221;middle&#8221; row_content_width=&#8221;grid&#8221; content_text_aligment=&#8221;center&#8221; css=&#8221;.vc_custom_1492509776416{padding-bottom: 47px !important;}&#8221;][vc_column offset=&#8221;vc_col-lg-6 vc_col-md-12&#8243; css=&#8221;.vc_custom_1492510149365{padding-top: 0px !important;padding-bottom: 0px !important;}&#8221;][vc_btn title=&#8221;KYSY LIS\u00c4\u00c4!&#8221; color=&#8221;black&#8221; align=&#8221;left&#8221; link=&#8221;url:https%3A%2F%2Fuusi.presson.fi%2Findex.php%2Fotayhteytta%2F|target:_blank&#8221;][\/vc_column][\/vc_row][vc_row gap=&#8221;15&#8243; row_content_width=&#8221;grid&#8221; content_text_aligment=&#8221;left&#8221; css=&#8221;.vc_custom_1706255398455{padding-top: px !important;}&#8221;][vc_column offset=&#8221;vc_col-lg-6 vc_col-md-12&#8243;][vc_column_text]<\/p>\n<h5>MITTAKUVA<\/h5>\n<p>[\/vc_column_text][vc_empty_space height=&#8221;30px&#8221;][vc_single_image image=&#8221;10247&#8243; img_size=&#8221;full&#8221;][\/vc_column][\/vc_row][vc_row gap=&#8221;15&#8243; content_placement=&#8221;middle&#8221; disable_element=&#8221;yes&#8221; row_content_width=&#8221;grid&#8221; content_text_aligment=&#8221;center&#8221; css=&#8221;.vc_custom_1669883673634{padding-bottom: 47px !important;}&#8221;][vc_column offset=&#8221;vc_col-lg-6 vc_col-md-12&#8243; css=&#8221;.vc_custom_1492510149365{padding-top: 0px !important;padding-bottom: 0px !important;}&#8221;]<div class=\"edgtf-image-gallery  edgtf-ig-grid-type    \">\n\t<div class=\"edgtf-ig-inner edgtf-ig-grid edgtf-ig-two-columns edgtf-ig-big-space\">\n\t\t\t\t\t<div class=\"edgtf-ig-image\">\n\t\t\t\t<div class=\"edgtf-ig-image-inner\">\n\t\t\t\t\t\t\t\t\t\t\t<img loading=\"lazy\" decoding=\"async\" width=\"800\" height=\"800\" src=\"https:\/\/uusi.presson.fi\/wp-content\/uploads\/2017\/04\/p1-gallery-img-1.jpg\" class=\"attachment-full size-full\" alt=\"g\" srcset=\"https:\/\/uusi.presson.fi\/wp-content\/uploads\/2017\/04\/p1-gallery-img-1.jpg 800w, https:\/\/uusi.presson.fi\/wp-content\/uploads\/2017\/04\/p1-gallery-img-1-300x300.jpg 300w, https:\/\/uusi.presson.fi\/wp-content\/uploads\/2017\/04\/p1-gallery-img-1-100x100.jpg 100w, https:\/\/uusi.presson.fi\/wp-content\/uploads\/2017\/04\/p1-gallery-img-1-600x600.jpg 600w, https:\/\/uusi.presson.fi\/wp-content\/uploads\/2017\/04\/p1-gallery-img-1-150x150.jpg 150w, https:\/\/uusi.presson.fi\/wp-content\/uploads\/2017\/04\/p1-gallery-img-1-768x768.jpg 768w, https:\/\/uusi.presson.fi\/wp-content\/uploads\/2017\/04\/p1-gallery-img-1-550x550.jpg 550w\" sizes=\"auto, (max-width: 800px) 100vw, 800px\" \/>\t\t\t\t\t\t\t\t\t<\/div>\n\t\t\t\t\t\t\t<\/div>\n\t\t\t\t\t<div class=\"edgtf-ig-image\">\n\t\t\t\t<div class=\"edgtf-ig-image-inner\">\n\t\t\t\t\t\t\t\t\t\t\t<img loading=\"lazy\" decoding=\"async\" width=\"800\" height=\"800\" src=\"https:\/\/uusi.presson.fi\/wp-content\/uploads\/2017\/04\/p1-gallery-img-2.jpg\" class=\"attachment-full size-full\" alt=\"g\" srcset=\"https:\/\/uusi.presson.fi\/wp-content\/uploads\/2017\/04\/p1-gallery-img-2.jpg 800w, https:\/\/uusi.presson.fi\/wp-content\/uploads\/2017\/04\/p1-gallery-img-2-300x300.jpg 300w, https:\/\/uusi.presson.fi\/wp-content\/uploads\/2017\/04\/p1-gallery-img-2-100x100.jpg 100w, https:\/\/uusi.presson.fi\/wp-content\/uploads\/2017\/04\/p1-gallery-img-2-600x600.jpg 600w, https:\/\/uusi.presson.fi\/wp-content\/uploads\/2017\/04\/p1-gallery-img-2-150x150.jpg 150w, https:\/\/uusi.presson.fi\/wp-content\/uploads\/2017\/04\/p1-gallery-img-2-768x768.jpg 768w, https:\/\/uusi.presson.fi\/wp-content\/uploads\/2017\/04\/p1-gallery-img-2-550x550.jpg 550w\" sizes=\"auto, (max-width: 800px) 100vw, 800px\" \/>\t\t\t\t\t\t\t\t\t<\/div>\n\t\t\t\t\t\t\t<\/div>\n\t\t\t<\/div>\n<\/div>[\/vc_column][vc_column offset=&#8221;vc_col-lg-6 vc_col-md-12&#8243; css=&#8221;.vc_custom_1492510167989{padding-top: 0px !important;padding-bottom: 0px !important;}&#8221;]<div class=\"edgtf-image-gallery  edgtf-ig-grid-type    \">\n\t<div class=\"edgtf-ig-inner edgtf-ig-grid edgtf-ig-two-columns edgtf-ig-big-space\">\n\t\t\t\t\t<div class=\"edgtf-ig-image\">\n\t\t\t\t<div class=\"edgtf-ig-image-inner\">\n\t\t\t\t\t\t\t\t\t\t\t<img loading=\"lazy\" decoding=\"async\" width=\"800\" height=\"800\" src=\"https:\/\/uusi.presson.fi\/wp-content\/uploads\/2017\/04\/p1-gallery-img-3.jpg\" class=\"attachment-full size-full\" alt=\"g\" srcset=\"https:\/\/uusi.presson.fi\/wp-content\/uploads\/2017\/04\/p1-gallery-img-3.jpg 800w, https:\/\/uusi.presson.fi\/wp-content\/uploads\/2017\/04\/p1-gallery-img-3-300x300.jpg 300w, https:\/\/uusi.presson.fi\/wp-content\/uploads\/2017\/04\/p1-gallery-img-3-100x100.jpg 100w, https:\/\/uusi.presson.fi\/wp-content\/uploads\/2017\/04\/p1-gallery-img-3-600x600.jpg 600w, https:\/\/uusi.presson.fi\/wp-content\/uploads\/2017\/04\/p1-gallery-img-3-150x150.jpg 150w, https:\/\/uusi.presson.fi\/wp-content\/uploads\/2017\/04\/p1-gallery-img-3-768x768.jpg 768w, https:\/\/uusi.presson.fi\/wp-content\/uploads\/2017\/04\/p1-gallery-img-3-550x550.jpg 550w\" sizes=\"auto, (max-width: 800px) 100vw, 800px\" \/>\t\t\t\t\t\t\t\t\t<\/div>\n\t\t\t\t\t\t\t<\/div>\n\t\t\t\t\t<div class=\"edgtf-ig-image\">\n\t\t\t\t<div class=\"edgtf-ig-image-inner\">\n\t\t\t\t\t\t\t\t\t\t\t<img loading=\"lazy\" decoding=\"async\" width=\"800\" height=\"800\" src=\"https:\/\/uusi.presson.fi\/wp-content\/uploads\/2017\/04\/p1-gallery-img-4.jpg\" class=\"attachment-full size-full\" alt=\"g\" srcset=\"https:\/\/uusi.presson.fi\/wp-content\/uploads\/2017\/04\/p1-gallery-img-4.jpg 800w, https:\/\/uusi.presson.fi\/wp-content\/uploads\/2017\/04\/p1-gallery-img-4-300x300.jpg 300w, https:\/\/uusi.presson.fi\/wp-content\/uploads\/2017\/04\/p1-gallery-img-4-100x100.jpg 100w, https:\/\/uusi.presson.fi\/wp-content\/uploads\/2017\/04\/p1-gallery-img-4-600x600.jpg 600w, https:\/\/uusi.presson.fi\/wp-content\/uploads\/2017\/04\/p1-gallery-img-4-150x150.jpg 150w, https:\/\/uusi.presson.fi\/wp-content\/uploads\/2017\/04\/p1-gallery-img-4-768x768.jpg 768w, https:\/\/uusi.presson.fi\/wp-content\/uploads\/2017\/04\/p1-gallery-img-4-550x550.jpg 550w\" sizes=\"auto, (max-width: 800px) 100vw, 800px\" \/>\t\t\t\t\t\t\t\t\t<\/div>\n\t\t\t\t\t\t\t<\/div>\n\t\t\t<\/div>\n<\/div>[\/vc_column][\/vc_row]<\/p>\n<\/section>","protected":false},"excerpt":{"rendered":"<p>[vc_row gap=&#8221;15&#8243; row_content_width=&#8221;grid&#8221; content_text_aligment=&#8221;left&#8221; css=&#8221;.vc_custom_1492509993885{padding-top: 86px !important;}&#8221;][vc_column offset=&#8221;vc_col-lg-6 vc_col-md-12&#8243;][vc_column_text] AV-Rack [\/vc_column_text][vc_empty_space height=&#8221;50px&#8221;][\/vc_column][vc_column offset=&#8221;vc_col-lg-6 vc_col-md-12&#8243;][vc_single_image image=&#8221;12379&#8243; img_size=&#8221;full&#8221; alignment=&#8221;center&#8221;][vc_empty_space height=&#8221;30px&#8221;][\/vc_column][\/vc_row][vc_row][vc_column][vc_empty_space height=&#8221;50px&#8221;][\/vc_column][\/vc_row][vc_row][vc_column][vc_separator][\/vc_column][\/vc_row][vc_row gap=&#8221;15&#8243; row_content_width=&#8221;grid&#8221; content_text_aligment=&#8221;left&#8221; css=&#8221;.vc_custom_1683882912233{padding-top: 30px !important;padding-bottom: 20px !important;}&#8221;][vc_column width=&#8221;1\/3&#8243;][vc_column_text] AV-RACK H600 [\/vc_column_text][\/vc_column][vc_column width=&#8221;1\/3&#8243;][vc_column_text] MITAT [\/vc_column_text][\/vc_column][vc_column width=&#8221;1\/6&#8243;][\/vc_column][\/vc_row][vc_row css=&#8221;.vc_custom_1683894801002{padding-top: 1px !important;}&#8221;][vc_column][vc_separator][\/vc_column][\/vc_row][vc_row gap=&#8221;15&#8243; row_content_width=&#8221;grid&#8221; [&hellip;]<\/p>\n","protected":false},"author":1,"featured_media":0,"parent":10408,"menu_order":0,"comment_status":"closed","ping_status":"closed","template":"full-width.php","meta":{"footnotes":""},"class_list":["post-10498","page","type-page","status-publish","hentry"],"_links":{"self":[{"href":"https:\/\/uusi.presson.fi\/index.php\/wp-json\/wp\/v2\/pages\/10498","targetHints":{"allow":["GET"]}}],"collection":[{"href":"https:\/\/uusi.presson.fi\/index.php\/wp-json\/wp\/v2\/pages"}],"about":[{"href":"https:\/\/uusi.presson.fi\/index.php\/wp-json\/wp\/v2\/types\/page"}],"author":[{"embeddable":true,"href":"https:\/\/uusi.presson.fi\/index.php\/wp-json\/wp\/v2\/users\/1"}],"replies":[{"embeddable":true,"href":"https:\/\/uusi.presson.fi\/index.php\/wp-json\/wp\/v2\/comments?post=10498"}],"version-history":[{"count":20,"href":"https:\/\/uusi.presson.fi\/index.php\/wp-json\/wp\/v2\/pages\/10498\/revisions"}],"predecessor-version":[{"id":12771,"href":"https:\/\/uusi.presson.fi\/index.php\/wp-json\/wp\/v2\/pages\/10498\/revisions\/12771"}],"up":[{"embeddable":true,"href":"https:\/\/uusi.presson.fi\/index.php\/wp-json\/wp\/v2\/pages\/10408"}],"wp:attachment":[{"href":"https:\/\/uusi.presson.fi\/index.php\/wp-json\/wp\/v2\/media?parent=10498"}],"curies":[{"name":"wp","href":"https:\/\/api.w.org\/{rel}","templated":true}]}}