{"id":10489,"date":"2023-03-10T12:32:43","date_gmt":"2023-03-10T12:32:43","guid":{"rendered":"https:\/\/uusi.presson.fi\/?page_id=10489"},"modified":"2023-09-01T09:17:50","modified_gmt":"2023-09-01T09:17:50","slug":"integroitu-cabin","status":"publish","type":"page","link":"https:\/\/uusi.presson.fi\/index.php\/kalusteet\/nayttokalusteet\/integroitu-cabin\/","title":{"rendered":"Integroitu Cabin"},"content":{"rendered":"<section class=\"wpb-content-wrapper\"><p>[vc_row gap=&#8221;15&#8243; row_content_width=&#8221;grid&#8221; content_text_aligment=&#8221;left&#8221; css=&#8221;.vc_custom_1492509993885{padding-top: 86px !important;}&#8221;][vc_column offset=&#8221;vc_col-lg-6 vc_col-md-12&#8243;][vc_column_text]<\/p>\n<h1>Integroitu Cabin<\/h1>\n<p>[\/vc_column_text]<div class=\"edgtf-elements-holder edgtf-one-column edgtf-responsive-mode-768 edgtf-one-column-alignment-left\" ><div class=\"edgtf-eh-item \"  data-item-class=\"edgtf-eh-custom-988119\" data-1280-1600=\"0 0 0 0\" data-1024-1280=\"0 0 0 0\" data-768-1024=\"0 1% 0 0\" data-600-768=\"0 0 0 0\" data-480-600=\"0 0 0 0\" data-480=\"0 2% 0 0\">\n\t<div class=\"edgtf-eh-item-inner\">\n\t\t<div class=\"edgtf-eh-item-content edgtf-eh-custom-988119\" style=\"padding: 0 10% 0 0\">\n\t\t\t[vc_empty_space height=&#8221;20px&#8221;][vc_column_text]<\/p>\n<h5><strong><b>Presson Hiding Box<\/b><\/strong><\/h5>\n<p>T\u00e4m\u00e4 tuote on tarkoitettu sijoitettavaksi jonkun muun kalusteen sis\u00e4\u00e4n, esim. puusep\u00e4n suunnitteleman kalusteen sis\u00e4lle. Ideana on, ett\u00e4 tekniikka on asennettu tehtaalla valmiiksi ja rungon p\u00e4\u00e4lle voidaan asentaa viimeistelyverhous j\u00e4lkik\u00e4teen tai runko upottaa toisen kalusteen sis\u00e4lle.[\/vc_column_text]\t\t<\/div>\n\t<\/div>\n<\/div><\/div>[vc_empty_space height=&#8221;50px&#8221;][\/vc_column][vc_column offset=&#8221;vc_col-lg-6 vc_col-md-12&#8243;][vc_single_image image=&#8221;10217&#8243; img_size=&#8221;full&#8221; alignment=&#8221;center&#8221;][vc_empty_space height=&#8221;30px&#8221;][\/vc_column][\/vc_row][vc_row gap=&#8221;15&#8243; row_content_width=&#8221;grid&#8221; content_text_aligment=&#8221;left&#8221; css=&#8221;.vc_custom_1492509993885{padding-top: 86px !important;}&#8221;][vc_column offset=&#8221;vc_col-lg-6 vc_col-md-12&#8243;]<div class=\"edgtf-elements-holder edgtf-one-column edgtf-responsive-mode-768 edgtf-one-column-alignment-left\" ><div class=\"edgtf-eh-item \"  data-item-class=\"edgtf-eh-custom-228667\" data-1280-1600=\"0 0 0 0\" data-1024-1280=\"0 0 0 0\" data-768-1024=\"0 1% 0 0\" data-600-768=\"0 0 0 0\" data-480-600=\"0 0 0 0\" data-480=\"0 2% 0 0\">\n\t<div class=\"edgtf-eh-item-inner\">\n\t\t<div class=\"edgtf-eh-item-content edgtf-eh-custom-228667\" style=\"padding: 0 10% 0 0\">\n\t\t\t[vc_column_text]<\/p>\n<h5>ESIMERKKEJ\u00c4<\/h5>\n<p>[\/vc_column_text]\t\t<\/div>\n\t<\/div>\n<\/div><\/div>[vc_empty_space height=&#8221;50px&#8221;][\/vc_column][vc_column offset=&#8221;vc_col-lg-6 vc_col-md-12&#8243;][vc_column_text]<\/p>\n<h5>MALLIKUVA<\/h5>\n<p>[\/vc_column_text][vc_empty_space height=&#8221;30px&#8221;][vc_single_image image=&#8221;10247&#8243; img_size=&#8221;full&#8221;][\/vc_column][\/vc_row][vc_row][vc_column][vc_empty_space height=&#8221;50px&#8221;]<div class=\"edgtf-image-gallery  edgtf-ig-grid-type    \">\n\t<div class=\"edgtf-ig-inner edgtf-ig-grid edgtf-ig-four-columns edgtf-ig-no-space\">\n\t\t\t\t\t<div class=\"edgtf-ig-image\">\n\t\t\t\t<div class=\"edgtf-ig-image-inner\">\n\t\t\t\t\t\t\t\t\t\t\t<img loading=\"lazy\" decoding=\"async\" width=\"800\" height=\"800\" src=\"https:\/\/uusi.presson.fi\/wp-content\/uploads\/2022\/12\/Tuotekuvamalli_2._800x800px_2.png\" class=\"attachment-full size-full\" alt=\"\" srcset=\"https:\/\/uusi.presson.fi\/wp-content\/uploads\/2022\/12\/Tuotekuvamalli_2._800x800px_2.png 800w, https:\/\/uusi.presson.fi\/wp-content\/uploads\/2022\/12\/Tuotekuvamalli_2._800x800px_2-300x300.png 300w, https:\/\/uusi.presson.fi\/wp-content\/uploads\/2022\/12\/Tuotekuvamalli_2._800x800px_2-100x100.png 100w, https:\/\/uusi.presson.fi\/wp-content\/uploads\/2022\/12\/Tuotekuvamalli_2._800x800px_2-600x600.png 600w, https:\/\/uusi.presson.fi\/wp-content\/uploads\/2022\/12\/Tuotekuvamalli_2._800x800px_2-150x150.png 150w, https:\/\/uusi.presson.fi\/wp-content\/uploads\/2022\/12\/Tuotekuvamalli_2._800x800px_2-768x768.png 768w, https:\/\/uusi.presson.fi\/wp-content\/uploads\/2022\/12\/Tuotekuvamalli_2._800x800px_2-550x550.png 550w\" sizes=\"auto, (max-width: 800px) 100vw, 800px\" \/>\t\t\t\t\t\t\t\t\t<\/div>\n\t\t\t\t\t\t\t<\/div>\n\t\t\t\t\t<div class=\"edgtf-ig-image\">\n\t\t\t\t<div class=\"edgtf-ig-image-inner\">\n\t\t\t\t\t\t\t\t\t\t\t<img loading=\"lazy\" decoding=\"async\" width=\"800\" height=\"800\" src=\"https:\/\/uusi.presson.fi\/wp-content\/uploads\/2022\/12\/Tuotekuvamalli_2._800x800px.png\" class=\"attachment-full size-full\" alt=\"\" srcset=\"https:\/\/uusi.presson.fi\/wp-content\/uploads\/2022\/12\/Tuotekuvamalli_2._800x800px.png 800w, https:\/\/uusi.presson.fi\/wp-content\/uploads\/2022\/12\/Tuotekuvamalli_2._800x800px-300x300.png 300w, https:\/\/uusi.presson.fi\/wp-content\/uploads\/2022\/12\/Tuotekuvamalli_2._800x800px-100x100.png 100w, https:\/\/uusi.presson.fi\/wp-content\/uploads\/2022\/12\/Tuotekuvamalli_2._800x800px-600x600.png 600w, https:\/\/uusi.presson.fi\/wp-content\/uploads\/2022\/12\/Tuotekuvamalli_2._800x800px-150x150.png 150w, https:\/\/uusi.presson.fi\/wp-content\/uploads\/2022\/12\/Tuotekuvamalli_2._800x800px-768x768.png 768w, https:\/\/uusi.presson.fi\/wp-content\/uploads\/2022\/12\/Tuotekuvamalli_2._800x800px-550x550.png 550w\" sizes=\"auto, (max-width: 800px) 100vw, 800px\" \/>\t\t\t\t\t\t\t\t\t<\/div>\n\t\t\t\t\t\t\t<\/div>\n\t\t\t\t\t<div class=\"edgtf-ig-image\">\n\t\t\t\t<div class=\"edgtf-ig-image-inner\">\n\t\t\t\t\t\t\t\t\t\t\t<img loading=\"lazy\" decoding=\"async\" width=\"800\" height=\"800\" src=\"https:\/\/uusi.presson.fi\/wp-content\/uploads\/2022\/12\/Tuotekuvamalli_2._800x800px_3.png\" class=\"attachment-full size-full\" alt=\"\" srcset=\"https:\/\/uusi.presson.fi\/wp-content\/uploads\/2022\/12\/Tuotekuvamalli_2._800x800px_3.png 800w, https:\/\/uusi.presson.fi\/wp-content\/uploads\/2022\/12\/Tuotekuvamalli_2._800x800px_3-300x300.png 300w, https:\/\/uusi.presson.fi\/wp-content\/uploads\/2022\/12\/Tuotekuvamalli_2._800x800px_3-100x100.png 100w, https:\/\/uusi.presson.fi\/wp-content\/uploads\/2022\/12\/Tuotekuvamalli_2._800x800px_3-600x600.png 600w, https:\/\/uusi.presson.fi\/wp-content\/uploads\/2022\/12\/Tuotekuvamalli_2._800x800px_3-150x150.png 150w, https:\/\/uusi.presson.fi\/wp-content\/uploads\/2022\/12\/Tuotekuvamalli_2._800x800px_3-768x768.png 768w, https:\/\/uusi.presson.fi\/wp-content\/uploads\/2022\/12\/Tuotekuvamalli_2._800x800px_3-550x550.png 550w\" sizes=\"auto, (max-width: 800px) 100vw, 800px\" \/>\t\t\t\t\t\t\t\t\t<\/div>\n\t\t\t\t\t\t\t<\/div>\n\t\t\t<\/div>\n<\/div>[\/vc_column][\/vc_row][vc_row][vc_column][vc_separator][\/vc_column][\/vc_row][vc_row gap=&#8221;15&#8243; row_content_width=&#8221;grid&#8221; content_text_aligment=&#8221;left&#8221; css=&#8221;.vc_custom_1683882912233{padding-top: 30px !important;padding-bottom: 20px !important;}&#8221;][vc_column width=&#8221;1\/3&#8243;][vc_column_text]<\/p>\n<h5>INTEGROITU\u00a0 CABIN<\/h5>\n<p>[\/vc_column_text]<div class=\"edgtf-elements-holder edgtf-one-column edgtf-responsive-mode-768 edgtf-one-column-alignment-left\" ><div class=\"edgtf-eh-item \"  data-item-class=\"edgtf-eh-custom-269100\" data-1280-1600=\"0 0 0 0\" data-1024-1280=\"0 0 0 0\" data-768-1024=\"0 1% 0 0\" data-600-768=\"0 0 0 0\" data-480-600=\"0 0 0 0\" data-480=\"0 2% 0 0\">\n\t<div class=\"edgtf-eh-item-inner\">\n\t\t<div class=\"edgtf-eh-item-content edgtf-eh-custom-269100\" style=\"padding: 0 10% 0 0\">\n\t\t\t[vc_column_text]<\/p>\n<ul>\n<li>N\u00e4yt\u00f6n koko<\/li>\n<li>S\u00e4hk\u00f6pistoke laitetilassa:\u00a0 kpl<\/li>\n<\/ul>\n<p>[\/vc_column_text]\t\t<\/div>\n\t<\/div>\n<\/div><\/div>[\/vc_column][vc_column width=&#8221;1\/3&#8243;][vc_column_text]<\/p>\n<h5>MITAT<\/h5>\n<p>[\/vc_column_text]<div class=\"edgtf-elements-holder edgtf-one-column edgtf-responsive-mode-768 edgtf-one-column-alignment-left\" ><div class=\"edgtf-eh-item \"  data-item-class=\"edgtf-eh-custom-394712\" data-1280-1600=\"0 0 0 0\" data-1024-1280=\"0 0 0 0\" data-768-1024=\"0 1% 0 0\" data-600-768=\"0 0 0 0\" data-480-600=\"0 0 0 0\" data-480=\"0 2% 0 0\">\n\t<div class=\"edgtf-eh-item-inner\">\n\t\t<div class=\"edgtf-eh-item-content edgtf-eh-custom-394712\" style=\"padding: 0 10% 0 0\">\n\t\t\t[vc_column_text]<\/p>\n<ul>\n<li>Leveys: mm<\/li>\n<li>Syvyys: mm<\/li>\n<li>Korkeus py\u00f6rill\u00e4: 0mm<\/li>\n<li>Paino: 00kg<\/li>\n<\/ul>\n<p>[\/vc_column_text]\t\t<\/div>\n\t<\/div>\n<\/div><\/div>[\/vc_column][vc_column width=&#8221;1\/6&#8243;][\/vc_column][\/vc_row][vc_row css=&#8221;.vc_custom_1686744934034{padding-top: 1px !important;}&#8221;][vc_column][vc_separator][\/vc_column][\/vc_row][vc_row gap=&#8221;15&#8243; row_content_width=&#8221;grid&#8221; content_text_aligment=&#8221;left&#8221; css=&#8221;.vc_custom_1682074323435{padding-top: 30px !important;padding-bottom: 20px !important;}&#8221;][vc_column width=&#8221;1\/3&#8243;][vc_column_text]<\/p>\n<h5>LIS\u00c4TIEDOT<\/h5>\n<p>[\/vc_column_text]<div class=\"edgtf-elements-holder edgtf-one-column edgtf-responsive-mode-768 edgtf-one-column-alignment-left\" ><div class=\"edgtf-eh-item \"  data-item-class=\"edgtf-eh-custom-975416\" data-1280-1600=\"0 0 0 0\" data-1024-1280=\"0 0 0 0\" data-768-1024=\"0 1% 0 0\" data-600-768=\"0 0 0 0\" data-480-600=\"0 0 0 0\" data-480=\"0 2% 0 0\">\n\t<div class=\"edgtf-eh-item-inner\">\n\t\t<div class=\"edgtf-eh-item-content edgtf-eh-custom-975416\" style=\"padding: 0 10% 0 0\">\n\t\t\t[vc_column_text]<\/p>\n<ul>\n<li>Py\u00f6r\u00e4t<\/li>\n<li>6m tai 9m musta kaapelisukka. Sis. virta- ja LAN-kaapelit<\/li>\n<li>avattava laitetila<\/li>\n<\/ul>\n<p>K\u00e4ytt\u00f6kaapeli vaihtoehdot:<\/p>\n<ul>\n<li>HDMI (-HDMI, esityskaapeli)<\/li>\n<li>Toinen HDMI (-HDMI, esityskaapeli)<\/li>\n<li>USB-C (All in one: USB-, HDMI-esitys- ja 65W-latauskaapeli)<\/li>\n<li>USB-C (-HDMI, esityskaapeli)<\/li>\n<li>Toinen USB-C (-HDMI, esityskaapeli)<\/li>\n<li>USB-C 65W (Power Delivery latauskaapeli)<\/li>\n<li>USB-A (-USB-A 2.0, U-N, USB-kaapeli)<\/li>\n<li>Apple Lightning (-USB-C latauskaapeli)<\/li>\n<li>RJ45 LAN (verkkokaapeli)<\/li>\n<li>Toinen RJ45 LAN (verkkokaapeli)<\/li>\n<li>3.5mm Audio (-3.5mm audio -kaapeli)<\/li>\n<\/ul>\n<p>[\/vc_column_text]\t\t<\/div>\n\t<\/div>\n<\/div><\/div>[\/vc_column][vc_column width=&#8221;1\/3&#8243;][vc_column_text]<\/p>\n<h5>LIS\u00c4VARUSTEET<\/h5>\n<p>[\/vc_column_text]<div class=\"edgtf-elements-holder edgtf-one-column edgtf-responsive-mode-768 edgtf-one-column-alignment-left\" ><div class=\"edgtf-eh-item \"  data-item-class=\"edgtf-eh-custom-898197\" data-1280-1600=\"0 0 0 0\" data-1024-1280=\"0 0 0 0\" data-768-1024=\"0 1% 0 0\" data-600-768=\"0 0 0 0\" data-480-600=\"0 0 0 0\" data-480=\"0 2% 0 0\">\n\t<div class=\"edgtf-eh-item-inner\">\n\t\t<div class=\"edgtf-eh-item-content edgtf-eh-custom-898197\" style=\"padding: 0 10% 0 0\">\n\t\t\t[vc_column_text]<\/p>\n<ul>\n<li>T\u00e4h\u00e4n jotain?<\/li>\n<\/ul>\n<p>[\/vc_column_text]\t\t<\/div>\n\t<\/div>\n<\/div><\/div>[\/vc_column][vc_column width=&#8221;1\/6&#8243;][\/vc_column][\/vc_row][vc_row gap=&#8221;15&#8243; row_content_width=&#8221;grid&#8221; content_text_aligment=&#8221;left&#8221;][vc_column width=&#8221;1\/3&#8243;][vc_column_text]<\/p>\n<h5>VIIMEISTELY<\/h5>\n<p>[\/vc_column_text]<div class=\"edgtf-elements-holder edgtf-one-column edgtf-responsive-mode-768 edgtf-one-column-alignment-left\" ><div class=\"edgtf-eh-item \"  data-item-class=\"edgtf-eh-custom-302227\" data-1280-1600=\"0 0 0 0\" data-1024-1280=\"0 0 0 0\" data-768-1024=\"0 1% 0 0\" data-600-768=\"0 0 0 0\" data-480-600=\"0 0 0 0\" data-480=\"0 2% 0 0\">\n\t<div class=\"edgtf-eh-item-inner\">\n\t\t<div class=\"edgtf-eh-item-content edgtf-eh-custom-302227\" style=\"padding: 0 10% 0 0\">\n\t\t\t[vc_column_text]Valkoinen RAL9016 tai musta RAL9005<\/p>\n<p>Muut viimeistelyt:<\/p>\n<ul>\n<li>Tammiviilu<\/li>\n<li>Saarniviilu<\/li>\n<li>Mustaksi petsattu viilu<\/li>\n<li>Valkoiseksi petsattu viilu<\/li>\n<li>Valkolakattu viilu<\/li>\n<li>RAL-v\u00e4ri<\/li>\n<li>Nanolaminaatti<\/li>\n<li>Asiakkaan mallipalan mukaan<\/li>\n<\/ul>\n<p>[\/vc_column_text]\t\t<\/div>\n\t<\/div>\n<\/div><\/div>[\/vc_column][vc_column width=&#8221;1\/3&#8243;][vc_column_text]<\/p>\n<h5>R\u00c4\u00c4T\u00c4L\u00d6INTI<\/h5>\n<p>[\/vc_column_text]<div class=\"edgtf-elements-holder edgtf-one-column edgtf-responsive-mode-768 edgtf-one-column-alignment-left\" ><div class=\"edgtf-eh-item \"  data-item-class=\"edgtf-eh-custom-432074\" data-1280-1600=\"0 0 0 0\" data-1024-1280=\"0 0 0 0\" data-768-1024=\"0 1% 0 0\" data-600-768=\"0 0 0 0\" data-480-600=\"0 0 0 0\" data-480=\"0 2% 0 0\">\n\t<div class=\"edgtf-eh-item-inner\">\n\t\t<div class=\"edgtf-eh-item-content edgtf-eh-custom-432074\" style=\"padding: 0 10% 0 0\">\n\t\t\t[vc_column_text]Kalusteiden yksil\u00f6llinen kustomointi mahdollista asiakkaiden toiveiden mukaan.[\/vc_column_text]\t\t<\/div>\n\t<\/div>\n<\/div><\/div>[\/vc_column][vc_column width=&#8221;1\/6&#8243;][\/vc_column][\/vc_row][vc_row gap=&#8221;15&#8243; content_placement=&#8221;middle&#8221; row_content_width=&#8221;grid&#8221; content_text_aligment=&#8221;center&#8221; css=&#8221;.vc_custom_1686744909384{padding-top: 20px !important;}&#8221;][vc_column offset=&#8221;vc_col-lg-6 vc_col-md-12&#8243; css=&#8221;.vc_custom_1492510149365{padding-top: 0px !important;padding-bottom: 0px !important;}&#8221;][vc_btn title=&#8221;KYSY LIS\u00c4\u00c4!&#8221; color=&#8221;black&#8221; align=&#8221;left&#8221; link=&#8221;url:https%3A%2F%2Fuusi.presson.fi%2Findex.php%2Fotayhteytta%2F|target:_blank&#8221;][\/vc_column][\/vc_row][vc_row gap=&#8221;15&#8243; content_placement=&#8221;middle&#8221; disable_element=&#8221;yes&#8221; row_content_width=&#8221;grid&#8221; content_text_aligment=&#8221;center&#8221; css=&#8221;.vc_custom_1669883673634{padding-bottom: 47px !important;}&#8221;][vc_column offset=&#8221;vc_col-lg-6 vc_col-md-12&#8243; css=&#8221;.vc_custom_1492510149365{padding-top: 0px !important;padding-bottom: 0px !important;}&#8221;]<div class=\"edgtf-image-gallery  edgtf-ig-grid-type    \">\n\t<div class=\"edgtf-ig-inner edgtf-ig-grid edgtf-ig-two-columns edgtf-ig-big-space\">\n\t\t\t\t\t<div class=\"edgtf-ig-image\">\n\t\t\t\t<div class=\"edgtf-ig-image-inner\">\n\t\t\t\t\t\t\t\t\t\t\t<img loading=\"lazy\" decoding=\"async\" width=\"800\" height=\"800\" src=\"https:\/\/uusi.presson.fi\/wp-content\/uploads\/2017\/04\/p1-gallery-img-1.jpg\" class=\"attachment-full size-full\" alt=\"g\" srcset=\"https:\/\/uusi.presson.fi\/wp-content\/uploads\/2017\/04\/p1-gallery-img-1.jpg 800w, https:\/\/uusi.presson.fi\/wp-content\/uploads\/2017\/04\/p1-gallery-img-1-300x300.jpg 300w, https:\/\/uusi.presson.fi\/wp-content\/uploads\/2017\/04\/p1-gallery-img-1-100x100.jpg 100w, https:\/\/uusi.presson.fi\/wp-content\/uploads\/2017\/04\/p1-gallery-img-1-600x600.jpg 600w, https:\/\/uusi.presson.fi\/wp-content\/uploads\/2017\/04\/p1-gallery-img-1-150x150.jpg 150w, https:\/\/uusi.presson.fi\/wp-content\/uploads\/2017\/04\/p1-gallery-img-1-768x768.jpg 768w, https:\/\/uusi.presson.fi\/wp-content\/uploads\/2017\/04\/p1-gallery-img-1-550x550.jpg 550w\" sizes=\"auto, (max-width: 800px) 100vw, 800px\" \/>\t\t\t\t\t\t\t\t\t<\/div>\n\t\t\t\t\t\t\t<\/div>\n\t\t\t\t\t<div class=\"edgtf-ig-image\">\n\t\t\t\t<div class=\"edgtf-ig-image-inner\">\n\t\t\t\t\t\t\t\t\t\t\t<img loading=\"lazy\" decoding=\"async\" width=\"800\" height=\"800\" src=\"https:\/\/uusi.presson.fi\/wp-content\/uploads\/2017\/04\/p1-gallery-img-2.jpg\" class=\"attachment-full size-full\" alt=\"g\" srcset=\"https:\/\/uusi.presson.fi\/wp-content\/uploads\/2017\/04\/p1-gallery-img-2.jpg 800w, https:\/\/uusi.presson.fi\/wp-content\/uploads\/2017\/04\/p1-gallery-img-2-300x300.jpg 300w, https:\/\/uusi.presson.fi\/wp-content\/uploads\/2017\/04\/p1-gallery-img-2-100x100.jpg 100w, https:\/\/uusi.presson.fi\/wp-content\/uploads\/2017\/04\/p1-gallery-img-2-600x600.jpg 600w, https:\/\/uusi.presson.fi\/wp-content\/uploads\/2017\/04\/p1-gallery-img-2-150x150.jpg 150w, https:\/\/uusi.presson.fi\/wp-content\/uploads\/2017\/04\/p1-gallery-img-2-768x768.jpg 768w, https:\/\/uusi.presson.fi\/wp-content\/uploads\/2017\/04\/p1-gallery-img-2-550x550.jpg 550w\" sizes=\"auto, (max-width: 800px) 100vw, 800px\" \/>\t\t\t\t\t\t\t\t\t<\/div>\n\t\t\t\t\t\t\t<\/div>\n\t\t\t<\/div>\n<\/div>[\/vc_column][vc_column offset=&#8221;vc_col-lg-6 vc_col-md-12&#8243; css=&#8221;.vc_custom_1492510167989{padding-top: 0px !important;padding-bottom: 0px !important;}&#8221;]<div class=\"edgtf-image-gallery  edgtf-ig-grid-type    \">\n\t<div class=\"edgtf-ig-inner edgtf-ig-grid edgtf-ig-two-columns edgtf-ig-big-space\">\n\t\t\t\t\t<div class=\"edgtf-ig-image\">\n\t\t\t\t<div class=\"edgtf-ig-image-inner\">\n\t\t\t\t\t\t\t\t\t\t\t<img loading=\"lazy\" decoding=\"async\" width=\"800\" height=\"800\" src=\"https:\/\/uusi.presson.fi\/wp-content\/uploads\/2017\/04\/p1-gallery-img-3.jpg\" class=\"attachment-full size-full\" alt=\"g\" srcset=\"https:\/\/uusi.presson.fi\/wp-content\/uploads\/2017\/04\/p1-gallery-img-3.jpg 800w, https:\/\/uusi.presson.fi\/wp-content\/uploads\/2017\/04\/p1-gallery-img-3-300x300.jpg 300w, https:\/\/uusi.presson.fi\/wp-content\/uploads\/2017\/04\/p1-gallery-img-3-100x100.jpg 100w, https:\/\/uusi.presson.fi\/wp-content\/uploads\/2017\/04\/p1-gallery-img-3-600x600.jpg 600w, https:\/\/uusi.presson.fi\/wp-content\/uploads\/2017\/04\/p1-gallery-img-3-150x150.jpg 150w, https:\/\/uusi.presson.fi\/wp-content\/uploads\/2017\/04\/p1-gallery-img-3-768x768.jpg 768w, https:\/\/uusi.presson.fi\/wp-content\/uploads\/2017\/04\/p1-gallery-img-3-550x550.jpg 550w\" sizes=\"auto, (max-width: 800px) 100vw, 800px\" \/>\t\t\t\t\t\t\t\t\t<\/div>\n\t\t\t\t\t\t\t<\/div>\n\t\t\t\t\t<div class=\"edgtf-ig-image\">\n\t\t\t\t<div class=\"edgtf-ig-image-inner\">\n\t\t\t\t\t\t\t\t\t\t\t<img loading=\"lazy\" decoding=\"async\" width=\"800\" height=\"800\" src=\"https:\/\/uusi.presson.fi\/wp-content\/uploads\/2017\/04\/p1-gallery-img-4.jpg\" class=\"attachment-full size-full\" alt=\"g\" srcset=\"https:\/\/uusi.presson.fi\/wp-content\/uploads\/2017\/04\/p1-gallery-img-4.jpg 800w, https:\/\/uusi.presson.fi\/wp-content\/uploads\/2017\/04\/p1-gallery-img-4-300x300.jpg 300w, https:\/\/uusi.presson.fi\/wp-content\/uploads\/2017\/04\/p1-gallery-img-4-100x100.jpg 100w, https:\/\/uusi.presson.fi\/wp-content\/uploads\/2017\/04\/p1-gallery-img-4-600x600.jpg 600w, https:\/\/uusi.presson.fi\/wp-content\/uploads\/2017\/04\/p1-gallery-img-4-150x150.jpg 150w, https:\/\/uusi.presson.fi\/wp-content\/uploads\/2017\/04\/p1-gallery-img-4-768x768.jpg 768w, https:\/\/uusi.presson.fi\/wp-content\/uploads\/2017\/04\/p1-gallery-img-4-550x550.jpg 550w\" sizes=\"auto, (max-width: 800px) 100vw, 800px\" \/>\t\t\t\t\t\t\t\t\t<\/div>\n\t\t\t\t\t\t\t<\/div>\n\t\t\t<\/div>\n<\/div>[\/vc_column][\/vc_row]<\/p>\n<\/section>","protected":false},"excerpt":{"rendered":"<p>[vc_row gap=&#8221;15&#8243; row_content_width=&#8221;grid&#8221; content_text_aligment=&#8221;left&#8221; css=&#8221;.vc_custom_1492509993885{padding-top: 86px !important;}&#8221;][vc_column offset=&#8221;vc_col-lg-6 vc_col-md-12&#8243;][vc_column_text] Integroitu Cabin [\/vc_column_text][vc_empty_space height=&#8221;50px&#8221;][\/vc_column][vc_column offset=&#8221;vc_col-lg-6 vc_col-md-12&#8243;][vc_single_image image=&#8221;10217&#8243; img_size=&#8221;full&#8221; alignment=&#8221;center&#8221;][vc_empty_space height=&#8221;30px&#8221;][\/vc_column][\/vc_row][vc_row gap=&#8221;15&#8243; row_content_width=&#8221;grid&#8221; content_text_aligment=&#8221;left&#8221; css=&#8221;.vc_custom_1492509993885{padding-top: 86px !important;}&#8221;][vc_column offset=&#8221;vc_col-lg-6 vc_col-md-12&#8243;][vc_empty_space height=&#8221;50px&#8221;][\/vc_column][vc_column offset=&#8221;vc_col-lg-6 vc_col-md-12&#8243;][vc_column_text] MALLIKUVA [\/vc_column_text][vc_empty_space height=&#8221;30px&#8221;][vc_single_image image=&#8221;10247&#8243; img_size=&#8221;full&#8221;][\/vc_column][\/vc_row][vc_row][vc_column][vc_empty_space height=&#8221;50px&#8221;][\/vc_column][\/vc_row][vc_row][vc_column][vc_separator][\/vc_column][\/vc_row][vc_row gap=&#8221;15&#8243; row_content_width=&#8221;grid&#8221; content_text_aligment=&#8221;left&#8221; css=&#8221;.vc_custom_1683882912233{padding-top: [&hellip;]<\/p>\n","protected":false},"author":1,"featured_media":0,"parent":10399,"menu_order":0,"comment_status":"closed","ping_status":"closed","template":"full-width.php","meta":{"footnotes":""},"class_list":["post-10489","page","type-page","status-publish","hentry"],"_links":{"self":[{"href":"https:\/\/uusi.presson.fi\/index.php\/wp-json\/wp\/v2\/pages\/10489","targetHints":{"allow":["GET"]}}],"collection":[{"href":"https:\/\/uusi.presson.fi\/index.php\/wp-json\/wp\/v2\/pages"}],"about":[{"href":"https:\/\/uusi.presson.fi\/index.php\/wp-json\/wp\/v2\/types\/page"}],"author":[{"embeddable":true,"href":"https:\/\/uusi.presson.fi\/index.php\/wp-json\/wp\/v2\/users\/1"}],"replies":[{"embeddable":true,"href":"https:\/\/uusi.presson.fi\/index.php\/wp-json\/wp\/v2\/comments?post=10489"}],"version-history":[{"count":6,"href":"https:\/\/uusi.presson.fi\/index.php\/wp-json\/wp\/v2\/pages\/10489\/revisions"}],"predecessor-version":[{"id":11142,"href":"https:\/\/uusi.presson.fi\/index.php\/wp-json\/wp\/v2\/pages\/10489\/revisions\/11142"}],"up":[{"embeddable":true,"href":"https:\/\/uusi.presson.fi\/index.php\/wp-json\/wp\/v2\/pages\/10399"}],"wp:attachment":[{"href":"https:\/\/uusi.presson.fi\/index.php\/wp-json\/wp\/v2\/media?parent=10489"}],"curies":[{"name":"wp","href":"https:\/\/api.w.org\/{rel}","templated":true}]}}