{"id":10445,"date":"2023-03-10T12:11:00","date_gmt":"2023-03-10T12:11:00","guid":{"rendered":"https:\/\/uusi.presson.fi\/?page_id=10445"},"modified":"2025-01-24T07:30:46","modified_gmt":"2025-01-24T07:30:46","slug":"interface","status":"publish","type":"page","link":"https:\/\/uusi.presson.fi\/index.php\/kalusteet\/esityskalusteet\/integroitavat\/interface\/","title":{"rendered":"Interface"},"content":{"rendered":"<section class=\"wpb-content-wrapper\"><p>[vc_row gap=&#8221;15&#8243; row_content_width=&#8221;grid&#8221; content_text_aligment=&#8221;left&#8221; css=&#8221;.vc_custom_1492509993885{padding-top: 86px !important;}&#8221;][vc_column offset=&#8221;vc_col-lg-6 vc_col-md-12&#8243;][vc_column_text]<\/p>\n<h1>Interface<\/h1>\n<p>[\/vc_column_text]<div class=\"edgtf-elements-holder edgtf-one-column edgtf-responsive-mode-768 edgtf-one-column-alignment-left\" ><div class=\"edgtf-eh-item \"  data-item-class=\"edgtf-eh-custom-282023\" data-1280-1600=\"0 0 0 0\" data-1024-1280=\"0 0 0 0\" data-768-1024=\"0 1% 0 0\" data-600-768=\"0 0 0 0\" data-480-600=\"0 0 0 0\" data-480=\"0 2% 0 0\">\n\t<div class=\"edgtf-eh-item-inner\">\n\t\t<div class=\"edgtf-eh-item-content edgtf-eh-custom-282023\" style=\"padding: 0 10% 0 0\">\n\t\t\t[vc_empty_space height=&#8221;20px&#8221;][vc_column_text]<\/p>\n<h5>Presson Interface -esityskaluste on suunniteltu helpottamaan k\u00e4ytt\u00e4j\u00e4\u00e4 ja se yhdenmukaistaa neuvottelutilojen k\u00e4ytett\u00e4vyyden<\/h5>\n<p>Esityskalusteen avulla k\u00e4ytt\u00e4jille tuodaan tarvittavat k\u00e4ytt\u00f6kaapelit ja -s\u00e4hk\u00f6t siististi ja helposti. Esityskalusteessa kaapelit pysyv\u00e4t ehjin\u00e4, j\u00e4rjestyksess\u00e4 ja omilla paikoillaan. Kaapelit palautuvat automaattisesti k\u00e4yt\u00f6n j\u00e4lkeen paikoilleen vastapainomekanismin avulla. Siksi ne eiv\u00e4t ole pitkin p\u00f6yti\u00e4 tai lattioita sotkeentumassa toisiinsa ja aiheuttamassa p\u00e4\u00e4ns\u00e4rky\u00e4 seuraaville k\u00e4ytt\u00e4jille. Jos kokoustiloja on useita, Presson Interface tekee tilojen k\u00e4ytett\u00e4vyyden samanlaiseksi.<\/p>\n<h6>K\u00e4ytt\u00f6kaapeleiden pituus 1120 tai 1200mm<\/h6>\n<p>Toteutus pidemmill\u00e4 1200mm k\u00e4ytt\u00f6kaapeleilla on otettava huomioon jo tuotantovaiheessa. Kaluste tilataan pidemmill\u00e4 kaapeleilla ja asennetaan p\u00f6yt\u00e4\u00e4n ilman luukkua p\u00f6yd\u00e4ss\u00e4 olevaan aukkoon tai esimerkiksi Presson FRAME asennuskehyksen alle. Yhdess\u00e4 tuotekuvista on esimerkki asennuksesta ilman luukkua siten ett\u00e4 k\u00e4ytt\u00f6kaapelit ovat paremmin k\u00e4ytt\u00e4j\u00e4n ulottuvilla.<\/p>\n<p>Pidemm\u00e4n k\u00e4ytt\u00f6kaapelin k\u00e4ytt\u00f6kaapelit nousevat 50mm l\u00e4hemm\u00e4s k\u00e4ytt\u00e4j\u00e4\u00e4 jolloin todellinen kaapelin ulottuvuus ero 1120mm ja 1200mm k\u00e4ytt\u00f6kaapelin v\u00e4lill\u00e4 on 130mm.<br \/>\n-&gt; p\u00e4\u00e4t\u00f6nt\u00e4 teksti\u00e4, j\u00e4tet\u00e4\u00e4nk\u00f6 aihe ja muutetaan vai poistetaanko kokonaan?[\/vc_column_text]\t\t<\/div>\n\t<\/div>\n<\/div><\/div>[vc_empty_space height=&#8221;5px&#8221;][\/vc_column][vc_column offset=&#8221;vc_col-lg-6 vc_col-md-12&#8243;][vc_single_image image=&#8221;12453&#8243; img_size=&#8221;full&#8221; alignment=&#8221;center&#8221;][vc_empty_space height=&#8221;5px&#8221;][\/vc_column][\/vc_row][vc_row gap=&#8221;15&#8243; row_content_width=&#8221;grid&#8221; content_text_aligment=&#8221;left&#8221; css=&#8221;.vc_custom_1492509993885{padding-top: 86px !important;}&#8221;][vc_column offset=&#8221;vc_col-lg-6 vc_col-md-12&#8243;][vc_empty_space height=&#8221;30px&#8221;][vc_single_image image=&#8221;10247&#8243; img_size=&#8221;full&#8221;][\/vc_column][\/vc_row][vc_row][vc_column][vc_empty_space height=&#8221;5px&#8221;]<div class=\"edgtf-image-gallery  edgtf-ig-grid-type    \">\n\t<div class=\"edgtf-ig-inner edgtf-ig-grid edgtf-ig-four-columns edgtf-ig-tiny-space\">\n\t\t\t\t\t<div class=\"edgtf-ig-image\">\n\t\t\t\t<div class=\"edgtf-ig-image-inner\">\n\t\t\t\t\t\t\t\t\t\t\t<img loading=\"lazy\" decoding=\"async\" width=\"800\" height=\"800\" src=\"https:\/\/uusi.presson.fi\/wp-content\/uploads\/2025\/01\/IMG_1440.jpeg\" class=\"attachment-full size-full\" alt=\"\" srcset=\"https:\/\/uusi.presson.fi\/wp-content\/uploads\/2025\/01\/IMG_1440.jpeg 800w, https:\/\/uusi.presson.fi\/wp-content\/uploads\/2025\/01\/IMG_1440-300x300.jpeg 300w, https:\/\/uusi.presson.fi\/wp-content\/uploads\/2025\/01\/IMG_1440-150x150.jpeg 150w, https:\/\/uusi.presson.fi\/wp-content\/uploads\/2025\/01\/IMG_1440-768x768.jpeg 768w, https:\/\/uusi.presson.fi\/wp-content\/uploads\/2025\/01\/IMG_1440-550x550.jpeg 550w, https:\/\/uusi.presson.fi\/wp-content\/uploads\/2025\/01\/IMG_1440-600x600.jpeg 600w, https:\/\/uusi.presson.fi\/wp-content\/uploads\/2025\/01\/IMG_1440-100x100.jpeg 100w\" sizes=\"auto, (max-width: 800px) 100vw, 800px\" \/>\t\t\t\t\t\t\t\t\t<\/div>\n\t\t\t\t\t\t\t<\/div>\n\t\t\t\t\t<div class=\"edgtf-ig-image\">\n\t\t\t\t<div class=\"edgtf-ig-image-inner\">\n\t\t\t\t\t\t\t\t\t\t\t<img loading=\"lazy\" decoding=\"async\" width=\"800\" height=\"800\" src=\"https:\/\/uusi.presson.fi\/wp-content\/uploads\/2025\/01\/IMG_3462.jpeg\" class=\"attachment-full size-full\" alt=\"\" srcset=\"https:\/\/uusi.presson.fi\/wp-content\/uploads\/2025\/01\/IMG_3462.jpeg 800w, https:\/\/uusi.presson.fi\/wp-content\/uploads\/2025\/01\/IMG_3462-300x300.jpeg 300w, https:\/\/uusi.presson.fi\/wp-content\/uploads\/2025\/01\/IMG_3462-150x150.jpeg 150w, https:\/\/uusi.presson.fi\/wp-content\/uploads\/2025\/01\/IMG_3462-768x768.jpeg 768w, https:\/\/uusi.presson.fi\/wp-content\/uploads\/2025\/01\/IMG_3462-550x550.jpeg 550w, https:\/\/uusi.presson.fi\/wp-content\/uploads\/2025\/01\/IMG_3462-600x600.jpeg 600w, https:\/\/uusi.presson.fi\/wp-content\/uploads\/2025\/01\/IMG_3462-100x100.jpeg 100w\" sizes=\"auto, (max-width: 800px) 100vw, 800px\" \/>\t\t\t\t\t\t\t\t\t<\/div>\n\t\t\t\t\t\t\t<\/div>\n\t\t\t\t\t<div class=\"edgtf-ig-image\">\n\t\t\t\t<div class=\"edgtf-ig-image-inner\">\n\t\t\t\t\t\t\t\t\t\t\t<img loading=\"lazy\" decoding=\"async\" width=\"800\" height=\"800\" src=\"https:\/\/uusi.presson.fi\/wp-content\/uploads\/2025\/01\/Presson-Interface-S6.jpeg\" class=\"attachment-full size-full\" alt=\"\" srcset=\"https:\/\/uusi.presson.fi\/wp-content\/uploads\/2025\/01\/Presson-Interface-S6.jpeg 800w, https:\/\/uusi.presson.fi\/wp-content\/uploads\/2025\/01\/Presson-Interface-S6-300x300.jpeg 300w, https:\/\/uusi.presson.fi\/wp-content\/uploads\/2025\/01\/Presson-Interface-S6-150x150.jpeg 150w, https:\/\/uusi.presson.fi\/wp-content\/uploads\/2025\/01\/Presson-Interface-S6-768x768.jpeg 768w, https:\/\/uusi.presson.fi\/wp-content\/uploads\/2025\/01\/Presson-Interface-S6-550x550.jpeg 550w, https:\/\/uusi.presson.fi\/wp-content\/uploads\/2025\/01\/Presson-Interface-S6-600x600.jpeg 600w, https:\/\/uusi.presson.fi\/wp-content\/uploads\/2025\/01\/Presson-Interface-S6-100x100.jpeg 100w\" sizes=\"auto, (max-width: 800px) 100vw, 800px\" \/>\t\t\t\t\t\t\t\t\t<\/div>\n\t\t\t\t\t\t\t<\/div>\n\t\t\t\t\t<div class=\"edgtf-ig-image\">\n\t\t\t\t<div class=\"edgtf-ig-image-inner\">\n\t\t\t\t\t\t\t\t\t\t\t<img loading=\"lazy\" decoding=\"async\" width=\"800\" height=\"800\" src=\"https:\/\/uusi.presson.fi\/wp-content\/uploads\/2024\/11\/Neukkari.jpeg\" class=\"attachment-full size-full\" alt=\"Presson Oy Interface S6 - Esityskaluste viimeistely musta\" srcset=\"https:\/\/uusi.presson.fi\/wp-content\/uploads\/2024\/11\/Neukkari.jpeg 800w, https:\/\/uusi.presson.fi\/wp-content\/uploads\/2024\/11\/Neukkari-300x300.jpeg 300w, https:\/\/uusi.presson.fi\/wp-content\/uploads\/2024\/11\/Neukkari-150x150.jpeg 150w, https:\/\/uusi.presson.fi\/wp-content\/uploads\/2024\/11\/Neukkari-768x768.jpeg 768w, https:\/\/uusi.presson.fi\/wp-content\/uploads\/2024\/11\/Neukkari-550x550.jpeg 550w, https:\/\/uusi.presson.fi\/wp-content\/uploads\/2024\/11\/Neukkari-600x600.jpeg 600w, https:\/\/uusi.presson.fi\/wp-content\/uploads\/2024\/11\/Neukkari-100x100.jpeg 100w\" sizes=\"auto, (max-width: 800px) 100vw, 800px\" \/>\t\t\t\t\t\t\t\t\t<\/div>\n\t\t\t\t\t\t\t<\/div>\n\t\t\t<\/div>\n<\/div>[\/vc_column][\/vc_row][vc_row][vc_column][vc_separator][\/vc_column][\/vc_row][vc_row gap=&#8221;15&#8243; row_content_width=&#8221;grid&#8221; content_text_aligment=&#8221;left&#8221; css=&#8221;.vc_custom_1682071902603{padding-top: 30px !important;padding-bottom: 20px !important;}&#8221;][vc_column width=&#8221;1\/3&#8243;][vc_column_text]<\/p>\n<h5>INTERFACE<\/h5>\n<p>[\/vc_column_text]<div class=\"edgtf-elements-holder edgtf-one-column edgtf-responsive-mode-768 edgtf-one-column-alignment-left\" ><div class=\"edgtf-eh-item \"  data-item-class=\"edgtf-eh-custom-627839\" data-1280-1600=\"0 0 0 0\" data-1024-1280=\"0 0 0 0\" data-768-1024=\"0 1% 0 0\" data-600-768=\"0 0 0 0\" data-480-600=\"0 0 0 0\" data-480=\"0 2% 0 0\">\n\t<div class=\"edgtf-eh-item-inner\">\n\t\t<div class=\"edgtf-eh-item-content edgtf-eh-custom-627839\" style=\"padding: 0 10% 0 0\">\n\t\t\t[vc_column_text]<\/p>\n<ul>\n<li>K\u00e4ytt\u00f6kaapelit: 1-12 kpl<\/li>\n<li>K\u00e4ytt\u00f6kaapelin pituus: 1120 mm<\/li>\n<li>S\u00e4hk\u00f6pistoke: 2-4 kpl<\/li>\n<\/ul>\n<p>[\/vc_column_text]\t\t<\/div>\n\t<\/div>\n<\/div><\/div>[\/vc_column][vc_column width=&#8221;1\/3&#8243;][vc_column_text]<\/p>\n<h5>MITAT<\/h5>\n<p>[\/vc_column_text]<div class=\"edgtf-elements-holder edgtf-one-column edgtf-responsive-mode-768 edgtf-one-column-alignment-left\" ><div class=\"edgtf-eh-item \"  data-item-class=\"edgtf-eh-custom-661178\" data-1280-1600=\"0 0 0 0\" data-1024-1280=\"0 0 0 0\" data-768-1024=\"0 1% 0 0\" data-600-768=\"0 0 0 0\" data-480-600=\"0 0 0 0\" data-480=\"0 2% 0 0\">\n\t<div class=\"edgtf-eh-item-inner\">\n\t\t<div class=\"edgtf-eh-item-content edgtf-eh-custom-661178\" style=\"padding: 0 10% 0 0\">\n\t\t\t[vc_column_text]<\/p>\n<ul>\n<li>Leveys: 720 mm<\/li>\n<li>Syvyys: 232 mm<\/li>\n<li>Korkeus: 665mm<\/li>\n<li>Paino: 25kg<\/li>\n<\/ul>\n<p>[\/vc_column_text]\t\t<\/div>\n\t<\/div>\n<\/div><\/div>[\/vc_column][vc_column width=&#8221;1\/6&#8243;][\/vc_column][\/vc_row][vc_row css=&#8221;.vc_custom_1682071951948{padding-top: 1px !important;}&#8221;][vc_column][vc_separator][\/vc_column][\/vc_row][vc_row gap=&#8221;15&#8243; row_content_width=&#8221;grid&#8221; content_text_aligment=&#8221;left&#8221; css=&#8221;.vc_custom_1682071902603{padding-top: 30px !important;padding-bottom: 20px !important;}&#8221;][vc_column width=&#8221;1\/3&#8243;][vc_column_text]<\/p>\n<h5>LIS\u00c4TIEDOT<\/h5>\n<p>[\/vc_column_text]<div class=\"edgtf-elements-holder edgtf-one-column edgtf-responsive-mode-768 edgtf-one-column-alignment-left\" ><div class=\"edgtf-eh-item \"  data-item-class=\"edgtf-eh-custom-204011\" data-1280-1600=\"0 0 0 0\" data-1024-1280=\"0 0 0 0\" data-768-1024=\"0 1% 0 0\" data-600-768=\"0 0 0 0\" data-480-600=\"0 0 0 0\" data-480=\"0 2% 0 0\">\n\t<div class=\"edgtf-eh-item-inner\">\n\t\t<div class=\"edgtf-eh-item-content edgtf-eh-custom-204011\" style=\"padding: 0 10% 0 0\">\n\t\t\t[vc_column_text]<\/p>\n<ul>\n<li>Avattava laitetila<\/li>\n<li>s\u00e4\u00e4t\u00f6tassut<\/li>\n<\/ul>\n<p>K\u00e4ytt\u00f6kaapeli vaihtoehdot:<\/p>\n<ul>\n<li>HDMI (-HDMI, esityskaapeli)<\/li>\n<li>Toinen HDMI (-HDMI, esityskaapeli)<\/li>\n<li>USB-C (All in one: USB-, HDMI-esitys- ja 65W-latauskaapeli)<\/li>\n<li>USB-C (-HDMI, esityskaapeli)<\/li>\n<li>Toinen USB-C (-HDMI, esityskaapeli)<\/li>\n<li>USB-C 65W (Power Delivery latauskaapeli)<\/li>\n<li>USB-A (-USB-A 2.0, U-N, USB-kaapeli)<\/li>\n<li>Apple Lightning (-USB-C latauskaapeli)<\/li>\n<li>RJ45 LAN (verkkokaapeli)<\/li>\n<li>Toinen RJ45 LAN (verkkokaapeli)<\/li>\n<li>3.5mm Audio (-3.5mm audio -kaapeli)<\/li>\n<\/ul>\n<p>[\/vc_column_text]\t\t<\/div>\n\t<\/div>\n<\/div><\/div>[\/vc_column][vc_column width=&#8221;1\/3&#8243;][vc_column_text]<\/p>\n<h5>LIS\u00c4VARUSTEET<\/h5>\n<p>[\/vc_column_text]<div class=\"edgtf-elements-holder edgtf-one-column edgtf-responsive-mode-768 edgtf-one-column-alignment-left\" ><div class=\"edgtf-eh-item \"  data-item-class=\"edgtf-eh-custom-948093\" data-1280-1600=\"0 0 0 0\" data-1024-1280=\"0 0 0 0\" data-768-1024=\"0 1% 0 0\" data-600-768=\"0 0 0 0\" data-480-600=\"0 0 0 0\" data-480=\"0 2% 0 0\">\n\t<div class=\"edgtf-eh-item-inner\">\n\t\t<div class=\"edgtf-eh-item-content edgtf-eh-custom-948093\" style=\"padding: 0 10% 0 0\">\n\t\t\t[vc_column_text]<\/p>\n<ul>\n<li>5-os s\u00e4hk\u00f6pistoke laitetilassa 1-2 kpl<\/li>\n<li>Kosketusn\u00e4yt\u00f6llinen ohjauspaneeli tai painikepaneeli (esim. Cisco, Crestron tai Teams)<\/li>\n<li>P\u00f6yt\u00e4tasolle l\u00e4pivienti tai LAN (RJ45)-laitekaapeli erillist\u00e4 ohjauspaneelia\/muuta laitetta varten<\/li>\n<\/ul>\n<p>[\/vc_column_text]\t\t<\/div>\n\t<\/div>\n<\/div><\/div>[\/vc_column][vc_column width=&#8221;1\/6&#8243;][\/vc_column][\/vc_row][vc_row gap=&#8221;15&#8243; row_content_width=&#8221;grid&#8221; content_text_aligment=&#8221;left&#8221;][vc_column width=&#8221;1\/3&#8243;][vc_column_text]<\/p>\n<h5>VIIMEISTELY<\/h5>\n<p>[\/vc_column_text]<div class=\"edgtf-elements-holder edgtf-one-column edgtf-responsive-mode-768 edgtf-one-column-alignment-left\" ><div class=\"edgtf-eh-item \"  data-item-class=\"edgtf-eh-custom-529930\" data-1280-1600=\"0 0 0 0\" data-1024-1280=\"0 0 0 0\" data-768-1024=\"0 1% 0 0\" data-600-768=\"0 0 0 0\" data-480-600=\"0 0 0 0\" data-480=\"0 2% 0 0\">\n\t<div class=\"edgtf-eh-item-inner\">\n\t\t<div class=\"edgtf-eh-item-content edgtf-eh-custom-529930\" style=\"padding: 0 10% 0 0\">\n\t\t\t[vc_column_text]Valkoinen RAL9016 tai musta RAL9005<\/p>\n<p>Muut viimeistelyt:<\/p>\n<ul>\n<li>Tammiviilu<\/li>\n<li>Saarniviilu<\/li>\n<li>Mustaksi petsattu viilu<\/li>\n<li>Valkoiseksi petsattu viilu<\/li>\n<li>Valkolakattu viilu<\/li>\n<li>RAL-v\u00e4ri<\/li>\n<li>Nanolaminaatti<\/li>\n<li>Asiakkaan mallipalan mukaan<\/li>\n<\/ul>\n<p>[\/vc_column_text]\t\t<\/div>\n\t<\/div>\n<\/div><\/div>[\/vc_column][vc_column width=&#8221;1\/3&#8243;][vc_column_text]<\/p>\n<h5>R\u00c4\u00c4R\u00c4L\u00d6INTI<\/h5>\n<p>[\/vc_column_text]<div class=\"edgtf-elements-holder edgtf-one-column edgtf-responsive-mode-768 edgtf-one-column-alignment-left\" ><div class=\"edgtf-eh-item \"  data-item-class=\"edgtf-eh-custom-156730\" data-1280-1600=\"0 0 0 0\" data-1024-1280=\"0 0 0 0\" data-768-1024=\"0 1% 0 0\" data-600-768=\"0 0 0 0\" data-480-600=\"0 0 0 0\" data-480=\"0 2% 0 0\">\n\t<div class=\"edgtf-eh-item-inner\">\n\t\t<div class=\"edgtf-eh-item-content edgtf-eh-custom-156730\" style=\"padding: 0 10% 0 0\">\n\t\t\t[vc_column_text]Kalusteiden yksil\u00f6llinen kustomointi mahdollista asiakkaiden toiveiden mukaan.[\/vc_column_text]\t\t<\/div>\n\t<\/div>\n<\/div><\/div>[\/vc_column][vc_column width=&#8221;1\/6&#8243;][\/vc_column][\/vc_row][vc_row gap=&#8221;15&#8243; content_placement=&#8221;middle&#8221; row_content_width=&#8221;grid&#8221; content_text_aligment=&#8221;center&#8221; css=&#8221;.vc_custom_1682072225182{padding-top: 20px !important;}&#8221;][vc_column offset=&#8221;vc_col-lg-6 vc_col-md-12&#8243; css=&#8221;.vc_custom_1492510149365{padding-top: 0px !important;padding-bottom: 0px !important;}&#8221;][vc_btn title=&#8221;KYSY LIS\u00c4\u00c4!&#8221; color=&#8221;black&#8221; align=&#8221;left&#8221; link=&#8221;url:https%3A%2F%2Fuusi.presson.fi%2Findex.php%2Fotayhteytta%2F|target:_blank&#8221;][\/vc_column][\/vc_row][vc_row gap=&#8221;15&#8243; content_placement=&#8221;middle&#8221; disable_element=&#8221;yes&#8221; row_content_width=&#8221;grid&#8221; content_text_aligment=&#8221;center&#8221; css=&#8221;.vc_custom_1669883673634{padding-bottom: 47px !important;}&#8221;][vc_column offset=&#8221;vc_col-lg-6 vc_col-md-12&#8243; css=&#8221;.vc_custom_1492510149365{padding-top: 0px !important;padding-bottom: 0px !important;}&#8221;]<div class=\"edgtf-image-gallery  edgtf-ig-grid-type    \">\n\t<div class=\"edgtf-ig-inner edgtf-ig-grid edgtf-ig-two-columns edgtf-ig-big-space\">\n\t\t\t\t\t<div class=\"edgtf-ig-image\">\n\t\t\t\t<div class=\"edgtf-ig-image-inner\">\n\t\t\t\t\t\t\t\t\t\t\t<img loading=\"lazy\" decoding=\"async\" width=\"800\" height=\"800\" src=\"https:\/\/uusi.presson.fi\/wp-content\/uploads\/2017\/04\/p1-gallery-img-1.jpg\" class=\"attachment-full size-full\" alt=\"g\" srcset=\"https:\/\/uusi.presson.fi\/wp-content\/uploads\/2017\/04\/p1-gallery-img-1.jpg 800w, https:\/\/uusi.presson.fi\/wp-content\/uploads\/2017\/04\/p1-gallery-img-1-300x300.jpg 300w, https:\/\/uusi.presson.fi\/wp-content\/uploads\/2017\/04\/p1-gallery-img-1-100x100.jpg 100w, https:\/\/uusi.presson.fi\/wp-content\/uploads\/2017\/04\/p1-gallery-img-1-600x600.jpg 600w, https:\/\/uusi.presson.fi\/wp-content\/uploads\/2017\/04\/p1-gallery-img-1-150x150.jpg 150w, https:\/\/uusi.presson.fi\/wp-content\/uploads\/2017\/04\/p1-gallery-img-1-768x768.jpg 768w, https:\/\/uusi.presson.fi\/wp-content\/uploads\/2017\/04\/p1-gallery-img-1-550x550.jpg 550w\" sizes=\"auto, (max-width: 800px) 100vw, 800px\" \/>\t\t\t\t\t\t\t\t\t<\/div>\n\t\t\t\t\t\t\t<\/div>\n\t\t\t\t\t<div class=\"edgtf-ig-image\">\n\t\t\t\t<div class=\"edgtf-ig-image-inner\">\n\t\t\t\t\t\t\t\t\t\t\t<img loading=\"lazy\" decoding=\"async\" width=\"800\" height=\"800\" src=\"https:\/\/uusi.presson.fi\/wp-content\/uploads\/2017\/04\/p1-gallery-img-2.jpg\" class=\"attachment-full size-full\" alt=\"g\" srcset=\"https:\/\/uusi.presson.fi\/wp-content\/uploads\/2017\/04\/p1-gallery-img-2.jpg 800w, https:\/\/uusi.presson.fi\/wp-content\/uploads\/2017\/04\/p1-gallery-img-2-300x300.jpg 300w, https:\/\/uusi.presson.fi\/wp-content\/uploads\/2017\/04\/p1-gallery-img-2-100x100.jpg 100w, https:\/\/uusi.presson.fi\/wp-content\/uploads\/2017\/04\/p1-gallery-img-2-600x600.jpg 600w, https:\/\/uusi.presson.fi\/wp-content\/uploads\/2017\/04\/p1-gallery-img-2-150x150.jpg 150w, https:\/\/uusi.presson.fi\/wp-content\/uploads\/2017\/04\/p1-gallery-img-2-768x768.jpg 768w, https:\/\/uusi.presson.fi\/wp-content\/uploads\/2017\/04\/p1-gallery-img-2-550x550.jpg 550w\" sizes=\"auto, (max-width: 800px) 100vw, 800px\" \/>\t\t\t\t\t\t\t\t\t<\/div>\n\t\t\t\t\t\t\t<\/div>\n\t\t\t<\/div>\n<\/div>[\/vc_column][vc_column offset=&#8221;vc_col-lg-6 vc_col-md-12&#8243; css=&#8221;.vc_custom_1492510167989{padding-top: 0px !important;padding-bottom: 0px !important;}&#8221;]<div class=\"edgtf-image-gallery  edgtf-ig-grid-type    \">\n\t<div class=\"edgtf-ig-inner edgtf-ig-grid edgtf-ig-two-columns edgtf-ig-big-space\">\n\t\t\t\t\t<div class=\"edgtf-ig-image\">\n\t\t\t\t<div class=\"edgtf-ig-image-inner\">\n\t\t\t\t\t\t\t\t\t\t\t<img loading=\"lazy\" decoding=\"async\" width=\"800\" height=\"800\" src=\"https:\/\/uusi.presson.fi\/wp-content\/uploads\/2017\/04\/p1-gallery-img-3.jpg\" class=\"attachment-full size-full\" alt=\"g\" srcset=\"https:\/\/uusi.presson.fi\/wp-content\/uploads\/2017\/04\/p1-gallery-img-3.jpg 800w, https:\/\/uusi.presson.fi\/wp-content\/uploads\/2017\/04\/p1-gallery-img-3-300x300.jpg 300w, https:\/\/uusi.presson.fi\/wp-content\/uploads\/2017\/04\/p1-gallery-img-3-100x100.jpg 100w, https:\/\/uusi.presson.fi\/wp-content\/uploads\/2017\/04\/p1-gallery-img-3-600x600.jpg 600w, https:\/\/uusi.presson.fi\/wp-content\/uploads\/2017\/04\/p1-gallery-img-3-150x150.jpg 150w, https:\/\/uusi.presson.fi\/wp-content\/uploads\/2017\/04\/p1-gallery-img-3-768x768.jpg 768w, https:\/\/uusi.presson.fi\/wp-content\/uploads\/2017\/04\/p1-gallery-img-3-550x550.jpg 550w\" sizes=\"auto, (max-width: 800px) 100vw, 800px\" \/>\t\t\t\t\t\t\t\t\t<\/div>\n\t\t\t\t\t\t\t<\/div>\n\t\t\t\t\t<div class=\"edgtf-ig-image\">\n\t\t\t\t<div class=\"edgtf-ig-image-inner\">\n\t\t\t\t\t\t\t\t\t\t\t<img loading=\"lazy\" decoding=\"async\" width=\"800\" height=\"800\" src=\"https:\/\/uusi.presson.fi\/wp-content\/uploads\/2017\/04\/p1-gallery-img-4.jpg\" class=\"attachment-full size-full\" alt=\"g\" srcset=\"https:\/\/uusi.presson.fi\/wp-content\/uploads\/2017\/04\/p1-gallery-img-4.jpg 800w, https:\/\/uusi.presson.fi\/wp-content\/uploads\/2017\/04\/p1-gallery-img-4-300x300.jpg 300w, https:\/\/uusi.presson.fi\/wp-content\/uploads\/2017\/04\/p1-gallery-img-4-100x100.jpg 100w, https:\/\/uusi.presson.fi\/wp-content\/uploads\/2017\/04\/p1-gallery-img-4-600x600.jpg 600w, https:\/\/uusi.presson.fi\/wp-content\/uploads\/2017\/04\/p1-gallery-img-4-150x150.jpg 150w, https:\/\/uusi.presson.fi\/wp-content\/uploads\/2017\/04\/p1-gallery-img-4-768x768.jpg 768w, https:\/\/uusi.presson.fi\/wp-content\/uploads\/2017\/04\/p1-gallery-img-4-550x550.jpg 550w\" sizes=\"auto, (max-width: 800px) 100vw, 800px\" \/>\t\t\t\t\t\t\t\t\t<\/div>\n\t\t\t\t\t\t\t<\/div>\n\t\t\t<\/div>\n<\/div>[\/vc_column][\/vc_row][vc_row][vc_column][vc_empty_space height=&#8221;20px&#8221;][\/vc_column][\/vc_row]<\/p>\n<\/section>","protected":false},"excerpt":{"rendered":"<p>[vc_row gap=&#8221;15&#8243; row_content_width=&#8221;grid&#8221; content_text_aligment=&#8221;left&#8221; css=&#8221;.vc_custom_1492509993885{padding-top: 86px !important;}&#8221;][vc_column offset=&#8221;vc_col-lg-6 vc_col-md-12&#8243;][vc_column_text] Interface [\/vc_column_text][vc_empty_space height=&#8221;5px&#8221;][\/vc_column][vc_column offset=&#8221;vc_col-lg-6 vc_col-md-12&#8243;][vc_single_image image=&#8221;12453&#8243; img_size=&#8221;full&#8221; alignment=&#8221;center&#8221;][vc_empty_space height=&#8221;5px&#8221;][\/vc_column][\/vc_row][vc_row gap=&#8221;15&#8243; row_content_width=&#8221;grid&#8221; content_text_aligment=&#8221;left&#8221; css=&#8221;.vc_custom_1492509993885{padding-top: 86px !important;}&#8221;][vc_column offset=&#8221;vc_col-lg-6 vc_col-md-12&#8243;][vc_empty_space height=&#8221;30px&#8221;][vc_single_image image=&#8221;10247&#8243; img_size=&#8221;full&#8221;][\/vc_column][\/vc_row][vc_row][vc_column][vc_empty_space height=&#8221;5px&#8221;][\/vc_column][\/vc_row][vc_row][vc_column][vc_separator][\/vc_column][\/vc_row][vc_row gap=&#8221;15&#8243; row_content_width=&#8221;grid&#8221; content_text_aligment=&#8221;left&#8221; css=&#8221;.vc_custom_1682071902603{padding-top: 30px !important;padding-bottom: 20px !important;}&#8221;][vc_column width=&#8221;1\/3&#8243;][vc_column_text] INTERFACE [&hellip;]<\/p>\n","protected":false},"author":1,"featured_media":0,"parent":10419,"menu_order":0,"comment_status":"closed","ping_status":"closed","template":"full-width.php","meta":{"footnotes":""},"class_list":["post-10445","page","type-page","status-publish","hentry"],"_links":{"self":[{"href":"https:\/\/uusi.presson.fi\/index.php\/wp-json\/wp\/v2\/pages\/10445","targetHints":{"allow":["GET"]}}],"collection":[{"href":"https:\/\/uusi.presson.fi\/index.php\/wp-json\/wp\/v2\/pages"}],"about":[{"href":"https:\/\/uusi.presson.fi\/index.php\/wp-json\/wp\/v2\/types\/page"}],"author":[{"embeddable":true,"href":"https:\/\/uusi.presson.fi\/index.php\/wp-json\/wp\/v2\/users\/1"}],"replies":[{"embeddable":true,"href":"https:\/\/uusi.presson.fi\/index.php\/wp-json\/wp\/v2\/comments?post=10445"}],"version-history":[{"count":22,"href":"https:\/\/uusi.presson.fi\/index.php\/wp-json\/wp\/v2\/pages\/10445\/revisions"}],"predecessor-version":[{"id":12753,"href":"https:\/\/uusi.presson.fi\/index.php\/wp-json\/wp\/v2\/pages\/10445\/revisions\/12753"}],"up":[{"embeddable":true,"href":"https:\/\/uusi.presson.fi\/index.php\/wp-json\/wp\/v2\/pages\/10419"}],"wp:attachment":[{"href":"https:\/\/uusi.presson.fi\/index.php\/wp-json\/wp\/v2\/media?parent=10445"}],"curies":[{"name":"wp","href":"https:\/\/api.w.org\/{rel}","templated":true}]}}