{"id":10437,"date":"2023-03-10T12:07:10","date_gmt":"2023-03-10T12:07:10","guid":{"rendered":"https:\/\/uusi.presson.fi\/?page_id=10437"},"modified":"2025-01-10T14:05:07","modified_gmt":"2025-01-10T14:05:07","slug":"micro","status":"publish","type":"page","link":"https:\/\/uusi.presson.fi\/index.php\/kalusteet\/esityskalusteet\/integroitavat\/micro\/","title":{"rendered":"Micro"},"content":{"rendered":"<section class=\"wpb-content-wrapper\"><p>[vc_row gap=&#8221;15&#8243; row_content_width=&#8221;grid&#8221; content_text_aligment=&#8221;left&#8221; css=&#8221;.vc_custom_1492509993885{padding-top: 86px !important;}&#8221;][vc_column offset=&#8221;vc_col-lg-6 vc_col-md-12&#8243;][vc_column_text]<\/p>\n<h1>Micro<\/h1>\n<p>[\/vc_column_text]<div class=\"edgtf-elements-holder edgtf-one-column edgtf-responsive-mode-768 edgtf-one-column-alignment-left\" ><div class=\"edgtf-eh-item \"  data-item-class=\"edgtf-eh-custom-458981\" data-1280-1600=\"0 0 0 0\" data-1024-1280=\"0 0 0 0\" data-768-1024=\"0 1% 0 0\" data-600-768=\"0 0 0 0\" data-480-600=\"0 0 0 0\" data-480=\"0 2% 0 0\">\n\t<div class=\"edgtf-eh-item-inner\">\n\t\t<div class=\"edgtf-eh-item-content edgtf-eh-custom-458981\" style=\"padding: 0 10% 0 0\">\n\t\t\t[vc_empty_space height=&#8221;20px&#8221;][vc_column_text]<\/p>\n<h5>Presson Micro -esityskaluste viimeistelee kokoustilan helppok\u00e4ytt\u00f6iseksi!<\/h5>\n<p>Micro S-2 on kahden k\u00e4ytt\u00f6kaapelin esityskaluste, jossa on kaksi s\u00e4hk\u00f6pistoketta. Kompaktin kokonsa ansiosta se sopii useimpiin p\u00f6yt\u00e4malleihin ja sulautuu helposti p\u00f6yd\u00e4n alle.<\/p>\n<p>Micro S-2 on esityskaluste joka pit\u00e4\u00e4 k\u00e4yt\u00f6n helppona ja p\u00f6yd\u00e4n siistin\u00e4 kun kaapelit palautuvat aina siististi paikoilleen.<\/p>\n<p>Kaluste on pitk\u00e4ik\u00e4inen ja t\u00e4ysin p\u00e4ivitett\u00e4viss\u00e4. Kaapelit toimivat vastapainomekanismilla. Mik\u00e4li tilan- tai kalusteen k\u00e4ytt\u00f6tarve my\u00f6hemmin muuttuu tai k\u00e4ytt\u00f6kaapeli joskus rikkoutuu, pelk\u00e4n k\u00e4ytt\u00f6kaapelin voi vaihtaa tarvitsematta uusia kalusteesta mit\u00e4\u00e4n mekanismia. Kaapelin mekanismin toiminnan varmistamiseksi kalusteessa on k\u00e4ytett\u00e4v\u00e4 valmistajan toimittamia sopivia k\u00e4ytt\u00f6kaapeleita. K\u00e4ytt\u00f6kaapelin voi vaihtaa tarvitsematta uusia kalusteesta mit\u00e4\u00e4n mekanismia.<\/p>\n<p>Kalusteen sis\u00e4ll\u00e4 tekninen tila jossa 5 s\u00e4hk\u00f6pistoketta ja jonka l\u00e4pi kulkee kaapelointireitti kalusteen pohjasta, lattianrajasta p\u00f6yd\u00e4n alapintaan, jolloin p\u00f6yd\u00e4n alle ei j\u00e4\u00e4 n\u00e4kyviin roikkuvia johtoja. Micro S-2 on helppo asentaa p\u00f6yd\u00e4n alle.<\/p>\n<p>P\u00f6yd\u00e4n aukotus p\u00f6yt\u00e4\u00e4n viimeistell\u00e4\u00e4n Micro FRAME -kehyksell\u00e4. Kalusteen mukana tulevan viimeistelykehyksen (Micro FRAME) ulkomitta on 160 x 160mm ja asennusaukko 125 x 125mm (max r3). Viimeistelykehyksen v\u00e4ri musta tai valkoinen. Kehyst\u00e4 on saatavilla my\u00f6s suuremmilla ulkomitoilla (esim. 200x200mm), jotta Micro S-2 kaluste voidaan vaihtaa joidenkin vanhojen p\u00f6ytien luukkujen- tai liit\u00e4nt\u00e4pisteiden tilalle.[\/vc_column_text]\t\t<\/div>\n\t<\/div>\n<\/div><\/div>[vc_empty_space height=&#8221;5px&#8221;][\/vc_column][vc_column offset=&#8221;vc_col-lg-6 vc_col-md-12&#8243;][vc_single_image image=&#8221;12093&#8243; img_size=&#8221;full&#8221; alignment=&#8221;center&#8221;][vc_empty_space height=&#8221;5px&#8221;][\/vc_column][\/vc_row][vc_row gap=&#8221;15&#8243; row_content_width=&#8221;grid&#8221; content_text_aligment=&#8221;left&#8221; css=&#8221;.vc_custom_1492509993885{padding-top: 86px !important;}&#8221;][vc_column offset=&#8221;vc_col-lg-6 vc_col-md-12&#8243;]<div class=\"edgtf-elements-holder edgtf-one-column edgtf-responsive-mode-768 edgtf-one-column-alignment-left\" ><div class=\"edgtf-eh-item \"  data-item-class=\"edgtf-eh-custom-393185\" data-1280-1600=\"0 0 0 0\" data-1024-1280=\"0 0 0 0\" data-768-1024=\"0 1% 0 0\" data-600-768=\"0 0 0 0\" data-480-600=\"0 0 0 0\" data-480=\"0 2% 0 0\">\n\t<div class=\"edgtf-eh-item-inner\">\n\t\t<div class=\"edgtf-eh-item-content edgtf-eh-custom-393185\" style=\"padding: 0 10% 0 0\">\n\t\t\t[vc_column_text]<\/p>\n<h5>ESIMERKKEJ\u00c4<\/h5>\n<p>Kalusteiden vakiov\u00e4rit ovat valkoinen RAL9016, musta RAL9005.<br \/>\nToimitusaika vakiov\u00e4risille kalusteille on normaalisti 3-4 viikkoa ja muille viimeistelyille 4-8 viikkoa tilauksesta. Toimitusaika vahvistetaan aina tilauksen yhteydess\u00e4.[\/vc_column_text]\t\t<\/div>\n\t<\/div>\n<\/div><\/div>[vc_empty_space height=&#8221;10px&#8221;][\/vc_column][vc_column offset=&#8221;vc_col-lg-6 vc_col-md-12&#8243;][vc_column_text]<\/p>\n<h5><strong>MITTAKUVA<\/strong><\/h5>\n<p>[\/vc_column_text][vc_empty_space height=&#8221;30px&#8221;][vc_single_image image=&#8221;12639&#8243; img_size=&#8221;full&#8221;][\/vc_column][\/vc_row][vc_row][vc_column][vc_empty_space height=&#8221;5px&#8221;]<div class=\"edgtf-image-gallery  edgtf-ig-grid-type    \">\n\t<div class=\"edgtf-ig-inner edgtf-ig-grid edgtf-ig-four-columns edgtf-ig-tiny-space\">\n\t\t\t\t\t<div class=\"edgtf-ig-image\">\n\t\t\t\t<div class=\"edgtf-ig-image-inner\">\n\t\t\t\t\t\t\t\t\t\t\t<img loading=\"lazy\" decoding=\"async\" width=\"800\" height=\"800\" src=\"https:\/\/uusi.presson.fi\/wp-content\/uploads\/2024\/10\/20230815_1309381.jpeg\" class=\"attachment-full size-full\" alt=\"Presson Oy Micro S2 - Esityskaluste viimeistely musta tammiviilu p\u00f6yt\u00e4\" srcset=\"https:\/\/uusi.presson.fi\/wp-content\/uploads\/2024\/10\/20230815_1309381.jpeg 800w, https:\/\/uusi.presson.fi\/wp-content\/uploads\/2024\/10\/20230815_1309381-300x300.jpeg 300w, https:\/\/uusi.presson.fi\/wp-content\/uploads\/2024\/10\/20230815_1309381-150x150.jpeg 150w, https:\/\/uusi.presson.fi\/wp-content\/uploads\/2024\/10\/20230815_1309381-768x768.jpeg 768w, https:\/\/uusi.presson.fi\/wp-content\/uploads\/2024\/10\/20230815_1309381-550x550.jpeg 550w, https:\/\/uusi.presson.fi\/wp-content\/uploads\/2024\/10\/20230815_1309381-600x600.jpeg 600w, https:\/\/uusi.presson.fi\/wp-content\/uploads\/2024\/10\/20230815_1309381-100x100.jpeg 100w\" sizes=\"auto, (max-width: 800px) 100vw, 800px\" \/>\t\t\t\t\t\t\t\t\t<\/div>\n\t\t\t\t\t\t\t<\/div>\n\t\t\t\t\t<div class=\"edgtf-ig-image\">\n\t\t\t\t<div class=\"edgtf-ig-image-inner\">\n\t\t\t\t\t\t\t\t\t\t\t<img loading=\"lazy\" decoding=\"async\" width=\"800\" height=\"800\" src=\"https:\/\/uusi.presson.fi\/wp-content\/uploads\/2024\/10\/IMG_8745.jpeg\" class=\"attachment-full size-full\" alt=\"Presson Oy Micro S2 - Esityskaluste viimeistely musta langaton lataus\" srcset=\"https:\/\/uusi.presson.fi\/wp-content\/uploads\/2024\/10\/IMG_8745.jpeg 800w, https:\/\/uusi.presson.fi\/wp-content\/uploads\/2024\/10\/IMG_8745-300x300.jpeg 300w, https:\/\/uusi.presson.fi\/wp-content\/uploads\/2024\/10\/IMG_8745-150x150.jpeg 150w, https:\/\/uusi.presson.fi\/wp-content\/uploads\/2024\/10\/IMG_8745-768x768.jpeg 768w, https:\/\/uusi.presson.fi\/wp-content\/uploads\/2024\/10\/IMG_8745-550x550.jpeg 550w, https:\/\/uusi.presson.fi\/wp-content\/uploads\/2024\/10\/IMG_8745-600x600.jpeg 600w, https:\/\/uusi.presson.fi\/wp-content\/uploads\/2024\/10\/IMG_8745-100x100.jpeg 100w\" sizes=\"auto, (max-width: 800px) 100vw, 800px\" \/>\t\t\t\t\t\t\t\t\t<\/div>\n\t\t\t\t\t\t\t<\/div>\n\t\t\t\t\t<div class=\"edgtf-ig-image\">\n\t\t\t\t<div class=\"edgtf-ig-image-inner\">\n\t\t\t\t\t\t\t\t\t\t\t<img loading=\"lazy\" decoding=\"async\" width=\"800\" height=\"800\" src=\"https:\/\/uusi.presson.fi\/wp-content\/uploads\/2024\/11\/IMG_7574.jpeg\" class=\"attachment-full size-full\" alt=\"Presson Oy Micro S2 - Esityskaluste viimeistely musta\" srcset=\"https:\/\/uusi.presson.fi\/wp-content\/uploads\/2024\/11\/IMG_7574.jpeg 800w, https:\/\/uusi.presson.fi\/wp-content\/uploads\/2024\/11\/IMG_7574-300x300.jpeg 300w, https:\/\/uusi.presson.fi\/wp-content\/uploads\/2024\/11\/IMG_7574-150x150.jpeg 150w, https:\/\/uusi.presson.fi\/wp-content\/uploads\/2024\/11\/IMG_7574-768x768.jpeg 768w, https:\/\/uusi.presson.fi\/wp-content\/uploads\/2024\/11\/IMG_7574-550x550.jpeg 550w, https:\/\/uusi.presson.fi\/wp-content\/uploads\/2024\/11\/IMG_7574-600x600.jpeg 600w, https:\/\/uusi.presson.fi\/wp-content\/uploads\/2024\/11\/IMG_7574-100x100.jpeg 100w\" sizes=\"auto, (max-width: 800px) 100vw, 800px\" \/>\t\t\t\t\t\t\t\t\t<\/div>\n\t\t\t\t\t\t\t<\/div>\n\t\t\t\t\t<div class=\"edgtf-ig-image\">\n\t\t\t\t<div class=\"edgtf-ig-image-inner\">\n\t\t\t\t\t\t\t\t\t\t\t<img loading=\"lazy\" decoding=\"async\" width=\"800\" height=\"800\" src=\"https:\/\/uusi.presson.fi\/wp-content\/uploads\/2024\/11\/IMG_8724.jpeg\" class=\"attachment-full size-full\" alt=\"Presson Oy Micro S2 - Esityskaluste viimeistely musta\" srcset=\"https:\/\/uusi.presson.fi\/wp-content\/uploads\/2024\/11\/IMG_8724.jpeg 800w, https:\/\/uusi.presson.fi\/wp-content\/uploads\/2024\/11\/IMG_8724-300x300.jpeg 300w, https:\/\/uusi.presson.fi\/wp-content\/uploads\/2024\/11\/IMG_8724-150x150.jpeg 150w, https:\/\/uusi.presson.fi\/wp-content\/uploads\/2024\/11\/IMG_8724-768x768.jpeg 768w, https:\/\/uusi.presson.fi\/wp-content\/uploads\/2024\/11\/IMG_8724-550x550.jpeg 550w, https:\/\/uusi.presson.fi\/wp-content\/uploads\/2024\/11\/IMG_8724-600x600.jpeg 600w, https:\/\/uusi.presson.fi\/wp-content\/uploads\/2024\/11\/IMG_8724-100x100.jpeg 100w\" sizes=\"auto, (max-width: 800px) 100vw, 800px\" \/>\t\t\t\t\t\t\t\t\t<\/div>\n\t\t\t\t\t\t\t<\/div>\n\t\t\t<\/div>\n<\/div>[\/vc_column][\/vc_row][vc_row][vc_column][vc_separator][\/vc_column][\/vc_row][vc_row gap=&#8221;15&#8243; row_content_width=&#8221;grid&#8221; css=&#8221;.vc_custom_1682058586467{padding-top: 30px !important;padding-bottom: 20px !important;}&#8221;][vc_column width=&#8221;1\/3&#8243;][vc_column_text]<\/p>\n<h5>MICRO<\/h5>\n<p>[\/vc_column_text]<div class=\"edgtf-elements-holder edgtf-one-column edgtf-responsive-mode-768 edgtf-one-column-alignment-left\" ><div class=\"edgtf-eh-item \"  data-item-class=\"edgtf-eh-custom-248540\" data-1280-1600=\"0 0 0 0\" data-1024-1280=\"0 0 0 0\" data-768-1024=\"0 1% 0 0\" data-600-768=\"0 0 0 0\" data-480-600=\"0 0 0 0\" data-480=\"0 2% 0 0\">\n\t<div class=\"edgtf-eh-item-inner\">\n\t\t<div class=\"edgtf-eh-item-content edgtf-eh-custom-248540\" style=\"padding: 0 10% 0 0\">\n\t\t\t[vc_column_text]<\/p>\n<ul>\n<li>K\u00e4ytt\u00f6kaapelit: 2 kpl<\/li>\n<li>K\u00e4ytt\u00f6kaapelin pituus: 1200 mm<\/li>\n<li>S\u00e4hk\u00f6pistoke: 2 kpl<\/li>\n<li>Virtajohto 1,5m<\/li>\n<li>Teknisess\u00e4 tilassa 5 s\u00e4hk\u00f6pistoketta<br \/>\n(Jos k\u00e4ytt\u00f6kaapeleiksi on valittu s\u00e4hk\u00f6n tarvitsemia lataavia kapeleita, osa pistokkeista voi olla k\u00e4yt\u00f6ss\u00e4)<\/li>\n<li>Sis\u00e4lt\u00e4\u00e4<br \/>\nMicro FRAME 120&#215;120 viimeistelykehyksen<\/li>\n<\/ul>\n<p>[\/vc_column_text]\t\t<\/div>\n\t<\/div>\n<\/div><\/div>[\/vc_column][vc_column width=&#8221;1\/3&#8243;][vc_column_text]<\/p>\n<h5>MITAT<\/h5>\n<p>[\/vc_column_text]<div class=\"edgtf-elements-holder edgtf-one-column edgtf-responsive-mode-768 edgtf-one-column-alignment-left\" ><div class=\"edgtf-eh-item \"  data-item-class=\"edgtf-eh-custom-985562\" data-1280-1600=\"0 0 0 0\" data-1024-1280=\"0 0 0 0\" data-768-1024=\"0 1% 0 0\" data-600-768=\"0 0 0 0\" data-480-600=\"0 0 0 0\" data-480=\"0 2% 0 0\">\n\t<div class=\"edgtf-eh-item-inner\">\n\t\t<div class=\"edgtf-eh-item-content edgtf-eh-custom-985562\" style=\"padding: 0 10% 0 0\">\n\t\t\t[vc_column_text]<\/p>\n<ul>\n<li>Leveys: 126 (runko)<\/li>\n<li>Leveys: 189 mm (kiinnikkeet)<\/li>\n<li>Syvyys: 235 mm<\/li>\n<li>Korkeus 655 mm<\/li>\n<li>Paino: 13kg<\/li>\n<li>Micro FRAME 120&#215;120,<br \/>\naukosta n\u00e4kyv\u00e4 ala 120 x 120mm,<br \/>\nkehyksen ulkomitta 160 x 160mm<\/li>\n<\/ul>\n<p>[\/vc_column_text]\t\t<\/div>\n\t<\/div>\n<\/div><\/div>[\/vc_column][vc_column width=&#8221;1\/6&#8243;][\/vc_column][\/vc_row][vc_row css=&#8221;.vc_custom_1682059797088{padding-top: 1px !important;}&#8221;][vc_column][vc_separator][\/vc_column][\/vc_row][vc_row gap=&#8221;15&#8243; row_content_width=&#8221;grid&#8221; css=&#8221;.vc_custom_1682060543734{padding-top: 30px !important;padding-bottom: 20px !important;}&#8221;][vc_column width=&#8221;1\/3&#8243;][vc_column_text]<\/p>\n<h5>K\u00c4YTT\u00d6KAAPELI VAIHTOEHDOT<\/h5>\n<p>[\/vc_column_text]<div class=\"edgtf-elements-holder edgtf-one-column edgtf-responsive-mode-768 edgtf-one-column-alignment-left\" ><div class=\"edgtf-eh-item \"  data-item-class=\"edgtf-eh-custom-521258\" data-1280-1600=\"0 0 0 0\" data-1024-1280=\"0 0 0 0\" data-768-1024=\"0 1% 0 0\" data-600-768=\"0 0 0 0\" data-480-600=\"0 0 0 0\" data-480=\"0 2% 0 0\">\n\t<div class=\"edgtf-eh-item-inner\">\n\t\t<div class=\"edgtf-eh-item-content edgtf-eh-custom-521258\" style=\"padding: 0 10% 0 0\">\n\t\t\t[vc_column_text]<\/p>\n<ul>\n<li>HDMI ( -HDMI, esityskaapeli *)<\/li>\n<li>USB-C ( All in one: USB-, HDMI-esitys- ja 65W-latauskaapeli *)<\/li>\n<li>USB-C ( -HDMI, esityskaapeli *)<\/li>\n<li>USB-C 65W ( Power Delivery latauskaapeli *)<\/li>\n<li>USB-C ( -USB C, USB 3.2, U-N-kaapeli *)<\/li>\n<li>USB-A ( -USB-A 2.0, U-N, USB-kaapeli *)<\/li>\n<li>Apple Lightning ( -USB-C latauskaapeli *)<\/li>\n<li>RJ45 LAN ( verkkokaapeli *)<\/li>\n<li>3.5mm Audio ( -3.5mm audio -kaapeli *)<\/li>\n<\/ul>\n<p>* Suluissa kaapelin toinen liitin<\/p>\n<p>Listalla yleisimm\u00e4t valitut kaapelivaihtoehdot, jos etsim\u00e4si kaapeli puuttuu listalta, ota yhteytt\u00e4![\/vc_column_text]\t\t<\/div>\n\t<\/div>\n<\/div><\/div>[\/vc_column][vc_column width=&#8221;1\/3&#8243;][vc_column_text]<\/p>\n<h5>LIS\u00c4VARUSTEET<\/h5>\n<p>[\/vc_column_text]<div class=\"edgtf-elements-holder edgtf-one-column edgtf-responsive-mode-768 edgtf-one-column-alignment-left\" ><div class=\"edgtf-eh-item \"  data-item-class=\"edgtf-eh-custom-661747\" data-1280-1600=\"0 0 0 0\" data-1024-1280=\"0 0 0 0\" data-768-1024=\"0 1% 0 0\" data-600-768=\"0 0 0 0\" data-480-600=\"0 0 0 0\" data-480=\"0 2% 0 0\">\n\t<div class=\"edgtf-eh-item-inner\">\n\t\t<div class=\"edgtf-eh-item-content edgtf-eh-custom-661747\" style=\"padding: 0 10% 0 0\">\n\t\t\t[vc_column_text]<\/p>\n<ul>\n<li>Virtajohdon pituus: 1,5m, 3m,\u00a0 5m tai 10m<\/li>\n<li>Lis\u00e4varusteena suuremmalla reunalla oleva viimeistelykehys, Micro FRAME 200&#215;200. Kehyksen aukosta n\u00e4kyv\u00e4 ala 120 x 120mm, kehyksen ulkomitta 200 x 200mm.<\/li>\n<\/ul>\n<p>[\/vc_column_text]\t\t<\/div>\n\t<\/div>\n<\/div><\/div>[\/vc_column][vc_column width=&#8221;1\/6&#8243;][\/vc_column][\/vc_row][vc_row gap=&#8221;15&#8243; row_content_width=&#8221;grid&#8221;][vc_column width=&#8221;1\/3&#8243;][vc_column_text]<\/p>\n<h5>VIIMEISTELY<\/h5>\n<p>[\/vc_column_text]<div class=\"edgtf-elements-holder edgtf-one-column edgtf-responsive-mode-768 edgtf-one-column-alignment-left\" ><div class=\"edgtf-eh-item \"  data-item-class=\"edgtf-eh-custom-616611\" data-1280-1600=\"0 0 0 0\" data-1024-1280=\"0 0 0 0\" data-768-1024=\"0 1% 0 0\" data-600-768=\"0 0 0 0\" data-480-600=\"0 0 0 0\" data-480=\"0 2% 0 0\">\n\t<div class=\"edgtf-eh-item-inner\">\n\t\t<div class=\"edgtf-eh-item-content edgtf-eh-custom-616611\" style=\"padding: 0 10% 0 0\">\n\t\t\t[vc_column_text]Viimeistely:<\/p>\n<ul>\n<li>Kalusteen runko musta RAL9005<\/li>\n<li>Micro FRAME viimeistelykehys musta tai valkoinen.<\/li>\n<\/ul>\n<p>[\/vc_column_text]\t\t<\/div>\n\t<\/div>\n<\/div><\/div>[\/vc_column][vc_column width=&#8221;1\/3&#8243;][vc_column_text]<\/p>\n<h5>ASENNUSTIEDOT<\/h5>\n<p>[\/vc_column_text]<div class=\"edgtf-elements-holder edgtf-one-column edgtf-responsive-mode-768 edgtf-one-column-alignment-left\" ><div class=\"edgtf-eh-item \"  data-item-class=\"edgtf-eh-custom-456384\" data-1280-1600=\"0 0 0 0\" data-1024-1280=\"0 0 0 0\" data-768-1024=\"0 1% 0 0\" data-600-768=\"0 0 0 0\" data-480-600=\"0 0 0 0\" data-480=\"0 2% 0 0\">\n\t<div class=\"edgtf-eh-item-inner\">\n\t\t<div class=\"edgtf-eh-item-content edgtf-eh-custom-456384\" style=\"padding: 0 10% 0 0\">\n\t\t\t[vc_column_text]<\/p>\n<ul>\n<li>P\u00f6yd\u00e4n alle tarvitaan tilaa 189 x 235mm (kalusteen kiinnikkeiden ulkomitta), jonka tehd\u00e4\u00e4n keskelle asennusaukko.<\/li>\n<li>Asennusaukko 125x125mm, max R3<\/li>\n<\/ul>\n<p>[\/vc_column_text]\t\t<\/div>\n\t<\/div>\n<\/div><\/div>[\/vc_column][vc_column width=&#8221;1\/6&#8243;][\/vc_column][\/vc_row][vc_row gap=&#8221;15&#8243; content_placement=&#8221;middle&#8221; row_content_width=&#8221;grid&#8221; content_text_aligment=&#8221;center&#8221; css=&#8221;.vc_custom_1682062570673{padding-top: 20px !important;}&#8221;][vc_column offset=&#8221;vc_col-lg-6 vc_col-md-12&#8243; css=&#8221;.vc_custom_1492510149365{padding-top: 0px !important;padding-bottom: 0px !important;}&#8221;][vc_btn title=&#8221;KYSY LIS\u00c4\u00c4!&#8221; color=&#8221;black&#8221; align=&#8221;left&#8221; link=&#8221;url:https%3A%2F%2Fuusi.presson.fi%2Findex.php%2Fotayhteytta%2F|target:_blank&#8221;][\/vc_column][\/vc_row][vc_row gap=&#8221;15&#8243; content_placement=&#8221;middle&#8221; disable_element=&#8221;yes&#8221; row_content_width=&#8221;grid&#8221; content_text_aligment=&#8221;center&#8221; css=&#8221;.vc_custom_1669883673634{padding-bottom: 47px !important;}&#8221;][vc_column offset=&#8221;vc_col-lg-6 vc_col-md-12&#8243; css=&#8221;.vc_custom_1492510149365{padding-top: 0px !important;padding-bottom: 0px !important;}&#8221;]<div class=\"edgtf-image-gallery  edgtf-ig-grid-type    \">\n\t<div class=\"edgtf-ig-inner edgtf-ig-grid edgtf-ig-two-columns edgtf-ig-big-space\">\n\t\t\t\t\t<div class=\"edgtf-ig-image\">\n\t\t\t\t<div class=\"edgtf-ig-image-inner\">\n\t\t\t\t\t\t\t\t\t\t\t<img loading=\"lazy\" decoding=\"async\" width=\"800\" height=\"800\" src=\"https:\/\/uusi.presson.fi\/wp-content\/uploads\/2017\/04\/p1-gallery-img-1.jpg\" class=\"attachment-full size-full\" alt=\"g\" srcset=\"https:\/\/uusi.presson.fi\/wp-content\/uploads\/2017\/04\/p1-gallery-img-1.jpg 800w, https:\/\/uusi.presson.fi\/wp-content\/uploads\/2017\/04\/p1-gallery-img-1-300x300.jpg 300w, https:\/\/uusi.presson.fi\/wp-content\/uploads\/2017\/04\/p1-gallery-img-1-100x100.jpg 100w, https:\/\/uusi.presson.fi\/wp-content\/uploads\/2017\/04\/p1-gallery-img-1-600x600.jpg 600w, https:\/\/uusi.presson.fi\/wp-content\/uploads\/2017\/04\/p1-gallery-img-1-150x150.jpg 150w, https:\/\/uusi.presson.fi\/wp-content\/uploads\/2017\/04\/p1-gallery-img-1-768x768.jpg 768w, https:\/\/uusi.presson.fi\/wp-content\/uploads\/2017\/04\/p1-gallery-img-1-550x550.jpg 550w\" sizes=\"auto, (max-width: 800px) 100vw, 800px\" \/>\t\t\t\t\t\t\t\t\t<\/div>\n\t\t\t\t\t\t\t<\/div>\n\t\t\t\t\t<div class=\"edgtf-ig-image\">\n\t\t\t\t<div class=\"edgtf-ig-image-inner\">\n\t\t\t\t\t\t\t\t\t\t\t<img loading=\"lazy\" decoding=\"async\" width=\"800\" height=\"800\" src=\"https:\/\/uusi.presson.fi\/wp-content\/uploads\/2017\/04\/p1-gallery-img-2.jpg\" class=\"attachment-full size-full\" alt=\"g\" srcset=\"https:\/\/uusi.presson.fi\/wp-content\/uploads\/2017\/04\/p1-gallery-img-2.jpg 800w, https:\/\/uusi.presson.fi\/wp-content\/uploads\/2017\/04\/p1-gallery-img-2-300x300.jpg 300w, https:\/\/uusi.presson.fi\/wp-content\/uploads\/2017\/04\/p1-gallery-img-2-100x100.jpg 100w, https:\/\/uusi.presson.fi\/wp-content\/uploads\/2017\/04\/p1-gallery-img-2-600x600.jpg 600w, https:\/\/uusi.presson.fi\/wp-content\/uploads\/2017\/04\/p1-gallery-img-2-150x150.jpg 150w, https:\/\/uusi.presson.fi\/wp-content\/uploads\/2017\/04\/p1-gallery-img-2-768x768.jpg 768w, https:\/\/uusi.presson.fi\/wp-content\/uploads\/2017\/04\/p1-gallery-img-2-550x550.jpg 550w\" sizes=\"auto, (max-width: 800px) 100vw, 800px\" \/>\t\t\t\t\t\t\t\t\t<\/div>\n\t\t\t\t\t\t\t<\/div>\n\t\t\t<\/div>\n<\/div>[\/vc_column][vc_column offset=&#8221;vc_col-lg-6 vc_col-md-12&#8243; css=&#8221;.vc_custom_1492510167989{padding-top: 0px !important;padding-bottom: 0px !important;}&#8221;]<div class=\"edgtf-image-gallery  edgtf-ig-grid-type    \">\n\t<div class=\"edgtf-ig-inner edgtf-ig-grid edgtf-ig-two-columns edgtf-ig-big-space\">\n\t\t\t\t\t<div class=\"edgtf-ig-image\">\n\t\t\t\t<div class=\"edgtf-ig-image-inner\">\n\t\t\t\t\t\t\t\t\t\t\t<img loading=\"lazy\" decoding=\"async\" width=\"800\" height=\"800\" src=\"https:\/\/uusi.presson.fi\/wp-content\/uploads\/2017\/04\/p1-gallery-img-3.jpg\" class=\"attachment-full size-full\" alt=\"g\" srcset=\"https:\/\/uusi.presson.fi\/wp-content\/uploads\/2017\/04\/p1-gallery-img-3.jpg 800w, https:\/\/uusi.presson.fi\/wp-content\/uploads\/2017\/04\/p1-gallery-img-3-300x300.jpg 300w, https:\/\/uusi.presson.fi\/wp-content\/uploads\/2017\/04\/p1-gallery-img-3-100x100.jpg 100w, https:\/\/uusi.presson.fi\/wp-content\/uploads\/2017\/04\/p1-gallery-img-3-600x600.jpg 600w, https:\/\/uusi.presson.fi\/wp-content\/uploads\/2017\/04\/p1-gallery-img-3-150x150.jpg 150w, https:\/\/uusi.presson.fi\/wp-content\/uploads\/2017\/04\/p1-gallery-img-3-768x768.jpg 768w, https:\/\/uusi.presson.fi\/wp-content\/uploads\/2017\/04\/p1-gallery-img-3-550x550.jpg 550w\" sizes=\"auto, (max-width: 800px) 100vw, 800px\" \/>\t\t\t\t\t\t\t\t\t<\/div>\n\t\t\t\t\t\t\t<\/div>\n\t\t\t\t\t<div class=\"edgtf-ig-image\">\n\t\t\t\t<div class=\"edgtf-ig-image-inner\">\n\t\t\t\t\t\t\t\t\t\t\t<img loading=\"lazy\" decoding=\"async\" width=\"800\" height=\"800\" src=\"https:\/\/uusi.presson.fi\/wp-content\/uploads\/2017\/04\/p1-gallery-img-4.jpg\" class=\"attachment-full size-full\" alt=\"g\" srcset=\"https:\/\/uusi.presson.fi\/wp-content\/uploads\/2017\/04\/p1-gallery-img-4.jpg 800w, https:\/\/uusi.presson.fi\/wp-content\/uploads\/2017\/04\/p1-gallery-img-4-300x300.jpg 300w, https:\/\/uusi.presson.fi\/wp-content\/uploads\/2017\/04\/p1-gallery-img-4-100x100.jpg 100w, https:\/\/uusi.presson.fi\/wp-content\/uploads\/2017\/04\/p1-gallery-img-4-600x600.jpg 600w, https:\/\/uusi.presson.fi\/wp-content\/uploads\/2017\/04\/p1-gallery-img-4-150x150.jpg 150w, https:\/\/uusi.presson.fi\/wp-content\/uploads\/2017\/04\/p1-gallery-img-4-768x768.jpg 768w, https:\/\/uusi.presson.fi\/wp-content\/uploads\/2017\/04\/p1-gallery-img-4-550x550.jpg 550w\" sizes=\"auto, (max-width: 800px) 100vw, 800px\" \/>\t\t\t\t\t\t\t\t\t<\/div>\n\t\t\t\t\t\t\t<\/div>\n\t\t\t<\/div>\n<\/div>[\/vc_column][\/vc_row][vc_row][vc_column][vc_empty_space height=&#8221;20px&#8221;][\/vc_column][\/vc_row]<\/p>\n<\/section>","protected":false},"excerpt":{"rendered":"<p>[vc_row gap=&#8221;15&#8243; row_content_width=&#8221;grid&#8221; content_text_aligment=&#8221;left&#8221; css=&#8221;.vc_custom_1492509993885{padding-top: 86px !important;}&#8221;][vc_column offset=&#8221;vc_col-lg-6 vc_col-md-12&#8243;][vc_column_text] Micro [\/vc_column_text][vc_empty_space height=&#8221;5px&#8221;][\/vc_column][vc_column offset=&#8221;vc_col-lg-6 vc_col-md-12&#8243;][vc_single_image image=&#8221;12093&#8243; img_size=&#8221;full&#8221; alignment=&#8221;center&#8221;][vc_empty_space height=&#8221;5px&#8221;][\/vc_column][\/vc_row][vc_row gap=&#8221;15&#8243; row_content_width=&#8221;grid&#8221; content_text_aligment=&#8221;left&#8221; css=&#8221;.vc_custom_1492509993885{padding-top: 86px !important;}&#8221;][vc_column offset=&#8221;vc_col-lg-6 vc_col-md-12&#8243;][vc_empty_space height=&#8221;10px&#8221;][\/vc_column][vc_column offset=&#8221;vc_col-lg-6 vc_col-md-12&#8243;][vc_column_text] MITTAKUVA [\/vc_column_text][vc_empty_space height=&#8221;30px&#8221;][vc_single_image image=&#8221;12639&#8243; img_size=&#8221;full&#8221;][\/vc_column][\/vc_row][vc_row][vc_column][vc_empty_space height=&#8221;5px&#8221;][\/vc_column][\/vc_row][vc_row][vc_column][vc_separator][\/vc_column][\/vc_row][vc_row gap=&#8221;15&#8243; row_content_width=&#8221;grid&#8221; css=&#8221;.vc_custom_1682058586467{padding-top: 30px !important;padding-bottom: [&hellip;]<\/p>\n","protected":false},"author":1,"featured_media":0,"parent":10419,"menu_order":0,"comment_status":"closed","ping_status":"closed","template":"full-width.php","meta":{"footnotes":""},"class_list":["post-10437","page","type-page","status-publish","hentry"],"_links":{"self":[{"href":"https:\/\/uusi.presson.fi\/index.php\/wp-json\/wp\/v2\/pages\/10437","targetHints":{"allow":["GET"]}}],"collection":[{"href":"https:\/\/uusi.presson.fi\/index.php\/wp-json\/wp\/v2\/pages"}],"about":[{"href":"https:\/\/uusi.presson.fi\/index.php\/wp-json\/wp\/v2\/types\/page"}],"author":[{"embeddable":true,"href":"https:\/\/uusi.presson.fi\/index.php\/wp-json\/wp\/v2\/users\/1"}],"replies":[{"embeddable":true,"href":"https:\/\/uusi.presson.fi\/index.php\/wp-json\/wp\/v2\/comments?post=10437"}],"version-history":[{"count":52,"href":"https:\/\/uusi.presson.fi\/index.php\/wp-json\/wp\/v2\/pages\/10437\/revisions"}],"predecessor-version":[{"id":12663,"href":"https:\/\/uusi.presson.fi\/index.php\/wp-json\/wp\/v2\/pages\/10437\/revisions\/12663"}],"up":[{"embeddable":true,"href":"https:\/\/uusi.presson.fi\/index.php\/wp-json\/wp\/v2\/pages\/10419"}],"wp:attachment":[{"href":"https:\/\/uusi.presson.fi\/index.php\/wp-json\/wp\/v2\/media?parent=10437"}],"curies":[{"name":"wp","href":"https:\/\/api.w.org\/{rel}","templated":true}]}}