{"id":10189,"date":"2022-11-30T10:14:08","date_gmt":"2022-11-30T10:14:08","guid":{"rendered":"https:\/\/uusi.presson.fi\/?page_id=10189"},"modified":"2024-10-11T10:13:11","modified_gmt":"2024-10-11T10:13:11","slug":"liikuteltavat","status":"publish","type":"page","link":"https:\/\/uusi.presson.fi\/index.php\/kalusteet\/esityskalusteet\/liikuteltavat\/","title":{"rendered":"Liikuteltavat"},"content":{"rendered":"<section class=\"wpb-content-wrapper\"><p>[vc_row disable_element=&#8221;yes&#8221;][vc_column][vc_empty_space height=&#8221;111px&#8221;][\/vc_column][\/vc_row][vc_row gap=&#8221;15&#8243; equal_height=&#8221;yes&#8221; css=&#8221;.vc_custom_1633438146097{padding-top: 45px !important;padding-right: 60px !important;padding-bottom: 45px !important;padding-left: 60px !important;background-color: #f2f2f2 !important;}&#8221;][vc_column width=&#8221;1\/4&#8243; css=&#8221;.vc_custom_1633438323110{padding-bottom: 22px !important;background-color: #ffffff !important;}&#8221;]<div class=\"edgtf-image-with-text-holder   edgtf-image-behavior-custom-link edgtf-iwm-center-align\">\n    <div class=\"edgtf-iwt-image\">\n        \t            <a itemprop=\"url\" href=\"https:\/\/uusi.presson.fi\/index.php\/kalusteet\/esityskalusteet\/liikuteltavat\/moveround\" target=\"_self\">\n                                    <img loading=\"lazy\" decoding=\"async\" width=\"1024\" height=\"1024\" src=\"https:\/\/uusi.presson.fi\/wp-content\/uploads\/2023\/03\/2023_Moveround2-1024x1024.png\" class=\"attachment-large size-large\" alt=\"\" srcset=\"https:\/\/uusi.presson.fi\/wp-content\/uploads\/2023\/03\/2023_Moveround2-1024x1024.png 1024w, https:\/\/uusi.presson.fi\/wp-content\/uploads\/2023\/03\/2023_Moveround2-300x300.png 300w, https:\/\/uusi.presson.fi\/wp-content\/uploads\/2023\/03\/2023_Moveround2-100x100.png 100w, https:\/\/uusi.presson.fi\/wp-content\/uploads\/2023\/03\/2023_Moveround2-600x600.png 600w, https:\/\/uusi.presson.fi\/wp-content\/uploads\/2023\/03\/2023_Moveround2-150x150.png 150w, https:\/\/uusi.presson.fi\/wp-content\/uploads\/2023\/03\/2023_Moveround2-768x768.png 768w, https:\/\/uusi.presson.fi\/wp-content\/uploads\/2023\/03\/2023_Moveround2-1536x1536.png 1536w, https:\/\/uusi.presson.fi\/wp-content\/uploads\/2023\/03\/2023_Moveround2-550x550.png 550w, https:\/\/uusi.presson.fi\/wp-content\/uploads\/2023\/03\/2023_Moveround2-1100x1100.png 1100w, https:\/\/uusi.presson.fi\/wp-content\/uploads\/2023\/03\/2023_Moveround2.png 1600w\" sizes=\"auto, (max-width: 1024px) 100vw, 1024px\" \/>                                <\/a>\n            <\/div>\n    <div class=\"edgtf-iwt-text-holder\">\n                    <h6 class=\"edgtf-iwt-title\" >MoveRound<\/h6>\n        \t\t            <p class=\"edgtf-iwt-text\" >T\u00e4ss\u00e4 voi olla teksti\u00e4kin<\/p>\n        \t\t\t\t\t<a itemprop=\"url\" href=\"https:\/\/uusi.presson.fi\/index.php\/kalusteet\/esityskalusteet\/liikuteltavat\/moveround\" target=\"_self\" style=\"color: #020202\" class=\"edgtf-btn edgtf-btn-medium edgtf-btn-simple edgtf-btn-has-animation edgtf-btn-custom-hover-color edgtf-ib-link edgtf-btn-custom-hover-color\" data-hover-color=\"#333333\" >    <span class=\"edgtf-btn-text\">Lue lis\u00e4\u00e4<\/span>    <\/a>\t\t    <\/div>\n<\/div>[\/vc_column][vc_column width=&#8221;1\/4&#8243; css=&#8221;.vc_custom_1680774051269{padding-bottom: 22px !important;background-color: #ffffff !important;}&#8221;]<div class=\"edgtf-image-with-text-holder   edgtf-image-behavior-custom-link edgtf-iwm-center-align\">\n    <div class=\"edgtf-iwt-image\">\n        \t            <a itemprop=\"url\" href=\"https:\/\/uusi.presson.fi\/index.php\/kalusteet\/esityskalusteet\/liikuteltavat\/move\" target=\"_self\">\n                                    <img loading=\"lazy\" decoding=\"async\" width=\"1024\" height=\"1024\" src=\"https:\/\/uusi.presson.fi\/wp-content\/uploads\/2023\/03\/2023_Move2-1024x1024.png\" class=\"attachment-large size-large\" alt=\"\" srcset=\"https:\/\/uusi.presson.fi\/wp-content\/uploads\/2023\/03\/2023_Move2-1024x1024.png 1024w, https:\/\/uusi.presson.fi\/wp-content\/uploads\/2023\/03\/2023_Move2-300x300.png 300w, https:\/\/uusi.presson.fi\/wp-content\/uploads\/2023\/03\/2023_Move2-100x100.png 100w, https:\/\/uusi.presson.fi\/wp-content\/uploads\/2023\/03\/2023_Move2-600x600.png 600w, https:\/\/uusi.presson.fi\/wp-content\/uploads\/2023\/03\/2023_Move2-150x150.png 150w, https:\/\/uusi.presson.fi\/wp-content\/uploads\/2023\/03\/2023_Move2-768x768.png 768w, https:\/\/uusi.presson.fi\/wp-content\/uploads\/2023\/03\/2023_Move2-1536x1536.png 1536w, https:\/\/uusi.presson.fi\/wp-content\/uploads\/2023\/03\/2023_Move2-550x550.png 550w, https:\/\/uusi.presson.fi\/wp-content\/uploads\/2023\/03\/2023_Move2-1100x1100.png 1100w, https:\/\/uusi.presson.fi\/wp-content\/uploads\/2023\/03\/2023_Move2.png 1600w\" sizes=\"auto, (max-width: 1024px) 100vw, 1024px\" \/>                                <\/a>\n            <\/div>\n    <div class=\"edgtf-iwt-text-holder\">\n                    <h6 class=\"edgtf-iwt-title\" >Move<\/h6>\n        \t\t            <p class=\"edgtf-iwt-text\" >T\u00e4ss\u00e4 voi olla teksti\u00e4kin<\/p>\n        \t\t\t\t\t<a itemprop=\"url\" href=\"https:\/\/uusi.presson.fi\/index.php\/kalusteet\/esityskalusteet\/liikuteltavat\/move\" target=\"_self\" style=\"color: #020202\" class=\"edgtf-btn edgtf-btn-medium edgtf-btn-simple edgtf-btn-has-animation edgtf-btn-custom-hover-color edgtf-ib-link edgtf-btn-custom-hover-color\" data-hover-color=\"#333333\" >    <span class=\"edgtf-btn-text\">Lue lis\u00e4\u00e4<\/span>    <\/a>\t\t    <\/div>\n<\/div>[\/vc_column][vc_column width=&#8221;1\/4&#8243; css=&#8221;.vc_custom_1680774065507{padding-bottom: 22px !important;background-color: #ffffff !important;}&#8221;]<div class=\"edgtf-image-with-text-holder   edgtf-image-behavior-custom-link edgtf-iwm-center-align\">\n    <div class=\"edgtf-iwt-image\">\n        \t            <a itemprop=\"url\" href=\"https:\/\/uusi.presson.fi\/index.php\/kalusteet\/esityskalusteet\/liikuteltavat\/podium\" target=\"_self\">\n                                    <img loading=\"lazy\" decoding=\"async\" width=\"1024\" height=\"1024\" src=\"https:\/\/uusi.presson.fi\/wp-content\/uploads\/2023\/03\/2023_Podium-1024x1024.png\" class=\"attachment-large size-large\" alt=\"\" srcset=\"https:\/\/uusi.presson.fi\/wp-content\/uploads\/2023\/03\/2023_Podium-1024x1024.png 1024w, https:\/\/uusi.presson.fi\/wp-content\/uploads\/2023\/03\/2023_Podium-300x300.png 300w, https:\/\/uusi.presson.fi\/wp-content\/uploads\/2023\/03\/2023_Podium-100x100.png 100w, https:\/\/uusi.presson.fi\/wp-content\/uploads\/2023\/03\/2023_Podium-600x600.png 600w, https:\/\/uusi.presson.fi\/wp-content\/uploads\/2023\/03\/2023_Podium-150x150.png 150w, https:\/\/uusi.presson.fi\/wp-content\/uploads\/2023\/03\/2023_Podium-768x768.png 768w, https:\/\/uusi.presson.fi\/wp-content\/uploads\/2023\/03\/2023_Podium-1536x1536.png 1536w, https:\/\/uusi.presson.fi\/wp-content\/uploads\/2023\/03\/2023_Podium-550x550.png 550w, https:\/\/uusi.presson.fi\/wp-content\/uploads\/2023\/03\/2023_Podium-1100x1100.png 1100w, https:\/\/uusi.presson.fi\/wp-content\/uploads\/2023\/03\/2023_Podium.png 1600w\" sizes=\"auto, (max-width: 1024px) 100vw, 1024px\" \/>                                <\/a>\n            <\/div>\n    <div class=\"edgtf-iwt-text-holder\">\n                    <h6 class=\"edgtf-iwt-title\" >PODIUM<\/h6>\n        \t\t            <p class=\"edgtf-iwt-text\" >T\u00e4ss\u00e4 voi olla teksti\u00e4kin<\/p>\n        \t\t\t\t\t<a itemprop=\"url\" href=\"https:\/\/uusi.presson.fi\/index.php\/kalusteet\/esityskalusteet\/liikuteltavat\/podium\" target=\"_self\" style=\"color: #020202\" class=\"edgtf-btn edgtf-btn-medium edgtf-btn-simple edgtf-btn-has-animation edgtf-btn-custom-hover-color edgtf-ib-link edgtf-btn-custom-hover-color\" data-hover-color=\"#333333\" >    <span class=\"edgtf-btn-text\">Lue lis\u00e4\u00e4<\/span>    <\/a>\t\t    <\/div>\n<\/div>[\/vc_column][vc_column width=&#8221;1\/4&#8243; css=&#8221;.vc_custom_1680773877347{padding-bottom: 22px !important;background-color: #ffffff !important;}&#8221;]<div class=\"edgtf-image-with-text-holder   edgtf-image-behavior-custom-link edgtf-iwm-center-align\">\n    <div class=\"edgtf-iwt-image\">\n        \t            <a itemprop=\"url\" href=\"https:\/\/uusi.presson.fi\/index.php\/kalusteet\/esityskalusteet\/liikuteltavat\/podium-plus\" target=\"_self\">\n                                    <img loading=\"lazy\" decoding=\"async\" width=\"1024\" height=\"1024\" src=\"https:\/\/uusi.presson.fi\/wp-content\/uploads\/2023\/04\/2023_Podium-Plus-1024x1024.png\" class=\"attachment-large size-large\" alt=\"\" srcset=\"https:\/\/uusi.presson.fi\/wp-content\/uploads\/2023\/04\/2023_Podium-Plus-1024x1024.png 1024w, https:\/\/uusi.presson.fi\/wp-content\/uploads\/2023\/04\/2023_Podium-Plus-300x300.png 300w, https:\/\/uusi.presson.fi\/wp-content\/uploads\/2023\/04\/2023_Podium-Plus-100x100.png 100w, https:\/\/uusi.presson.fi\/wp-content\/uploads\/2023\/04\/2023_Podium-Plus-600x600.png 600w, https:\/\/uusi.presson.fi\/wp-content\/uploads\/2023\/04\/2023_Podium-Plus-150x150.png 150w, https:\/\/uusi.presson.fi\/wp-content\/uploads\/2023\/04\/2023_Podium-Plus-768x768.png 768w, https:\/\/uusi.presson.fi\/wp-content\/uploads\/2023\/04\/2023_Podium-Plus-1536x1536.png 1536w, https:\/\/uusi.presson.fi\/wp-content\/uploads\/2023\/04\/2023_Podium-Plus-550x550.png 550w, https:\/\/uusi.presson.fi\/wp-content\/uploads\/2023\/04\/2023_Podium-Plus-1100x1100.png 1100w, https:\/\/uusi.presson.fi\/wp-content\/uploads\/2023\/04\/2023_Podium-Plus.png 1600w\" sizes=\"auto, (max-width: 1024px) 100vw, 1024px\" \/>                                <\/a>\n            <\/div>\n    <div class=\"edgtf-iwt-text-holder\">\n                    <h6 class=\"edgtf-iwt-title\" >PODIUM PLUS<\/h6>\n        \t\t            <p class=\"edgtf-iwt-text\" >T\u00e4ss\u00e4 voi olla teksti\u00e4kin<\/p>\n        \t\t\t\t\t<a itemprop=\"url\" href=\"https:\/\/uusi.presson.fi\/index.php\/kalusteet\/esityskalusteet\/liikuteltavat\/podium-plus\" target=\"_self\" style=\"color: #020202\" class=\"edgtf-btn edgtf-btn-medium edgtf-btn-simple edgtf-btn-has-animation edgtf-btn-custom-hover-color edgtf-ib-link edgtf-btn-custom-hover-color\" data-hover-color=\"#333333\" >    <span class=\"edgtf-btn-text\">Lue lis\u00e4\u00e4<\/span>    <\/a>\t\t    <\/div>\n<\/div>[\/vc_column][vc_column width=&#8221;1\/4&#8243; css=&#8221;.vc_custom_1680773902623{padding-bottom: 22px !important;background-color: #ffffff !important;}&#8221;]<div class=\"edgtf-image-with-text-holder   edgtf-image-behavior-custom-link edgtf-iwm-center-align\">\n    <div class=\"edgtf-iwt-image\">\n        \t            <a itemprop=\"url\" href=\"https:\/\/uusi.presson.fi\/index.php\/kalusteet\/esityskalusteet\/liikuteltavat\/presentation-avrack\/\" target=\"_self\">\n                                    <img loading=\"lazy\" decoding=\"async\" width=\"1024\" height=\"1024\" src=\"https:\/\/uusi.presson.fi\/wp-content\/uploads\/2023\/03\/2023_Presentation_AVRACK-1024x1024.png\" class=\"attachment-large size-large\" alt=\"\" srcset=\"https:\/\/uusi.presson.fi\/wp-content\/uploads\/2023\/03\/2023_Presentation_AVRACK-1024x1024.png 1024w, https:\/\/uusi.presson.fi\/wp-content\/uploads\/2023\/03\/2023_Presentation_AVRACK-300x300.png 300w, https:\/\/uusi.presson.fi\/wp-content\/uploads\/2023\/03\/2023_Presentation_AVRACK-100x100.png 100w, https:\/\/uusi.presson.fi\/wp-content\/uploads\/2023\/03\/2023_Presentation_AVRACK-600x600.png 600w, https:\/\/uusi.presson.fi\/wp-content\/uploads\/2023\/03\/2023_Presentation_AVRACK-150x150.png 150w, https:\/\/uusi.presson.fi\/wp-content\/uploads\/2023\/03\/2023_Presentation_AVRACK-768x768.png 768w, https:\/\/uusi.presson.fi\/wp-content\/uploads\/2023\/03\/2023_Presentation_AVRACK-1536x1536.png 1536w, https:\/\/uusi.presson.fi\/wp-content\/uploads\/2023\/03\/2023_Presentation_AVRACK-550x550.png 550w, https:\/\/uusi.presson.fi\/wp-content\/uploads\/2023\/03\/2023_Presentation_AVRACK-1100x1100.png 1100w, https:\/\/uusi.presson.fi\/wp-content\/uploads\/2023\/03\/2023_Presentation_AVRACK.png 1600w\" sizes=\"auto, (max-width: 1024px) 100vw, 1024px\" \/>                                <\/a>\n            <\/div>\n    <div class=\"edgtf-iwt-text-holder\">\n                    <h6 class=\"edgtf-iwt-title\" >Presentation AV-Rack<\/h6>\n        \t\t            <p class=\"edgtf-iwt-text\" >T\u00e4ss\u00e4 voi olla teksti\u00e4kin<\/p>\n        \t\t\t\t\t<a itemprop=\"url\" href=\"https:\/\/uusi.presson.fi\/index.php\/kalusteet\/esityskalusteet\/liikuteltavat\/presentation-avrack\/\" target=\"_self\" style=\"color: #020202\" class=\"edgtf-btn edgtf-btn-medium edgtf-btn-simple edgtf-btn-has-animation edgtf-btn-custom-hover-color edgtf-ib-link edgtf-btn-custom-hover-color\" data-hover-color=\"#333333\" >    <span class=\"edgtf-btn-text\">Lue lis\u00e4\u00e4<\/span>    <\/a>\t\t    <\/div>\n<\/div>[\/vc_column][vc_column width=&#8221;1\/4&#8243;][\/vc_column][vc_column width=&#8221;1\/4&#8243;][\/vc_column][vc_column width=&#8221;1\/4&#8243;][\/vc_column][\/vc_row][vc_row gap=&#8221;15&#8243; disable_element=&#8221;yes&#8221; row_content_width=&#8221;grid&#8221; content_text_aligment=&#8221;left&#8221; css=&#8221;.vc_custom_1633437757972{padding-top: 86px !important;}&#8221;][vc_column offset=&#8221;vc_col-lg-6 vc_col-md-12&#8243;][vc_column_text]<\/p>\n<h3>KALUSTE<\/h3>\n<p>[\/vc_column_text][vc_empty_space height=&#8221;10px&#8221;]<div class=\"edgtf-elements-holder edgtf-one-column edgtf-responsive-mode-768 edgtf-one-column-alignment-left\" ><div class=\"edgtf-eh-item \"  data-item-class=\"edgtf-eh-custom-753347\" data-1280-1600=\"0 0 0 0\" data-1024-1280=\"0 0 0 0\" data-768-1024=\"0 1% 0 0\" data-600-768=\"0 0 0 0\" data-480-600=\"0 0 0 0\" data-480=\"0 2% 0 0\">\n\t<div class=\"edgtf-eh-item-inner\">\n\t\t<div class=\"edgtf-eh-item-content edgtf-eh-custom-753347\" style=\"padding: 0 10% 0 0\">\n\t\t\t[vc_column_text]Sed ut perspiciatis unde omnis iste natus error sit totam voluptatem accusantium doloremque laudantium, totam rem aperiam, eaque ipsa quae ab illo inventore.<\/p>\n<p><strong>TEKNISET TIEDOT:<\/strong><br \/>\n\u2022 Sed ut perspiciatis unde omnis iste<\/p>\n<p>\u2022 Sed ut perspiciatis unde omnis iste<\/p>\n<p>\u2022 Sed ut perspiciatis unde omnis iste<\/p>\n<p>\u2022 Sed ut perspiciatis unde omnis iste<\/p>\n<p>\u2022 Sed ut perspiciatis unde omnis iste[\/vc_column_text][vc_empty_space height=&#8221;20px&#8221;]\t\t<\/div>\n\t<\/div>\n<\/div><\/div>[vc_empty_space height=&#8221;50px&#8221;][\/vc_column][vc_column offset=&#8221;vc_col-lg-6 vc_col-md-12&#8243;][vc_single_image image=&#8221;7877&#8243; img_size=&#8221;full&#8221; alignment=&#8221;center&#8221;][vc_empty_space height=&#8221;30px&#8221;][\/vc_column][\/vc_row][vc_row gap=&#8221;15&#8243; content_placement=&#8221;middle&#8221; disable_element=&#8221;yes&#8221; row_content_width=&#8221;grid&#8221; content_text_aligment=&#8221;center&#8221; css=&#8221;.vc_custom_1633437763421{padding-bottom: 47px !important;}&#8221;][vc_column offset=&#8221;vc_col-lg-6 vc_col-md-12&#8243; css=&#8221;.vc_custom_1492510149365{padding-top: 0px !important;padding-bottom: 0px !important;}&#8221;]<div class=\"edgtf-image-gallery  edgtf-ig-grid-type    \">\n\t<div class=\"edgtf-ig-inner edgtf-ig-grid edgtf-ig-two-columns edgtf-ig-big-space\">\n\t\t\t\t\t<div class=\"edgtf-ig-image\">\n\t\t\t\t<div class=\"edgtf-ig-image-inner\">\n\t\t\t\t\t\t\t\t\t\t\t<img loading=\"lazy\" decoding=\"async\" width=\"800\" height=\"800\" src=\"https:\/\/uusi.presson.fi\/wp-content\/uploads\/2017\/04\/p1-gallery-img-1.jpg\" class=\"attachment-full size-full\" alt=\"g\" srcset=\"https:\/\/uusi.presson.fi\/wp-content\/uploads\/2017\/04\/p1-gallery-img-1.jpg 800w, https:\/\/uusi.presson.fi\/wp-content\/uploads\/2017\/04\/p1-gallery-img-1-300x300.jpg 300w, https:\/\/uusi.presson.fi\/wp-content\/uploads\/2017\/04\/p1-gallery-img-1-100x100.jpg 100w, https:\/\/uusi.presson.fi\/wp-content\/uploads\/2017\/04\/p1-gallery-img-1-600x600.jpg 600w, https:\/\/uusi.presson.fi\/wp-content\/uploads\/2017\/04\/p1-gallery-img-1-150x150.jpg 150w, https:\/\/uusi.presson.fi\/wp-content\/uploads\/2017\/04\/p1-gallery-img-1-768x768.jpg 768w, https:\/\/uusi.presson.fi\/wp-content\/uploads\/2017\/04\/p1-gallery-img-1-550x550.jpg 550w\" sizes=\"auto, (max-width: 800px) 100vw, 800px\" \/>\t\t\t\t\t\t\t\t\t<\/div>\n\t\t\t\t\t\t\t<\/div>\n\t\t\t\t\t<div class=\"edgtf-ig-image\">\n\t\t\t\t<div class=\"edgtf-ig-image-inner\">\n\t\t\t\t\t\t\t\t\t\t\t<img loading=\"lazy\" decoding=\"async\" width=\"800\" height=\"800\" src=\"https:\/\/uusi.presson.fi\/wp-content\/uploads\/2017\/04\/p1-gallery-img-2.jpg\" class=\"attachment-full size-full\" alt=\"g\" srcset=\"https:\/\/uusi.presson.fi\/wp-content\/uploads\/2017\/04\/p1-gallery-img-2.jpg 800w, https:\/\/uusi.presson.fi\/wp-content\/uploads\/2017\/04\/p1-gallery-img-2-300x300.jpg 300w, https:\/\/uusi.presson.fi\/wp-content\/uploads\/2017\/04\/p1-gallery-img-2-100x100.jpg 100w, https:\/\/uusi.presson.fi\/wp-content\/uploads\/2017\/04\/p1-gallery-img-2-600x600.jpg 600w, https:\/\/uusi.presson.fi\/wp-content\/uploads\/2017\/04\/p1-gallery-img-2-150x150.jpg 150w, https:\/\/uusi.presson.fi\/wp-content\/uploads\/2017\/04\/p1-gallery-img-2-768x768.jpg 768w, https:\/\/uusi.presson.fi\/wp-content\/uploads\/2017\/04\/p1-gallery-img-2-550x550.jpg 550w\" sizes=\"auto, (max-width: 800px) 100vw, 800px\" \/>\t\t\t\t\t\t\t\t\t<\/div>\n\t\t\t\t\t\t\t<\/div>\n\t\t\t<\/div>\n<\/div>[\/vc_column][vc_column offset=&#8221;vc_col-lg-6 vc_col-md-12&#8243; css=&#8221;.vc_custom_1492510167989{padding-top: 0px !important;padding-bottom: 0px !important;}&#8221;]<div class=\"edgtf-image-gallery  edgtf-ig-grid-type    \">\n\t<div class=\"edgtf-ig-inner edgtf-ig-grid edgtf-ig-two-columns edgtf-ig-big-space\">\n\t\t\t\t\t<div class=\"edgtf-ig-image\">\n\t\t\t\t<div class=\"edgtf-ig-image-inner\">\n\t\t\t\t\t\t\t\t\t\t\t<img loading=\"lazy\" decoding=\"async\" width=\"800\" height=\"800\" src=\"https:\/\/uusi.presson.fi\/wp-content\/uploads\/2017\/04\/p1-gallery-img-3.jpg\" class=\"attachment-full size-full\" alt=\"g\" srcset=\"https:\/\/uusi.presson.fi\/wp-content\/uploads\/2017\/04\/p1-gallery-img-3.jpg 800w, https:\/\/uusi.presson.fi\/wp-content\/uploads\/2017\/04\/p1-gallery-img-3-300x300.jpg 300w, https:\/\/uusi.presson.fi\/wp-content\/uploads\/2017\/04\/p1-gallery-img-3-100x100.jpg 100w, https:\/\/uusi.presson.fi\/wp-content\/uploads\/2017\/04\/p1-gallery-img-3-600x600.jpg 600w, https:\/\/uusi.presson.fi\/wp-content\/uploads\/2017\/04\/p1-gallery-img-3-150x150.jpg 150w, https:\/\/uusi.presson.fi\/wp-content\/uploads\/2017\/04\/p1-gallery-img-3-768x768.jpg 768w, https:\/\/uusi.presson.fi\/wp-content\/uploads\/2017\/04\/p1-gallery-img-3-550x550.jpg 550w\" sizes=\"auto, (max-width: 800px) 100vw, 800px\" \/>\t\t\t\t\t\t\t\t\t<\/div>\n\t\t\t\t\t\t\t<\/div>\n\t\t\t\t\t<div class=\"edgtf-ig-image\">\n\t\t\t\t<div class=\"edgtf-ig-image-inner\">\n\t\t\t\t\t\t\t\t\t\t\t<img loading=\"lazy\" decoding=\"async\" width=\"800\" height=\"800\" src=\"https:\/\/uusi.presson.fi\/wp-content\/uploads\/2017\/04\/p1-gallery-img-4.jpg\" class=\"attachment-full size-full\" alt=\"g\" srcset=\"https:\/\/uusi.presson.fi\/wp-content\/uploads\/2017\/04\/p1-gallery-img-4.jpg 800w, https:\/\/uusi.presson.fi\/wp-content\/uploads\/2017\/04\/p1-gallery-img-4-300x300.jpg 300w, https:\/\/uusi.presson.fi\/wp-content\/uploads\/2017\/04\/p1-gallery-img-4-100x100.jpg 100w, https:\/\/uusi.presson.fi\/wp-content\/uploads\/2017\/04\/p1-gallery-img-4-600x600.jpg 600w, https:\/\/uusi.presson.fi\/wp-content\/uploads\/2017\/04\/p1-gallery-img-4-150x150.jpg 150w, https:\/\/uusi.presson.fi\/wp-content\/uploads\/2017\/04\/p1-gallery-img-4-768x768.jpg 768w, https:\/\/uusi.presson.fi\/wp-content\/uploads\/2017\/04\/p1-gallery-img-4-550x550.jpg 550w\" sizes=\"auto, (max-width: 800px) 100vw, 800px\" \/>\t\t\t\t\t\t\t\t\t<\/div>\n\t\t\t\t\t\t\t<\/div>\n\t\t\t<\/div>\n<\/div>[\/vc_column][\/vc_row][vc_row][vc_column][\/vc_column][\/vc_row]<\/p>\n<\/section>","protected":false},"excerpt":{"rendered":"<p>[vc_row disable_element=&#8221;yes&#8221;][vc_column][vc_empty_space height=&#8221;111px&#8221;][\/vc_column][\/vc_row][vc_row gap=&#8221;15&#8243; equal_height=&#8221;yes&#8221; css=&#8221;.vc_custom_1633438146097{padding-top: 45px !important;padding-right: 60px !important;padding-bottom: 45px !important;padding-left: 60px !important;background-color: #f2f2f2 !important;}&#8221;][vc_column width=&#8221;1\/4&#8243; css=&#8221;.vc_custom_1633438323110{padding-bottom: 22px !important;background-color: #ffffff !important;}&#8221;][\/vc_column][vc_column width=&#8221;1\/4&#8243; css=&#8221;.vc_custom_1680774051269{padding-bottom: 22px !important;background-color: #ffffff !important;}&#8221;][\/vc_column][vc_column width=&#8221;1\/4&#8243; css=&#8221;.vc_custom_1680774065507{padding-bottom: 22px !important;background-color: #ffffff !important;}&#8221;][\/vc_column][vc_column width=&#8221;1\/4&#8243; css=&#8221;.vc_custom_1680773877347{padding-bottom: 22px !important;background-color: #ffffff !important;}&#8221;][\/vc_column][vc_column [&hellip;]<\/p>\n","protected":false},"author":1,"featured_media":0,"parent":10151,"menu_order":0,"comment_status":"closed","ping_status":"closed","template":"full-width.php","meta":{"footnotes":""},"class_list":["post-10189","page","type-page","status-publish","hentry"],"_links":{"self":[{"href":"https:\/\/uusi.presson.fi\/index.php\/wp-json\/wp\/v2\/pages\/10189","targetHints":{"allow":["GET"]}}],"collection":[{"href":"https:\/\/uusi.presson.fi\/index.php\/wp-json\/wp\/v2\/pages"}],"about":[{"href":"https:\/\/uusi.presson.fi\/index.php\/wp-json\/wp\/v2\/types\/page"}],"author":[{"embeddable":true,"href":"https:\/\/uusi.presson.fi\/index.php\/wp-json\/wp\/v2\/users\/1"}],"replies":[{"embeddable":true,"href":"https:\/\/uusi.presson.fi\/index.php\/wp-json\/wp\/v2\/comments?post=10189"}],"version-history":[{"count":25,"href":"https:\/\/uusi.presson.fi\/index.php\/wp-json\/wp\/v2\/pages\/10189\/revisions"}],"predecessor-version":[{"id":12260,"href":"https:\/\/uusi.presson.fi\/index.php\/wp-json\/wp\/v2\/pages\/10189\/revisions\/12260"}],"up":[{"embeddable":true,"href":"https:\/\/uusi.presson.fi\/index.php\/wp-json\/wp\/v2\/pages\/10151"}],"wp:attachment":[{"href":"https:\/\/uusi.presson.fi\/index.php\/wp-json\/wp\/v2\/media?parent=10189"}],"curies":[{"name":"wp","href":"https:\/\/api.w.org\/{rel}","templated":true}]}}