{"id":10151,"date":"2021-10-05T12:55:18","date_gmt":"2021-10-05T12:55:18","guid":{"rendered":"https:\/\/uusi.presson.fi\/?page_id=10151"},"modified":"2025-03-20T12:00:44","modified_gmt":"2025-03-20T12:00:44","slug":"esityskalusteet","status":"publish","type":"page","link":"https:\/\/uusi.presson.fi\/index.php\/kalusteet\/esityskalusteet\/","title":{"rendered":"Esityskalusteet"},"content":{"rendered":"<section class=\"wpb-content-wrapper\"><p>[vc_row disable_element=&#8221;yes&#8221;][vc_column][vc_empty_space height=&#8221;111px&#8221;][\/vc_column][\/vc_row][vc_row gap=&#8221;15&#8243; equal_height=&#8221;yes&#8221; css=&#8221;.vc_custom_1633438146097{padding-top: 45px !important;padding-right: 60px !important;padding-bottom: 45px !important;padding-left: 60px !important;background-color: #f2f2f2 !important;}&#8221;][vc_column width=&#8221;1\/4&#8243; css=&#8221;.vc_custom_1742472032256{padding-bottom: 22px !important;}&#8221;][\/vc_column][vc_column width=&#8221;1\/4&#8243; css=&#8221;.vc_custom_1633438381061{padding-bottom: 22px !important;background-color: #ffffff !important;}&#8221;]<div class=\"edgtf-image-with-text-holder   edgtf-image-behavior-custom-link edgtf-iwm-center-align\">\n    <div class=\"edgtf-iwt-image\">\n        \t            <a itemprop=\"url\" href=\"https:\/\/uusi.presson.fi\/index.php\/kalusteet\/esityskalusteet\/integroitavat\/\" target=\"_self\">\n                                    <img loading=\"lazy\" decoding=\"async\" width=\"1024\" height=\"1024\" src=\"https:\/\/uusi.presson.fi\/wp-content\/uploads\/2023\/03\/2023_integroitavat2-1024x1024.png\" class=\"attachment-large size-large\" alt=\"\" srcset=\"https:\/\/uusi.presson.fi\/wp-content\/uploads\/2023\/03\/2023_integroitavat2-1024x1024.png 1024w, https:\/\/uusi.presson.fi\/wp-content\/uploads\/2023\/03\/2023_integroitavat2-300x300.png 300w, https:\/\/uusi.presson.fi\/wp-content\/uploads\/2023\/03\/2023_integroitavat2-100x100.png 100w, https:\/\/uusi.presson.fi\/wp-content\/uploads\/2023\/03\/2023_integroitavat2-600x600.png 600w, https:\/\/uusi.presson.fi\/wp-content\/uploads\/2023\/03\/2023_integroitavat2-150x150.png 150w, https:\/\/uusi.presson.fi\/wp-content\/uploads\/2023\/03\/2023_integroitavat2-768x768.png 768w, https:\/\/uusi.presson.fi\/wp-content\/uploads\/2023\/03\/2023_integroitavat2-1536x1536.png 1536w, https:\/\/uusi.presson.fi\/wp-content\/uploads\/2023\/03\/2023_integroitavat2-550x550.png 550w, https:\/\/uusi.presson.fi\/wp-content\/uploads\/2023\/03\/2023_integroitavat2-1100x1100.png 1100w, https:\/\/uusi.presson.fi\/wp-content\/uploads\/2023\/03\/2023_integroitavat2.png 1600w\" sizes=\"auto, (max-width: 1024px) 100vw, 1024px\" \/>                                <\/a>\n            <\/div>\n    <div class=\"edgtf-iwt-text-holder\">\n                    <h6 class=\"edgtf-iwt-title\" >INTEGROITAVAT<\/h6>\n        \t\t            <p class=\"edgtf-iwt-text\" >Viimeistele kokoustilan helppok\u00e4ytt\u00f6isyys ja siisteys neuvottelup\u00f6yt\u00e4\u00e4n integroitavilla Interface-, Slim- tai Micro -esityskalusteilla. T\u00e4\u00e4lt\u00e4 l\u00f6yd\u00e4t my\u00f6s esityskalusteiden asennuksen viimeistelev\u00e4t Lid-p\u00f6yt\u00e4luukut ja Frame-viimeistelykehykset.<\/p>\n        \t\t\t\t\t<a itemprop=\"url\" href=\"https:\/\/uusi.presson.fi\/index.php\/kalusteet\/esityskalusteet\/integroitavat\/\" target=\"_self\" style=\"color: #020202\" class=\"edgtf-btn edgtf-btn-medium edgtf-btn-simple edgtf-btn-has-animation edgtf-btn-custom-hover-color edgtf-ib-link edgtf-btn-custom-hover-color\" data-hover-color=\"#333333\" >    <span class=\"edgtf-btn-text\">Lue lis\u00e4\u00e4<\/span>    <\/a>\t\t    <\/div>\n<\/div>[\/vc_column][vc_column width=&#8221;1\/4&#8243; css=&#8221;.vc_custom_1742471905513{padding-bottom: 22px !important;background-color: #ffffff !important;}&#8221;]<div class=\"edgtf-image-with-text-holder   edgtf-image-behavior-custom-link edgtf-iwm-center-align\">\n    <div class=\"edgtf-iwt-image\">\n        \t            <a itemprop=\"url\" href=\"https:\/\/uusi.presson.fi\/index.php\/kalusteet\/esityskalusteet\/liikuteltavat\" target=\"_self\">\n                                    <img loading=\"lazy\" decoding=\"async\" width=\"1024\" height=\"1024\" src=\"https:\/\/uusi.presson.fi\/wp-content\/uploads\/2023\/03\/2023_Podium-1024x1024.png\" class=\"attachment-large size-large\" alt=\"\" srcset=\"https:\/\/uusi.presson.fi\/wp-content\/uploads\/2023\/03\/2023_Podium-1024x1024.png 1024w, https:\/\/uusi.presson.fi\/wp-content\/uploads\/2023\/03\/2023_Podium-300x300.png 300w, https:\/\/uusi.presson.fi\/wp-content\/uploads\/2023\/03\/2023_Podium-100x100.png 100w, https:\/\/uusi.presson.fi\/wp-content\/uploads\/2023\/03\/2023_Podium-600x600.png 600w, https:\/\/uusi.presson.fi\/wp-content\/uploads\/2023\/03\/2023_Podium-150x150.png 150w, https:\/\/uusi.presson.fi\/wp-content\/uploads\/2023\/03\/2023_Podium-768x768.png 768w, https:\/\/uusi.presson.fi\/wp-content\/uploads\/2023\/03\/2023_Podium-1536x1536.png 1536w, https:\/\/uusi.presson.fi\/wp-content\/uploads\/2023\/03\/2023_Podium-550x550.png 550w, https:\/\/uusi.presson.fi\/wp-content\/uploads\/2023\/03\/2023_Podium-1100x1100.png 1100w, https:\/\/uusi.presson.fi\/wp-content\/uploads\/2023\/03\/2023_Podium.png 1600w\" sizes=\"auto, (max-width: 1024px) 100vw, 1024px\" \/>                                <\/a>\n            <\/div>\n    <div class=\"edgtf-iwt-text-holder\">\n                    <h6 class=\"edgtf-iwt-title\" >LIIKUTELTAVAT<\/h6>\n        \t\t            <p class=\"edgtf-iwt-text\" >Modulaariset esityskalusteet monimuotoisiin tiloihin. Yhdenmukainen, helppok\u00e4ytt\u00f6inen ja liikuteltava esityskaluste sopii t\u00e4ydellisesti muunneltavan kokoustilan esitysratkaisuksi. Podiumin, Moven, MoveRoundin ja Presentation AV-rackin l\u00f6yd\u00e4t t\u00e4\u00e4lt\u00e4.<\/p>\n        \t\t\t\t\t<a itemprop=\"url\" href=\"https:\/\/uusi.presson.fi\/index.php\/kalusteet\/esityskalusteet\/liikuteltavat\" target=\"_self\" style=\"color: #020202\" class=\"edgtf-btn edgtf-btn-medium edgtf-btn-simple edgtf-btn-has-animation edgtf-btn-custom-hover-color edgtf-ib-link edgtf-btn-custom-hover-color\" data-hover-color=\"#333333\" >    <span class=\"edgtf-btn-text\">Lue lis\u00e4\u00e4<\/span>    <\/a>\t\t    <\/div>\n<\/div>[\/vc_column][vc_column width=&#8221;1\/4&#8243;][\/vc_column][vc_column offset=&#8221;vc_hidden-lg vc_hidden-md vc_hidden-sm vc_hidden-xs&#8221;]<div class=\"edgtf-image-with-text-holder   edgtf-image-behavior-custom-link edgtf-iwm-center-align\">\n    <div class=\"edgtf-iwt-image\">\n        \t            <a itemprop=\"url\" href=\"https:\/\/uusi.presson.fi\/index.php\/kalusteet\/esityskalusteet\/poydat\/\" target=\"_self\">\n                                    <img loading=\"lazy\" decoding=\"async\" width=\"1024\" height=\"1024\" src=\"https:\/\/uusi.presson.fi\/wp-content\/uploads\/2023\/03\/2023_CoffeeTable-1024x1024.png\" class=\"attachment-large size-large\" alt=\"\" srcset=\"https:\/\/uusi.presson.fi\/wp-content\/uploads\/2023\/03\/2023_CoffeeTable-1024x1024.png 1024w, https:\/\/uusi.presson.fi\/wp-content\/uploads\/2023\/03\/2023_CoffeeTable-300x300.png 300w, https:\/\/uusi.presson.fi\/wp-content\/uploads\/2023\/03\/2023_CoffeeTable-100x100.png 100w, https:\/\/uusi.presson.fi\/wp-content\/uploads\/2023\/03\/2023_CoffeeTable-600x600.png 600w, https:\/\/uusi.presson.fi\/wp-content\/uploads\/2023\/03\/2023_CoffeeTable-150x150.png 150w, https:\/\/uusi.presson.fi\/wp-content\/uploads\/2023\/03\/2023_CoffeeTable-768x768.png 768w, https:\/\/uusi.presson.fi\/wp-content\/uploads\/2023\/03\/2023_CoffeeTable-1536x1536.png 1536w, https:\/\/uusi.presson.fi\/wp-content\/uploads\/2023\/03\/2023_CoffeeTable-550x550.png 550w, https:\/\/uusi.presson.fi\/wp-content\/uploads\/2023\/03\/2023_CoffeeTable-1100x1100.png 1100w, https:\/\/uusi.presson.fi\/wp-content\/uploads\/2023\/03\/2023_CoffeeTable.png 1600w\" sizes=\"auto, (max-width: 1024px) 100vw, 1024px\" \/>                                <\/a>\n            <\/div>\n    <div class=\"edgtf-iwt-text-holder\">\n                    <h6 class=\"edgtf-iwt-title\" >Presson p\u00f6yt\u00e4mallisto<\/h6>\n        \t\t            <p class=\"edgtf-iwt-text\" >Malliston p\u00f6yd\u00e4t on suunniteltu tiettyj\u00e4 k\u00e4ytt\u00f6tarkoituksia varten. Mallisto sis\u00e4lt\u00e4\u00e4 p\u00f6yti\u00e4 perinteisiin kokous- ja neuvottelutiloihin, ratkaisuja muunneltaviin tiloihin sek\u00e4 skaalautuvia p\u00f6yt\u00e4kalusteita vuorovaikutus- ja ryhm\u00e4ty\u00f6 tiloihin. Presson p\u00f6ydiss\u00e4 tekniikka, s\u00e4hk\u00f6t, lataus- ja esityskaapelit yhdistetty kokonaisuudeksi jossa tilan toimivuus on pyritty optimoimaan.<\/p>\n        \t\t\t\t\t<a itemprop=\"url\" href=\"https:\/\/uusi.presson.fi\/index.php\/kalusteet\/esityskalusteet\/poydat\/\" target=\"_self\" style=\"color: #020202\" class=\"edgtf-btn edgtf-btn-medium edgtf-btn-simple edgtf-btn-has-animation edgtf-btn-custom-hover-color edgtf-ib-link edgtf-btn-custom-hover-color\" data-hover-color=\"#333333\" >    <span class=\"edgtf-btn-text\">Lue lis\u00e4\u00e4<\/span>    <\/a>\t\t    <\/div>\n<\/div>[\/vc_column][\/vc_row][vc_row gap=&#8221;15&#8243; disable_element=&#8221;yes&#8221; row_content_width=&#8221;grid&#8221; content_text_aligment=&#8221;left&#8221; css=&#8221;.vc_custom_1633437757972{padding-top: 86px !important;}&#8221;][vc_column offset=&#8221;vc_col-lg-6 vc_col-md-12&#8243;][vc_column_text]<\/p>\n<h3>KALUSTE<\/h3>\n<p>[\/vc_column_text][vc_empty_space height=&#8221;10px&#8221;]<div class=\"edgtf-elements-holder edgtf-one-column edgtf-responsive-mode-768 edgtf-one-column-alignment-left\" ><div class=\"edgtf-eh-item \"  data-item-class=\"edgtf-eh-custom-641188\" data-1280-1600=\"0 0 0 0\" data-1024-1280=\"0 0 0 0\" data-768-1024=\"0 1% 0 0\" data-600-768=\"0 0 0 0\" data-480-600=\"0 0 0 0\" data-480=\"0 2% 0 0\">\n\t<div class=\"edgtf-eh-item-inner\">\n\t\t<div class=\"edgtf-eh-item-content edgtf-eh-custom-641188\" style=\"padding: 0 10% 0 0\">\n\t\t\t[vc_column_text]Sed ut perspiciatis unde omnis iste natus error sit totam voluptatem accusantium doloremque laudantium, totam rem aperiam, eaque ipsa quae ab illo inventore.<\/p>\n<p><strong>TEKNISET TIEDOT:<\/strong><br \/>\n\u2022 Sed ut perspiciatis unde omnis iste<\/p>\n<p>\u2022 Sed ut perspiciatis unde omnis iste<\/p>\n<p>\u2022 Sed ut perspiciatis unde omnis iste<\/p>\n<p>\u2022 Sed ut perspiciatis unde omnis iste<\/p>\n<p>\u2022 Sed ut perspiciatis unde omnis iste[\/vc_column_text][vc_empty_space height=&#8221;20px&#8221;]\t\t<\/div>\n\t<\/div>\n<\/div><\/div>[vc_empty_space height=&#8221;50px&#8221;][\/vc_column][vc_column offset=&#8221;vc_col-lg-6 vc_col-md-12&#8243;][vc_single_image image=&#8221;7877&#8243; img_size=&#8221;full&#8221; alignment=&#8221;center&#8221;][vc_empty_space height=&#8221;30px&#8221;][\/vc_column][\/vc_row][vc_row gap=&#8221;15&#8243; content_placement=&#8221;middle&#8221; disable_element=&#8221;yes&#8221; row_content_width=&#8221;grid&#8221; content_text_aligment=&#8221;center&#8221; css=&#8221;.vc_custom_1633437763421{padding-bottom: 47px !important;}&#8221;][vc_column offset=&#8221;vc_col-lg-6 vc_col-md-12&#8243; css=&#8221;.vc_custom_1492510149365{padding-top: 0px !important;padding-bottom: 0px !important;}&#8221;]<div class=\"edgtf-image-gallery  edgtf-ig-grid-type    \">\n\t<div class=\"edgtf-ig-inner edgtf-ig-grid edgtf-ig-two-columns edgtf-ig-big-space\">\n\t\t\t\t\t<div class=\"edgtf-ig-image\">\n\t\t\t\t<div class=\"edgtf-ig-image-inner\">\n\t\t\t\t\t\t\t\t\t\t\t<img loading=\"lazy\" decoding=\"async\" width=\"800\" height=\"800\" src=\"https:\/\/uusi.presson.fi\/wp-content\/uploads\/2017\/04\/p1-gallery-img-1.jpg\" class=\"attachment-full size-full\" alt=\"g\" srcset=\"https:\/\/uusi.presson.fi\/wp-content\/uploads\/2017\/04\/p1-gallery-img-1.jpg 800w, https:\/\/uusi.presson.fi\/wp-content\/uploads\/2017\/04\/p1-gallery-img-1-300x300.jpg 300w, https:\/\/uusi.presson.fi\/wp-content\/uploads\/2017\/04\/p1-gallery-img-1-100x100.jpg 100w, https:\/\/uusi.presson.fi\/wp-content\/uploads\/2017\/04\/p1-gallery-img-1-600x600.jpg 600w, https:\/\/uusi.presson.fi\/wp-content\/uploads\/2017\/04\/p1-gallery-img-1-150x150.jpg 150w, https:\/\/uusi.presson.fi\/wp-content\/uploads\/2017\/04\/p1-gallery-img-1-768x768.jpg 768w, https:\/\/uusi.presson.fi\/wp-content\/uploads\/2017\/04\/p1-gallery-img-1-550x550.jpg 550w\" sizes=\"auto, (max-width: 800px) 100vw, 800px\" \/>\t\t\t\t\t\t\t\t\t<\/div>\n\t\t\t\t\t\t\t<\/div>\n\t\t\t\t\t<div class=\"edgtf-ig-image\">\n\t\t\t\t<div class=\"edgtf-ig-image-inner\">\n\t\t\t\t\t\t\t\t\t\t\t<img loading=\"lazy\" decoding=\"async\" width=\"800\" height=\"800\" src=\"https:\/\/uusi.presson.fi\/wp-content\/uploads\/2017\/04\/p1-gallery-img-2.jpg\" class=\"attachment-full size-full\" alt=\"g\" srcset=\"https:\/\/uusi.presson.fi\/wp-content\/uploads\/2017\/04\/p1-gallery-img-2.jpg 800w, https:\/\/uusi.presson.fi\/wp-content\/uploads\/2017\/04\/p1-gallery-img-2-300x300.jpg 300w, https:\/\/uusi.presson.fi\/wp-content\/uploads\/2017\/04\/p1-gallery-img-2-100x100.jpg 100w, https:\/\/uusi.presson.fi\/wp-content\/uploads\/2017\/04\/p1-gallery-img-2-600x600.jpg 600w, https:\/\/uusi.presson.fi\/wp-content\/uploads\/2017\/04\/p1-gallery-img-2-150x150.jpg 150w, https:\/\/uusi.presson.fi\/wp-content\/uploads\/2017\/04\/p1-gallery-img-2-768x768.jpg 768w, https:\/\/uusi.presson.fi\/wp-content\/uploads\/2017\/04\/p1-gallery-img-2-550x550.jpg 550w\" sizes=\"auto, (max-width: 800px) 100vw, 800px\" \/>\t\t\t\t\t\t\t\t\t<\/div>\n\t\t\t\t\t\t\t<\/div>\n\t\t\t<\/div>\n<\/div>[\/vc_column][vc_column offset=&#8221;vc_col-lg-6 vc_col-md-12&#8243; css=&#8221;.vc_custom_1492510167989{padding-top: 0px !important;padding-bottom: 0px !important;}&#8221;]<div class=\"edgtf-image-gallery  edgtf-ig-grid-type    \">\n\t<div class=\"edgtf-ig-inner edgtf-ig-grid edgtf-ig-two-columns edgtf-ig-big-space\">\n\t\t\t\t\t<div class=\"edgtf-ig-image\">\n\t\t\t\t<div class=\"edgtf-ig-image-inner\">\n\t\t\t\t\t\t\t\t\t\t\t<img loading=\"lazy\" decoding=\"async\" width=\"800\" height=\"800\" src=\"https:\/\/uusi.presson.fi\/wp-content\/uploads\/2017\/04\/p1-gallery-img-3.jpg\" class=\"attachment-full size-full\" alt=\"g\" srcset=\"https:\/\/uusi.presson.fi\/wp-content\/uploads\/2017\/04\/p1-gallery-img-3.jpg 800w, https:\/\/uusi.presson.fi\/wp-content\/uploads\/2017\/04\/p1-gallery-img-3-300x300.jpg 300w, https:\/\/uusi.presson.fi\/wp-content\/uploads\/2017\/04\/p1-gallery-img-3-100x100.jpg 100w, https:\/\/uusi.presson.fi\/wp-content\/uploads\/2017\/04\/p1-gallery-img-3-600x600.jpg 600w, https:\/\/uusi.presson.fi\/wp-content\/uploads\/2017\/04\/p1-gallery-img-3-150x150.jpg 150w, https:\/\/uusi.presson.fi\/wp-content\/uploads\/2017\/04\/p1-gallery-img-3-768x768.jpg 768w, https:\/\/uusi.presson.fi\/wp-content\/uploads\/2017\/04\/p1-gallery-img-3-550x550.jpg 550w\" sizes=\"auto, (max-width: 800px) 100vw, 800px\" \/>\t\t\t\t\t\t\t\t\t<\/div>\n\t\t\t\t\t\t\t<\/div>\n\t\t\t\t\t<div class=\"edgtf-ig-image\">\n\t\t\t\t<div class=\"edgtf-ig-image-inner\">\n\t\t\t\t\t\t\t\t\t\t\t<img loading=\"lazy\" decoding=\"async\" width=\"800\" height=\"800\" src=\"https:\/\/uusi.presson.fi\/wp-content\/uploads\/2017\/04\/p1-gallery-img-4.jpg\" class=\"attachment-full size-full\" alt=\"g\" srcset=\"https:\/\/uusi.presson.fi\/wp-content\/uploads\/2017\/04\/p1-gallery-img-4.jpg 800w, https:\/\/uusi.presson.fi\/wp-content\/uploads\/2017\/04\/p1-gallery-img-4-300x300.jpg 300w, https:\/\/uusi.presson.fi\/wp-content\/uploads\/2017\/04\/p1-gallery-img-4-100x100.jpg 100w, https:\/\/uusi.presson.fi\/wp-content\/uploads\/2017\/04\/p1-gallery-img-4-600x600.jpg 600w, https:\/\/uusi.presson.fi\/wp-content\/uploads\/2017\/04\/p1-gallery-img-4-150x150.jpg 150w, https:\/\/uusi.presson.fi\/wp-content\/uploads\/2017\/04\/p1-gallery-img-4-768x768.jpg 768w, https:\/\/uusi.presson.fi\/wp-content\/uploads\/2017\/04\/p1-gallery-img-4-550x550.jpg 550w\" sizes=\"auto, (max-width: 800px) 100vw, 800px\" \/>\t\t\t\t\t\t\t\t\t<\/div>\n\t\t\t\t\t\t\t<\/div>\n\t\t\t<\/div>\n<\/div>[\/vc_column][\/vc_row][vc_row][vc_column][\/vc_column][\/vc_row]<\/p>\n<\/section>","protected":false},"excerpt":{"rendered":"<p>[vc_row disable_element=&#8221;yes&#8221;][vc_column][vc_empty_space height=&#8221;111px&#8221;][\/vc_column][\/vc_row][vc_row gap=&#8221;15&#8243; equal_height=&#8221;yes&#8221; css=&#8221;.vc_custom_1633438146097{padding-top: 45px !important;padding-right: 60px !important;padding-bottom: 45px !important;padding-left: 60px !important;background-color: #f2f2f2 !important;}&#8221;][vc_column width=&#8221;1\/4&#8243; css=&#8221;.vc_custom_1742472032256{padding-bottom: 22px !important;}&#8221;][\/vc_column][vc_column width=&#8221;1\/4&#8243; css=&#8221;.vc_custom_1633438381061{padding-bottom: 22px !important;background-color: #ffffff !important;}&#8221;][\/vc_column][vc_column width=&#8221;1\/4&#8243; css=&#8221;.vc_custom_1742471905513{padding-bottom: 22px !important;background-color: #ffffff !important;}&#8221;][\/vc_column][vc_column width=&#8221;1\/4&#8243;][\/vc_column][vc_column offset=&#8221;vc_hidden-lg vc_hidden-md vc_hidden-sm vc_hidden-xs&#8221;][\/vc_column][\/vc_row][vc_row gap=&#8221;15&#8243; disable_element=&#8221;yes&#8221; row_content_width=&#8221;grid&#8221; [&hellip;]<\/p>\n","protected":false},"author":1,"featured_media":0,"parent":9245,"menu_order":0,"comment_status":"closed","ping_status":"closed","template":"full-width.php","meta":{"footnotes":""},"class_list":["post-10151","page","type-page","status-publish","hentry"],"_links":{"self":[{"href":"https:\/\/uusi.presson.fi\/index.php\/wp-json\/wp\/v2\/pages\/10151","targetHints":{"allow":["GET"]}}],"collection":[{"href":"https:\/\/uusi.presson.fi\/index.php\/wp-json\/wp\/v2\/pages"}],"about":[{"href":"https:\/\/uusi.presson.fi\/index.php\/wp-json\/wp\/v2\/types\/page"}],"author":[{"embeddable":true,"href":"https:\/\/uusi.presson.fi\/index.php\/wp-json\/wp\/v2\/users\/1"}],"replies":[{"embeddable":true,"href":"https:\/\/uusi.presson.fi\/index.php\/wp-json\/wp\/v2\/comments?post=10151"}],"version-history":[{"count":58,"href":"https:\/\/uusi.presson.fi\/index.php\/wp-json\/wp\/v2\/pages\/10151\/revisions"}],"predecessor-version":[{"id":12855,"href":"https:\/\/uusi.presson.fi\/index.php\/wp-json\/wp\/v2\/pages\/10151\/revisions\/12855"}],"up":[{"embeddable":true,"href":"https:\/\/uusi.presson.fi\/index.php\/wp-json\/wp\/v2\/pages\/9245"}],"wp:attachment":[{"href":"https:\/\/uusi.presson.fi\/index.php\/wp-json\/wp\/v2\/media?parent=10151"}],"curies":[{"name":"wp","href":"https:\/\/api.w.org\/{rel}","templated":true}]}}